{"id":1759,"date":"2022-03-02T17:53:27","date_gmt":"2022-03-02T16:53:27","guid":{"rendered":"http:\/\/hammamarab.com\/politica-de-privacidad\/"},"modified":"2022-03-03T12:05:37","modified_gmt":"2022-03-03T11:05:37","slug":"politica-de-privacidad","status":"publish","type":"page","link":"https:\/\/hammamarab.com\/ca\/politica-de-privacidad\/","title":{"rendered":"Pol\u00edtica de Privadesa"},"content":{"rendered":"<h2 class=\"wp-block-heading\">POL\u00cdTICA DE PRIVACITAT DEL LLOC WEB<\/h2><h4 class=\"wp-block-heading\">http:\/\/hammamarab.com\/<\/h4><h3 class=\"wp-block-heading\">I. POL\u00cdTICA DE PRIVACITAT I PROTECCI\u00d3 DE DADES<\/h3><p>Respectant el que estableix la legislaci\u00f3 vigent, Hammam Zineb (d&#039;ara endavant, tamb\u00e9 Lloc Web) es compromet a adoptar les mesures t\u00e8cniques i organitzatives necess\u00e0ries, segons el nivell de seguretat adequat al risc de les dades recollides.<\/p><h4 class=\"wp-block-heading\">Lleis que incorpora aquesta pol\u00edtica de privadesa<\/h4><p>Aquesta pol\u00edtica de privadesa est\u00e0 adaptada a la normativa espanyola i europea vigent en mat\u00e8ria de protecci\u00f3 de dades personals a internet. En concret, aquesta respecta les normes seg\u00fcents:<\/p><ul class=\"wp-block-list\"><li>El Reglament (UE) 2016\/679 del Parlament Europeu i del Consell, de 27 d&#039;abril del 2016, relatiu a la protecci\u00f3 de les persones f\u00edsiques pel que fa al tractament de dades personals ia la lliure circulaci\u00f3 d&#039;aquestes dades (RGPD).<\/li><li>La Llei Org\u00e0nica 3\/2018, del 5 de desembre, de Protecci\u00f3 de Dades Personals i garantia dels drets digitals (LOPD-GDD).<\/li><li>El Reial decret 1720\/2007, de 21 de desembre, pel qual saprova el Reglament de desplegament de la Llei Org\u00e0nica 15\/1999, de 13 de desembre, de Protecci\u00f3 de Dades de Car\u00e0cter Personal (RDLOPD).<\/li><li>La Llei 34\/2002, de 11 de juliol, de Serveis de la Societat de la Informaci\u00f3 i de Comer\u00e7 Electr\u00f2nic (LSSI-CE).<\/li><\/ul><h4 class=\"wp-block-heading\">Identitat del responsable del tractament de les dades personals<\/h4><p>El responsable del tractament de les dades personals recollides a Hammam Zineb \u00e9s: Zineb Laaiili, amb NIF: Y3729315V (d&#039;ara endavant, Responsable del tractament). Les vostres dades de contacte s\u00f3n les seg\u00fcents:<\/p><p>Adre\u00e7a: Nord, 6, La Pobla de Massaluca 43783, Tarragona, Espanya<\/p><p>Tel\u00e8fon de contacte: +34 622 362 702<\/p><p>Email de contacte: info@hammamarab.com<\/p><h4 class=\"wp-block-heading\">Registre de Dades de Car\u00e0cter Personal<\/h4><p>En compliment del que estableixen el RGPD i la LOPD-GDD, us informem que les dades personals recollides per Hammam Zineb, mitjan\u00e7ant els formularis estesos a les seves p\u00e0gines quedaran incorporats i seran tractats al nostre fitxer per tal de poder facilitar, agilitzar i complir les compromisos establerts entre Hammam Zineb i l&#039;Usuari o el manteniment de la relaci\u00f3 que s&#039;estableixi als formularis que aquest empleni, o per atendre&#039;n una sol\u00b7licitud o consulta. Aix\u00ed mateix, de conformitat amb el que preveu el RGPD i la LOPD-GDD, llevat que sigui aplicable l&#039;excepci\u00f3 prevista a l&#039;article 30.5 del RGPD, es mant\u00e9 un registre d&#039;activitats de tractament que especifica, segons les seves finalitats, les activitats de tractament dutes a terme i les altres circumst\u00e0ncies establertes al RGPD.<\/p><h4 class=\"wp-block-heading\">Principis aplicables al tractament de les dades personals<\/h4><p>El tractament de les dades personals de l&#039;Usuari se sotmetr\u00e0 als seg\u00fcents principis recollits a l&#039;article 5 del RGPD ia l&#039;article 4 i seg\u00fcents de la Llei Org\u00e0nica 3\/2018, de 5 de desembre, de Protecci\u00f3 de Dades Personals i garantia dels drets digitals:<\/p><ul class=\"wp-block-list\"><li>Principi de licitud, lleialtat i transpar\u00e8ncia: es requerir\u00e0 en tot moment el consentiment de l&#039;Usuari pr\u00e8via informaci\u00f3 completament transparent de les finalitats per a les quals es recullen les dades personals.<\/li><li>Principi de limitaci\u00f3 de la finalitat: les dades personals seran recollides amb fins determinats, expl\u00edcits i leg\u00edtims.<\/li><li>Principi de minimitzaci\u00f3 de dades: les dades personals recollides seran \u00fanicament les estrictament necess\u00e0ries en relaci\u00f3 amb les finalitats per a les quals s\u00f3n tractades.<\/li><li>Principi d&#039;exactitud: les dades personals han de ser exactes i estar sempre actualitzades.<\/li><li>Principi de limitaci\u00f3 del termini de conservaci\u00f3: les dades personals nom\u00e9s seran mantingudes de manera que es permeti la identificaci\u00f3 de l&#039;Usuari durant el temps necessari per als fins del tractament.<\/li><li>Principi d&#039;integritat i confidencialitat: les dades personals seran tractades de manera que se&#039;n garanteixi la seguretat i la confidencialitat.<\/li><li>Principi de responsabilitat proactiva: el responsable del tractament ser\u00e0 responsable dassegurar que els principis anteriors es compleixen.<\/li><\/ul><h4 class=\"wp-block-heading\">Categories de dades personals<\/h4><p>Les categories de dades que es tracten a Hammam Zineb s\u00f3n \u00fanicament dades identificatives. En cap cas, no es tracten categories especials de dades personals en el sentit de l&#039;article 9 del RGPD.<\/p><h4 class=\"wp-block-heading\">Base legal per al tractament de les dades personals<\/h4><p>La base legal per al tractament de les dades personals \u00e9s el consentiment. Hammam Zineb es compromet a demanar el consentiment expr\u00e9s i verificable de l&#039;Usuari per al tractament de les seves dades personals per a un o diversos fins espec\u00edfics.<\/p><p>L&#039;Usuari tindr\u00e0 dret a retirar el consentiment en qualsevol moment. Ser\u00e0 tan f\u00e0cil retirar el consentiment com donar-ho. Com a regla general, la retirada del consentiment no condicionar\u00e0 l\u00fas del Lloc Web.<\/p><p>En les ocasions en qu\u00e8 l&#039;Usuari hagi de o pugui facilitar les seves dades a trav\u00e9s de formularis per fer consultes, sol\u00b7licitar informaci\u00f3 o per motius relacionats amb el contingut del Lloc Web, se us informar\u00e0 en cas que l&#039;emplenament d&#039;algun d&#039;ells sigui obligat\u00f2ria pel fet que aquests siguin imprescindibles per al desenvolupament correcte de l&#039;operaci\u00f3 realitzada.<\/p><h4 class=\"wp-block-heading\">Fins del tractament a qu\u00e8 es destinen les dades personals<\/h4><p>Les dades personals s\u00f3n recollides i gestionades per Hammam Zineb amb la finalitat de poder facilitar, agilitzar i complir els compromisos establerts entre el Lloc Web i l&#039;Usuari o el manteniment de la relaci\u00f3 que s&#039;estableixi als formularis que aquest \u00faltim empleni o per atendre una sol\u00b7licitud o consulta.<\/p><p>Igualment, les dades podran ser utilitzades amb una finalitat comercial de personalitzaci\u00f3, operativa i estad\u00edstica, i activitats pr\u00f2pies de l&#039;objecte social de Hammam Zineb, aix\u00ed com per a l&#039;extracci\u00f3, emmagatzematge de dades i estudis de m\u00e0rqueting per adequar el contingut ofert a l&#039;usuari, aix\u00ed com millorar la qualitat, funcionament i navegaci\u00f3 pel Lloc Web.<\/p><p>En el moment en qu\u00e8 s&#039;obtinguin les dades personals, s&#039;informar\u00e0 l&#039;Usuari sobre la finalitat o les finalitats espec\u00edfiques del tractament a qu\u00e8 es destinaran les dades personals; \u00e9s a dir, de l\u00fas o usos que es donar\u00e0 a la informaci\u00f3 recopilada.<\/p><h4 class=\"wp-block-heading\">Per\u00edodes de retenci\u00f3 de les dades personals<\/h4><p>Les dades personals nom\u00e9s seran retingudes durant el temps m\u00ednim necessari per als fins del seu tractament o fins que l&#039;Usuari sol\u00b7licite la supressi\u00f3.<\/p><h4 class=\"wp-block-heading\">Destinataris de les dades personals<\/h4><p>Les dades personals de l&#039;usuari no seran compartides amb tercers.<\/p><p>En qualsevol cas, en el moment en qu\u00e8 s&#039;obtinguin les dades personals, s&#039;informar\u00e0 l&#039;usuari sobre els destinataris o les categories de destinataris de les dades personals.<\/p><h4 class=\"wp-block-heading\">Dades personals de menors d&#039;edat<\/h4><p>Respectant all\u00f2 establert als articles 8 del RGPD i 7 de la Llei Org\u00e0nica 3\/2018, de 5 de desembre, de Protecci\u00f3 de Dades Personals i garantia dels drets digitals, nom\u00e9s els majors de 14 anys podran atorgar el seu consentiment per al tractament de les vostres dades personals de forma l\u00edcita per Hammam Zineb. Si es tracta d&#039;un menor de 14 anys, caldr\u00e0 el consentiment dels pares o tutors per al tractament, i aquest nom\u00e9s es considerar\u00e0 l\u00edcit en la mesura que aquests ho hagin autoritzat.<\/p><h4 class=\"wp-block-heading\">Secret i seguretat de les dades personals<\/h4><p>Hammam Zineb es compromet a adoptar les mesures t\u00e8cniques i organitzatives necess\u00e0ries, segons el nivell de seguretat adequat al risc de les dades recollides, de manera que es garanteixi la seguretat de les dades de car\u00e0cter personal i s&#039;eviti la destrucci\u00f3, p\u00e8rdua o alteraci\u00f3 accidental o il\u00b7l\u00edcita de dades personals transmeses, conservades o tractades d&#039;una altra manera, o la comunicaci\u00f3 o acc\u00e9s no autoritzats a les dades esmentades.<\/p><p>El Lloc Web compta amb un certificat SSL (Secure Socket Layer), que assegura que les dades personals es transmeten de forma segura i confidencial, en ser la transmissi\u00f3 de les dades entre el servidor i l&#039;Usuari, i en retroalimentaci\u00f3, totalment xifrada o encriptada .<\/p><p>No obstant aix\u00f2, pel fet que Hammam Zineb no pot garantir la inexpugnabilitat d&#039;internet ni l&#039;abs\u00e8ncia total de hackers o altres que accedeixin de manera fraudulent a les dades personals, el Responsable del tractament es compromet a comunicar a l&#039;Usuari sense dilaci\u00f3 indeguda quan es produeixi una violaci\u00f3 de la seguretat de les dades personals que sigui probable que comporti un alt risc per als drets i les llibertats de les persones f\u00edsiques. Seguint el que estableix l&#039;article 4 del RGPD, s&#039;ent\u00e9n per violaci\u00f3 de la seguretat de les dades personals tota violaci\u00f3 de la seguretat que ocasioni la destrucci\u00f3, p\u00e8rdua o alteraci\u00f3 accidental o il\u00b7l\u00edcita de dades personals transmeses, conservades o tractades d&#039;una altra manera, o la comunicaci\u00f3 o acc\u00e9s no autoritzats a les dades esmentades.<\/p><p>Les dades personals seran tractades com a confidencials pel Responsable del tractament, qui es compromet a informar de ia garantir per mitj\u00e0 d&#039;una obligaci\u00f3 legal o contractual que aquesta confidencialitat sigui respectada pels seus empleats, associats, i tota persona a la qual li faci accessible la informaci\u00f3.<\/p><h4 class=\"wp-block-heading\">Drets derivats del tractament de les dades personals<\/h4><p>L&#039;Usuari t\u00e9 sobre Hammam Zineb i podr\u00e0, per tant, exercir davant del Responsable del tractament els seg\u00fcents drets reconeguts al RGPD i la Llei Org\u00e0nica 3\/2018, de 5 de desembre, de Protecci\u00f3 de Dades Personals i garantia dels drets digitals:<\/p><ul class=\"wp-block-list\"><li><em>Dret d&#039;acc\u00e9s:<\/em>&nbsp;\u00c9s el dret de l&#039;Usuari a obtenir confirmaci\u00f3 de si Hammam Zineb est\u00e0 tractant o no les seves dades personals i, en cas afirmatiu, obtenir informaci\u00f3 sobre les dades concretes de car\u00e0cter personal i del tractament que Hammam Zineb hagi realitzat o realitzi, aix\u00ed com, entre una altra, de la informaci\u00f3 disponible sobre l&#039;origen d&#039;aquestes dades i els destinataris de les comunicacions realitzades o previstes.<\/li><li><em>Dret de rectificaci\u00f3:<\/em>&nbsp;\u00c9s el dret de l&#039;Usuari que es modifiquin les seves dades personals que resultin ser inexactes o, tenint en compte les finalitats del tractament, incompletes.<\/li><li><em>Dret de supressi\u00f3 (\u00abel dret a l&#039;oblit\u00bb):<\/em>&nbsp;\u00c9s el dret de l&#039;Usuari, sempre que la legislaci\u00f3 vigent no estableixi el contrari, a obtenir la supressi\u00f3 de les seves dades personals quan aquestes ja no siguin necess\u00e0ries per a les finalitats per a les quals van ser recollides o tractades; l&#039;Usuari hagi retirat el seu consentiment al tractament i aquest no tingui una altra base legal; l&#039;Usuari s&#039;oposi al tractament i no hi hagi cap altre motiu leg\u00edtim per continuar amb aquest; les dades personals hagin estat tractades il\u00b7l\u00edcitament; les dades personals s&#039;han de suprimir en compliment d&#039;una obligaci\u00f3 legal; o les dades personals hagin estat obtingudes producte duna oferta directa de serveis de la societat de la informaci\u00f3 a un menor de 14 anys. A m\u00e9s de suprimir les dades, el Responsable del tractament, tenint en compte la tecnologia disponible i el cost de la seva aplicaci\u00f3, haur\u00e0 d&#039;adoptar mesures raonables per informar els responsables que estiguin tractant les dades personals de la sol\u00b7licitud de l&#039;interessat de supressi\u00f3 de qualsevol enlla\u00e7 a aquestes dades personals.<\/li><li><em>Dret a la limitaci\u00f3 del tractament:<\/em>&nbsp;\u00c9s el dret de l&#039;Usuari a limitar el tractament de les vostres dades personals. L&#039;Usuari t\u00e9 dret a obtenir la limitaci\u00f3 del tractament quan impugni l&#039;exactitud de les dades personals; el tractament sigui il\u00b7l\u00edcit; el Responsable del tractament ja no necessiti les dades personals, per\u00f2 l&#039;usuari ho necessiti per fer reclamacions; i quan l&#039;usuari s&#039;hagi oposat al tractament.<\/li><li><em>Dret a la portabilitat de les dades:<\/em>&nbsp;En cas que el tractament s&#039;efectu\u00ef per mitjans automatitzats, l&#039;Usuari tindr\u00e0 dret a rebre del Responsable del tractament les dades personals en un format estructurat, d&#039;\u00fas com\u00fa i lectura mec\u00e0nica, ia transmetre&#039;ls a un altre responsable del tractament. Sempre que sigui t\u00e8cnicament possible, el responsable del tractament transmetr\u00e0 directament les dades a aquest altre responsable.<\/li><li><em>Dret d&#039;oposici\u00f3:<\/em>&nbsp;\u00c9s el dret de l&#039;Usuari que no es dugui a terme el tractament de les seves dades de car\u00e0cter personal o se&#039;n cessi el tractament per part de Hammam Zineb.<\/li><li><em>Dret a no ser objecte d&#039;una decisi\u00f3 basada \u00fanicament en el tractament automatitzat, inclosa l&#039;elaboraci\u00f3 de perfils:<\/em>&nbsp;\u00c9s el dret de l&#039;usuari a no ser objecte d&#039;una decisi\u00f3 individualitzada basada \u00fanicament en el tractament automatitzat de les dades personals, inclosa l&#039;elaboraci\u00f3 de perfils, excepte que la legislaci\u00f3 vigent estableixi el contrari.<\/li><\/ul><p>Aix\u00ed doncs, l&#039;Usuari podr\u00e0 exercitar els seus drets mitjan\u00e7ant comunicaci\u00f3 escrita adre\u00e7ada al Responsable del tractament amb la refer\u00e8ncia RGPD-http:\/\/hammamarab.com\/, especificant:<\/p><ul class=\"wp-block-list\"><li>Nom, cognoms de l&#039;usuari i c\u00f2pia del DNI. En els casos en qu\u00e8 s&#039;admeti la representaci\u00f3, tamb\u00e9 ser\u00e0 necess\u00e0ria la identificaci\u00f3 pel mateix mitj\u00e0 de la persona que representa l&#039;Usuari, aix\u00ed com el document acreditatiu de la representaci\u00f3. La fotoc\u00f2pia del DNI podr\u00e0 ser substitu\u00efda per qualsevol altre mitj\u00e0 v\u00e0lid en dret que acrediti la identitat.<\/li><li>Petici\u00f3 amb els motius espec\u00edfics de la sol\u00b7licitud o informaci\u00f3 a qu\u00e8 es vol accedir.<\/li><li>Domicili a efectes de notificacions.<\/li><li>Data i signatura del sol\u00b7licitant.<\/li><li>Tot document que acrediti la petici\u00f3 que formula.<\/li><\/ul><p>Aquesta sol\u00b7licitud i qualsevol altre document adjunt es podr\u00e0 enviar a la seg\u00fcent adre\u00e7a i\/o correu electr\u00f2nic:<\/p><p>Adre\u00e7a postal: Nord, 6, La Pobla de Massaluca 43783, Tarragona, Espanya<\/p><p>Correu electr\u00f2nic: info@hammamarab.com<\/p><h4 class=\"wp-block-heading\">Enlla\u00e7os a llocs web de tercers<\/h4><p>El Lloc Web pot incloure hipervincles o enlla\u00e7os que permeten accedir a p\u00e0gines web de tercers diferents de Hammam Zineb, i que per tant no s\u00f3n operats per Hammam Zineb. Els titulars d&#039;aquests llocs web disposaran de les seves pr\u00f2pies pol\u00edtiques de protecci\u00f3 de dades, i seran ells mateixos, en cada cas, responsables dels seus propis fitxers i de les pr\u00f2pies pr\u00e0ctiques de privadesa.<\/p><h4 class=\"wp-block-heading\">Reclamacions davant de l&#039;autoritat de control<\/h4><p>En cas que l&#039;Usuari consideri que hi ha un problema o infracci\u00f3 de la normativa vigent en la forma com s&#039;estan tractant les seves dades personals, tindr\u00e0 dret a la tutela judicial efectiva ia presentar una reclamaci\u00f3 davant d&#039;una autoritat de control, en particular, a l&#039;Estat on tingui la resid\u00e8ncia habitual, el lloc de treball o el lloc de la suposada infracci\u00f3. En cas d&#039;Espanya, l&#039;autoritat de control \u00e9s l&#039;Ag\u00e8ncia Espanyola de Protecci\u00f3 de Dades (https:\/\/www.aepd.es\/).<\/p><h3 class=\"wp-block-heading\">II. ACCEPTACI\u00d3 I CANVIS EN AQUESTA POL\u00cdTICA DE PRIVACITAT<\/h3><p>Cal que l&#039;Usuari hagi llegit i estigui conforme amb les condicions sobre la protecci\u00f3 de dades de car\u00e0cter personal contingudes en aquesta Pol\u00edtica de Privadesa, aix\u00ed com que accepti el tractament de les seves dades personals perqu\u00e8 el Responsable del tractament pugui procedir-hi a la forma, durant els terminis i per a les finalitats indicades. L&#039;\u00fas del Lloc Web implicar\u00e0 l&#039;acceptaci\u00f3 de la Pol\u00edtica de Privadesa del mateix.<\/p><p>Hammam Zineb es reserva el dret a modificar la seva Pol\u00edtica de Privadesa, d&#039;acord amb el seu propi criteri, o motivat per un canvi legislatiu, jurisprudencial o doctrinal de l&#039;Ag\u00e8ncia Espanyola de Protecci\u00f3 de Dades. Els canvis o actualitzacions d&#039;aquesta Pol\u00edtica de Privadesa no seran notificats de manera expl\u00edcita a l&#039;Usuari. Es recomana a l&#039;Usuari consultar aquesta p\u00e0gina de forma peri\u00f2dica per estar al corrent dels darrers canvis o actualitzacions.<\/p><p>Aquesta Pol\u00edtica de Privadesa va ser actualitzada per adaptar-se al Reglament (UE) 2016\/679 del Parlament Europeu i del Consell, de 27 d&#039;abril de 2016, relatiu a la protecci\u00f3 de les persones f\u00edsiques pel que fa al tractament de dades personals ia la lliure circulaci\u00f3 d&#039;aquestes dades (RGPD) ia la Llei org\u00e0nica 3\/2018, de 5 de desembre, de protecci\u00f3 de dades personals i garantia dels drets digitals.<\/p>","protected":false},"excerpt":{"rendered":"<p>POL\u00cdTICA DE PRIVACITAT DEL LLOC WEB http:\/\/hammamarab.com\/ I. POL\u00cdTICA DE PRIVACITAT I PROTECCI\u00d3 DE DADES Respectant el que estableix la legislaci\u00f3 vigent, Hammam Zineb (d&#039;ara endavant, tamb\u00e9\u2026<\/p>","protected":false},"author":5,"featured_media":0,"parent":0,"menu_order":0,"comment_status":"closed","ping_status":"closed","template":"","meta":{"footnotes":""},"class_list":["post-1759","page","type-page","status-publish","hentry"],"yoast_head":"<!-- This site is optimized with the Yoast SEO plugin v25.0 - https:\/\/yoast.com\/wordpress\/plugins\/seo\/ -->\n<title>Pol\u00edtica de Privacidad &#8226; Hammam Zineb<\/title>\n<meta name=\"robots\" content=\"noindex, follow\" \/>\n<meta property=\"og:locale\" content=\"ca_ES\" \/>\n<meta property=\"og:type\" content=\"article\" \/>\n<meta property=\"og:title\" content=\"Pol\u00edtica de Privacidad &#8226; Hammam Zineb\" \/>\n<meta property=\"og:description\" content=\"POL\u00cdTICA DE PRIVACIDAD DEL SITIO WEB http:\/\/hammamarab.com\/ I. POL\u00cdTICA DE PRIVACIDAD Y PROTECCI\u00d3N DE DATOS Respetando lo establecido en la legislaci\u00f3n vigente,&nbsp;Hammam Zineb&nbsp;(en adelante, tambi\u00e9n...\" \/>\n<meta property=\"og:url\" content=\"https:\/\/hammamarab.com\/ca\/politica-de-privacidad\/\" \/>\n<meta property=\"og:site_name\" content=\"Hammam Zineb\" \/>\n<meta property=\"article:publisher\" content=\"https:\/\/www.facebook.com\/bano.marroqui.10\" \/>\n<meta property=\"article:modified_time\" content=\"2022-03-03T11:05:37+00:00\" \/>\n<meta property=\"og:image\" content=\"https:\/\/hammamarab.com\/wp-content\/uploads\/2022\/01\/Hammam-Zineb_Sala-Hammam.jpg\" \/>\n\t<meta property=\"og:image:width\" content=\"1920\" \/>\n\t<meta property=\"og:image:height\" content=\"1281\" \/>\n\t<meta property=\"og:image:type\" content=\"image\/jpeg\" \/>\n<meta name=\"twitter:card\" content=\"summary_large_image\" \/>\n<script type=\"application\/ld+json\" class=\"yoast-schema-graph\">{\"@context\":\"https:\/\/schema.org\",\"@graph\":[{\"@type\":\"WebPage\",\"@id\":\"https:\/\/hammamarab.com\/politica-de-privacidad\/\",\"url\":\"https:\/\/hammamarab.com\/politica-de-privacidad\/\",\"name\":\"Pol\u00edtica de Privacidad &#8226; Hammam Zineb\",\"isPartOf\":{\"@id\":\"https:\/\/hammamarab.com\/#website\"},\"datePublished\":\"2022-03-02T16:53:27+00:00\",\"dateModified\":\"2022-03-03T11:05:37+00:00\",\"breadcrumb\":{\"@id\":\"https:\/\/hammamarab.com\/politica-de-privacidad\/#breadcrumb\"},\"inLanguage\":\"ca\",\"potentialAction\":[{\"@type\":\"ReadAction\",\"target\":[\"https:\/\/hammamarab.com\/politica-de-privacidad\/\"]}]},{\"@type\":\"BreadcrumbList\",\"@id\":\"https:\/\/hammamarab.com\/politica-de-privacidad\/#breadcrumb\",\"itemListElement\":[{\"@type\":\"ListItem\",\"position\":1,\"name\":\"Inicio\",\"item\":\"https:\/\/hammamarab.com\/\"},{\"@type\":\"ListItem\",\"position\":2,\"name\":\"Pol\u00edtica de Privacidad\"}]},{\"@type\":\"WebSite\",\"@id\":\"https:\/\/hammamarab.com\/#website\",\"url\":\"https:\/\/hammamarab.com\/\",\"name\":\"Hammam Zineb\",\"description\":\"Ba\u00f1o \u00e1rabe y centro de est\u00e9tica\",\"publisher\":{\"@id\":\"https:\/\/hammamarab.com\/#organization\"},\"potentialAction\":[{\"@type\":\"SearchAction\",\"target\":{\"@type\":\"EntryPoint\",\"urlTemplate\":\"https:\/\/hammamarab.com\/?s={search_term_string}\"},\"query-input\":{\"@type\":\"PropertyValueSpecification\",\"valueRequired\":true,\"valueName\":\"search_term_string\"}}],\"inLanguage\":\"ca\"},{\"@type\":\"Organization\",\"@id\":\"https:\/\/hammamarab.com\/#organization\",\"name\":\"Hammam Zineb\",\"url\":\"https:\/\/hammamarab.com\/\",\"logo\":{\"@type\":\"ImageObject\",\"inLanguage\":\"ca\",\"@id\":\"https:\/\/hammamarab.com\/#\/schema\/logo\/image\/\",\"url\":\"http:\/\/hammamarab.com\/wp-content\/uploads\/2022\/01\/Hammam-Zineb_Logo-Dark.svg\",\"contentUrl\":\"http:\/\/hammamarab.com\/wp-content\/uploads\/2022\/01\/Hammam-Zineb_Logo-Dark.svg\",\"width\":202,\"height\":202,\"caption\":\"Hammam Zineb\"},\"image\":{\"@id\":\"https:\/\/hammamarab.com\/#\/schema\/logo\/image\/\"},\"sameAs\":[\"https:\/\/www.facebook.com\/bano.marroqui.10\",\"https:\/\/www.instagram.com\/hammamycentroesteticazineb\/\"]}]}<\/script>\n<!-- \/ Yoast SEO plugin. -->","yoast_head_json":{"title":"Pol\u00edtica de Privacidad &#8226; Hammam Zineb","robots":{"index":"noindex","follow":"follow"},"og_locale":"ca_ES","og_type":"article","og_title":"Pol\u00edtica de Privacidad &#8226; Hammam Zineb","og_description":"POL\u00cdTICA DE PRIVACIDAD DEL SITIO WEB http:\/\/hammamarab.com\/ I. POL\u00cdTICA DE PRIVACIDAD Y PROTECCI\u00d3N DE DATOS Respetando lo establecido en la legislaci\u00f3n vigente,&nbsp;Hammam Zineb&nbsp;(en adelante, tambi\u00e9n...","og_url":"https:\/\/hammamarab.com\/ca\/politica-de-privacidad\/","og_site_name":"Hammam Zineb","article_publisher":"https:\/\/www.facebook.com\/bano.marroqui.10","article_modified_time":"2022-03-03T11:05:37+00:00","og_image":[{"width":1920,"height":1281,"url":"https:\/\/hammamarab.com\/wp-content\/uploads\/2022\/01\/Hammam-Zineb_Sala-Hammam.jpg","type":"image\/jpeg"}],"twitter_card":"summary_large_image","schema":{"@context":"https:\/\/schema.org","@graph":[{"@type":"WebPage","@id":"https:\/\/hammamarab.com\/politica-de-privacidad\/","url":"https:\/\/hammamarab.com\/politica-de-privacidad\/","name":"Pol\u00edtica de Privacidad &#8226; Hammam Zineb","isPartOf":{"@id":"https:\/\/hammamarab.com\/#website"},"datePublished":"2022-03-02T16:53:27+00:00","dateModified":"2022-03-03T11:05:37+00:00","breadcrumb":{"@id":"https:\/\/hammamarab.com\/politica-de-privacidad\/#breadcrumb"},"inLanguage":"ca","potentialAction":[{"@type":"ReadAction","target":["https:\/\/hammamarab.com\/politica-de-privacidad\/"]}]},{"@type":"BreadcrumbList","@id":"https:\/\/hammamarab.com\/politica-de-privacidad\/#breadcrumb","itemListElement":[{"@type":"ListItem","position":1,"name":"Inicio","item":"https:\/\/hammamarab.com\/"},{"@type":"ListItem","position":2,"name":"Pol\u00edtica de Privacidad"}]},{"@type":"WebSite","@id":"https:\/\/hammamarab.com\/#website","url":"https:\/\/hammamarab.com\/","name":"Hammam Zineb","description":"Ba\u00f1o \u00e1rabe y centro de est\u00e9tica","publisher":{"@id":"https:\/\/hammamarab.com\/#organization"},"potentialAction":[{"@type":"SearchAction","target":{"@type":"EntryPoint","urlTemplate":"https:\/\/hammamarab.com\/?s={search_term_string}"},"query-input":{"@type":"PropertyValueSpecification","valueRequired":true,"valueName":"search_term_string"}}],"inLanguage":"ca"},{"@type":"Organization","@id":"https:\/\/hammamarab.com\/#organization","name":"Hammam Zineb","url":"https:\/\/hammamarab.com\/","logo":{"@type":"ImageObject","inLanguage":"ca","@id":"https:\/\/hammamarab.com\/#\/schema\/logo\/image\/","url":"http:\/\/hammamarab.com\/wp-content\/uploads\/2022\/01\/Hammam-Zineb_Logo-Dark.svg","contentUrl":"http:\/\/hammamarab.com\/wp-content\/uploads\/2022\/01\/Hammam-Zineb_Logo-Dark.svg","width":202,"height":202,"caption":"Hammam Zineb"},"image":{"@id":"https:\/\/hammamarab.com\/#\/schema\/logo\/image\/"},"sameAs":["https:\/\/www.facebook.com\/bano.marroqui.10","https:\/\/www.instagram.com\/hammamycentroesteticazineb\/"]}]}},"_links":{"self":[{"href":"https:\/\/hammamarab.com\/ca\/wp-json\/wp\/v2\/pages\/1759","targetHints":{"allow":["GET"]}}],"collection":[{"href":"https:\/\/hammamarab.com\/ca\/wp-json\/wp\/v2\/pages"}],"about":[{"href":"https:\/\/hammamarab.com\/ca\/wp-json\/wp\/v2\/types\/page"}],"author":[{"embeddable":true,"href":"https:\/\/hammamarab.com\/ca\/wp-json\/wp\/v2\/users\/5"}],"replies":[{"embeddable":true,"href":"https:\/\/hammamarab.com\/ca\/wp-json\/wp\/v2\/comments?post=1759"}],"version-history":[{"count":0,"href":"https:\/\/hammamarab.com\/ca\/wp-json\/wp\/v2\/pages\/1759\/revisions"}],"wp:attachment":[{"href":"https:\/\/hammamarab.com\/ca\/wp-json\/wp\/v2\/media?parent=1759"}],"curies":[{"name":"wp","href":"https:\/\/api.w.org\/{rel}","templated":true}]}}