{"id":1760,"date":"2022-03-02T17:53:27","date_gmt":"2022-03-02T16:53:27","guid":{"rendered":"http:\/\/hammamarab.com\/politica-de-cookies\/"},"modified":"2022-03-03T12:05:26","modified_gmt":"2022-03-03T11:05:26","slug":"politica-de-cookies","status":"publish","type":"page","link":"https:\/\/hammamarab.com\/ca\/politica-de-cookies\/","title":{"rendered":"Pol\u00edtica de galetes"},"content":{"rendered":"<h2 class=\"wp-block-heading\">POL\u00cdTICA DE COOKIES<\/h2><h4 class=\"wp-block-heading\">http:\/\/hammamarab.com\/<\/h4><p>L&#039;acc\u00e9s a aquest Lloc Web pot implicar la utilitzaci\u00f3 de cookies. Les galetes s\u00f3n petites quantitats d&#039;informaci\u00f3 que s&#039;emmagatzemen al navegador utilitzat per cada Usuari \u2014en els diferents dispositius que pugui utilitzar per navegar\u2014 perqu\u00e8 el servidor recordi certa informaci\u00f3 que posteriorment i \u00fanicament el servidor que la va implementar llegir\u00e0. Les galetes faciliten la navegaci\u00f3, la fan m\u00e9s amigable, i no fan malb\u00e9 el dispositiu de navegaci\u00f3.<\/p><p>Les cookies s\u00f3n procediments autom\u00e0tics de recollida d&#039;informaci\u00f3 relativa a les prefer\u00e8ncies determinades per l&#039;Usuari durant la visita al Lloc Web per tal de recon\u00e8ixer-lo com a Usuari, i personalitzar la seva experi\u00e8ncia i l&#039;\u00fas del Lloc Web, i poden tamb\u00e9, per exemple, ajudar a identificar i resoldre errors.<\/p><p>La informaci\u00f3 recollida a trav\u00e9s de les cookies pot incloure la data i hora de visites al Lloc Web, les p\u00e0gines visionades, el temps que ha estat al Lloc Web i els llocs visitats just abans i despr\u00e9s. Tot i aix\u00f2, cap galeta permet que aquesta mateixa pugui contactar amb el n\u00famero de tel\u00e8fon de l&#039;Usuari o amb qualsevol altre mitj\u00e0 de contacte personal. Cap galeta no pot extreure informaci\u00f3 del disc dur de l&#039;Usuari o robar informaci\u00f3 personal. L&#039;\u00fanica manera que la informaci\u00f3 privada de l&#039;Usuari formi part del fitxer Cookie \u00e9s que l&#039;usuari doni personalment aquesta informaci\u00f3 al servidor.<\/p><p>Les galetes que permeten identificar una persona es consideren dades personals. Per tant, a les mateixes els ser\u00e0 aplicable la Pol\u00edtica de Privadesa anteriorment descrita. En aquest sentit, per utilitzar-les ser\u00e0 necessari el consentiment de l&#039;Usuari. Aquest consentiment ser\u00e0 comunicat, en base a una elecci\u00f3 aut\u00e8ntica, ofert mitjan\u00e7ant una decisi\u00f3 afirmativa i positiva, abans del tractament inicial, removible i documentat.<\/p><h4 class=\"wp-block-heading\">Cookies pr\u00f2pies<\/h4><p>S\u00f3n aquelles galetes que s\u00f3n enviades a l&#039;ordinador o dispositiu de l&#039;Usuari i gestionades exclusivament per Hammam Zineb per al millor funcionament del Lloc Web. La informaci\u00f3 que es recull es fa servir per millorar la qualitat del Lloc Web i el seu Contingut i la seva experi\u00e8ncia com a Usuari. Aquestes cookies permeten recon\u00e8ixer l&#039;Usuari com a visitant recurrent del Lloc Web i adaptar el contingut per oferir continguts que s&#039;ajustin a les seves prefer\u00e8ncies.<\/p><h4 class=\"wp-block-heading\">Galetes de tercers<\/h4><p>S\u00f3n cookies utilitzades i gestionades per entitats externes que proporcionen a Hammam Zineb serveis sol\u00b7licitats per aquest mateix per millorar el Lloc Web i l&#039;experi\u00e8ncia de l&#039;usuari en navegar al Lloc Web. Els objectius principals per als quals s&#039;utilitzen cookies de tercers s\u00f3n l&#039;obtenci\u00f3 d&#039;estad\u00edstiques d&#039;accessos i analitzar la informaci\u00f3 de la navegaci\u00f3, \u00e9s a dir, com interactua l&#039;Usuari amb el Lloc Web.<\/p><p>La informaci\u00f3 que s&#039;obt\u00e9 es refereix, per exemple, al nombre de p\u00e0gines visitades, l&#039;idioma, el lloc on l&#039;adre\u00e7a IP des del qual accedeix l&#039;usuari, el nombre d&#039;usuaris que accedeixen, la freq\u00fc\u00e8ncia i la reincid\u00e8ncia de les visites, el temps de visita, el navegador que usen, l&#039;operador o tipus de dipositiu des del qual es fa la visita. Aquesta informaci\u00f3 s&#039;utilitza per millorar el Lloc Web, i detectar noves necessitats per oferir als Usuaris un Contingut i\/o servei de qualitat \u00f2ptima. En tot cas, la informaci\u00f3 es recopila de manera an\u00f2nima i s&#039;elaboren informes de tend\u00e8ncies del Lloc Web sense identificar usuaris individuals.<\/p><p>L&#039;entitat(s) encarregada(es) del subministrament de cookies podr\u00e0(n) cedir aquesta informaci\u00f3 a tercers, sempre que ho exigeixi la llei o sigui un tercer el que processi aquesta informaci\u00f3 per a aquestes entitats.<\/p><h4 class=\"wp-block-heading\">Galetes de xarxes socials<\/h4><p>Hammam Zineb pot incorporar plugins de xarxes socials, que permeten accedir-hi a partir del Lloc Web. Per aquesta ra\u00f3, les galetes de xarxes socials es poden emmagatzemar al navegador de l&#039;Usuari. Els titulars d&#039;aquestes xarxes socials disposen de les seves pr\u00f2pies pol\u00edtiques de protecci\u00f3 de dades i de cookies, i ells mateixos s\u00f3n, en cada cas, responsables dels seus propis fitxers i de les seves pr\u00f2pies pr\u00e0ctiques de privadesa. L&#039;Usuari ha de referir-s&#039;hi per informar-se sobre les cookies i, si escau, del tractament de les seves dades personals. \u00danicament a t\u00edtol informatiu s&#039;indiquen a continuaci\u00f3 els enlla\u00e7os en qu\u00e8 es poden consultar aquestes pol\u00edtiques de privadesa i\/o de cookies:<\/p><ul class=\"wp-block-list\"><li>Facebook:&nbsp;<a href=\"https:\/\/www.facebook.com\/policies\/cookies\/\">https:\/\/www.facebook.com\/policies\/cookies\/<\/a><\/li><li>Twitter:&nbsp;<a href=\"https:\/\/twitter.com\/es\/privacy\">https:\/\/twitter.com\/es\/privacy<\/a><\/li><li>Instagram:&nbsp;<a href=\"https:\/\/help.instagram.com\/1896641480634370?ref=ig\">https:\/\/help.instagram.com\/1896641480634370?ref=ig<\/a><\/li><li>YouTube:&nbsp;<a href=\"https:\/\/policies.google.com\/privacy?hl=es-419&amp;gl=mx\">https:\/\/policies.google.com\/privacy?hl=es-419&amp;gl=mx<\/a><\/li><li>Pinterest:&nbsp;<a href=\"https:\/\/policy.pinterest.com\/es\/privacy-policy\">https:\/\/policy.pinterest.com\/es\/privacy-policy<\/a><\/li><li>LinkedIn:&nbsp;<a href=\"https:\/\/www.linkedin.com\/legal\/cookie-policy?trk=hp-cookies\">https:\/\/www.linkedin.com\/legal\/cookie-policy?trk=hp-cookies<\/a><\/li><\/ul><h4 class=\"wp-block-heading\">Deshabilitar, rebutjar i eliminar cookies<\/h4><p>L&#039;Usuari pot deshabilitar, rebutjar i eliminar les cookies \u2014totalment o parcialment\u2014 instal\u00b7lades al dispositiu mitjan\u00e7ant la configuraci\u00f3 del navegador (entre els quals hi ha, per exemple, Chrome, Firefox, Safari, Explorer). En aquest sentit, els procediments per rebutjar i eliminar les galetes poden diferir d&#039;un navegador d&#039;Internet a un altre. En conseq\u00fc\u00e8ncia, l&#039;Usuari ha d&#039;acudir a les instruccions facilitades pel navegador d&#039;Internet que utilitzi. En cas que rebutgi l&#039;\u00fas de cookies \u2014totalment o parcialment\u2014 podr\u00e0 continuar usant el Lloc Web, si b\u00e9 podr\u00e0 tenir limitada la utilitzaci\u00f3 d&#039;algunes de les prestacions del mateix.<\/p>","protected":false},"excerpt":{"rendered":"<p>POL\u00cdTICA DE COOKIES http:\/\/hammamarab.com\/ L&#039;acc\u00e9s a aquest Lloc Web pot implicar la utilitzaci\u00f3 de cookies. Les galetes s\u00f3n petites quantitats d&#039;informaci\u00f3 que es\u2026<\/p>","protected":false},"author":5,"featured_media":0,"parent":0,"menu_order":0,"comment_status":"closed","ping_status":"closed","template":"","meta":{"footnotes":""},"class_list":["post-1760","page","type-page","status-publish","hentry"],"yoast_head":"<!-- This site is optimized with the Yoast SEO plugin v25.0 - https:\/\/yoast.com\/wordpress\/plugins\/seo\/ -->\n<title>Pol\u00edtica de Cookies &#8226; Hammam Zineb<\/title>\n<meta name=\"robots\" content=\"noindex, follow\" \/>\n<meta property=\"og:locale\" content=\"ca_ES\" \/>\n<meta property=\"og:type\" content=\"article\" \/>\n<meta property=\"og:title\" content=\"Pol\u00edtica de Cookies &#8226; Hammam Zineb\" \/>\n<meta property=\"og:description\" content=\"POL\u00cdTICA DE COOKIES http:\/\/hammamarab.com\/ El acceso a este Sitio Web puede implicar la utilizaci\u00f3n de cookies. Las cookies son peque\u00f1as cantidades de informaci\u00f3n que se...\" \/>\n<meta property=\"og:url\" content=\"https:\/\/hammamarab.com\/ca\/politica-de-cookies\/\" \/>\n<meta property=\"og:site_name\" content=\"Hammam Zineb\" \/>\n<meta property=\"article:publisher\" content=\"https:\/\/www.facebook.com\/bano.marroqui.10\" \/>\n<meta property=\"article:modified_time\" content=\"2022-03-03T11:05:26+00:00\" \/>\n<meta property=\"og:image\" content=\"https:\/\/hammamarab.com\/wp-content\/uploads\/2022\/01\/Hammam-Zineb_Sala-Hammam.jpg\" \/>\n\t<meta property=\"og:image:width\" content=\"1920\" \/>\n\t<meta property=\"og:image:height\" content=\"1281\" \/>\n\t<meta property=\"og:image:type\" content=\"image\/jpeg\" \/>\n<meta name=\"twitter:card\" content=\"summary_large_image\" \/>\n<script type=\"application\/ld+json\" class=\"yoast-schema-graph\">{\"@context\":\"https:\/\/schema.org\",\"@graph\":[{\"@type\":\"WebPage\",\"@id\":\"https:\/\/hammamarab.com\/politica-de-cookies\/\",\"url\":\"https:\/\/hammamarab.com\/politica-de-cookies\/\",\"name\":\"Pol\u00edtica de Cookies &#8226; Hammam Zineb\",\"isPartOf\":{\"@id\":\"https:\/\/hammamarab.com\/#website\"},\"datePublished\":\"2022-03-02T16:53:27+00:00\",\"dateModified\":\"2022-03-03T11:05:26+00:00\",\"breadcrumb\":{\"@id\":\"https:\/\/hammamarab.com\/politica-de-cookies\/#breadcrumb\"},\"inLanguage\":\"ca\",\"potentialAction\":[{\"@type\":\"ReadAction\",\"target\":[\"https:\/\/hammamarab.com\/politica-de-cookies\/\"]}]},{\"@type\":\"BreadcrumbList\",\"@id\":\"https:\/\/hammamarab.com\/politica-de-cookies\/#breadcrumb\",\"itemListElement\":[{\"@type\":\"ListItem\",\"position\":1,\"name\":\"Inicio\",\"item\":\"https:\/\/hammamarab.com\/\"},{\"@type\":\"ListItem\",\"position\":2,\"name\":\"Pol\u00edtica de Cookies\"}]},{\"@type\":\"WebSite\",\"@id\":\"https:\/\/hammamarab.com\/#website\",\"url\":\"https:\/\/hammamarab.com\/\",\"name\":\"Hammam Zineb\",\"description\":\"Ba\u00f1o \u00e1rabe y centro de est\u00e9tica\",\"publisher\":{\"@id\":\"https:\/\/hammamarab.com\/#organization\"},\"potentialAction\":[{\"@type\":\"SearchAction\",\"target\":{\"@type\":\"EntryPoint\",\"urlTemplate\":\"https:\/\/hammamarab.com\/?s={search_term_string}\"},\"query-input\":{\"@type\":\"PropertyValueSpecification\",\"valueRequired\":true,\"valueName\":\"search_term_string\"}}],\"inLanguage\":\"ca\"},{\"@type\":\"Organization\",\"@id\":\"https:\/\/hammamarab.com\/#organization\",\"name\":\"Hammam Zineb\",\"url\":\"https:\/\/hammamarab.com\/\",\"logo\":{\"@type\":\"ImageObject\",\"inLanguage\":\"ca\",\"@id\":\"https:\/\/hammamarab.com\/#\/schema\/logo\/image\/\",\"url\":\"http:\/\/hammamarab.com\/wp-content\/uploads\/2022\/01\/Hammam-Zineb_Logo-Dark.svg\",\"contentUrl\":\"http:\/\/hammamarab.com\/wp-content\/uploads\/2022\/01\/Hammam-Zineb_Logo-Dark.svg\",\"width\":202,\"height\":202,\"caption\":\"Hammam Zineb\"},\"image\":{\"@id\":\"https:\/\/hammamarab.com\/#\/schema\/logo\/image\/\"},\"sameAs\":[\"https:\/\/www.facebook.com\/bano.marroqui.10\",\"https:\/\/www.instagram.com\/hammamycentroesteticazineb\/\"]}]}<\/script>\n<!-- \/ Yoast SEO plugin. -->","yoast_head_json":{"title":"Pol\u00edtica de Cookies &#8226; Hammam Zineb","robots":{"index":"noindex","follow":"follow"},"og_locale":"ca_ES","og_type":"article","og_title":"Pol\u00edtica de Cookies &#8226; Hammam Zineb","og_description":"POL\u00cdTICA DE COOKIES http:\/\/hammamarab.com\/ El acceso a este Sitio Web puede implicar la utilizaci\u00f3n de cookies. Las cookies son peque\u00f1as cantidades de informaci\u00f3n que se...","og_url":"https:\/\/hammamarab.com\/ca\/politica-de-cookies\/","og_site_name":"Hammam Zineb","article_publisher":"https:\/\/www.facebook.com\/bano.marroqui.10","article_modified_time":"2022-03-03T11:05:26+00:00","og_image":[{"width":1920,"height":1281,"url":"https:\/\/hammamarab.com\/wp-content\/uploads\/2022\/01\/Hammam-Zineb_Sala-Hammam.jpg","type":"image\/jpeg"}],"twitter_card":"summary_large_image","schema":{"@context":"https:\/\/schema.org","@graph":[{"@type":"WebPage","@id":"https:\/\/hammamarab.com\/politica-de-cookies\/","url":"https:\/\/hammamarab.com\/politica-de-cookies\/","name":"Pol\u00edtica de Cookies &#8226; Hammam Zineb","isPartOf":{"@id":"https:\/\/hammamarab.com\/#website"},"datePublished":"2022-03-02T16:53:27+00:00","dateModified":"2022-03-03T11:05:26+00:00","breadcrumb":{"@id":"https:\/\/hammamarab.com\/politica-de-cookies\/#breadcrumb"},"inLanguage":"ca","potentialAction":[{"@type":"ReadAction","target":["https:\/\/hammamarab.com\/politica-de-cookies\/"]}]},{"@type":"BreadcrumbList","@id":"https:\/\/hammamarab.com\/politica-de-cookies\/#breadcrumb","itemListElement":[{"@type":"ListItem","position":1,"name":"Inicio","item":"https:\/\/hammamarab.com\/"},{"@type":"ListItem","position":2,"name":"Pol\u00edtica de Cookies"}]},{"@type":"WebSite","@id":"https:\/\/hammamarab.com\/#website","url":"https:\/\/hammamarab.com\/","name":"Hammam Zineb","description":"Ba\u00f1o \u00e1rabe y centro de est\u00e9tica","publisher":{"@id":"https:\/\/hammamarab.com\/#organization"},"potentialAction":[{"@type":"SearchAction","target":{"@type":"EntryPoint","urlTemplate":"https:\/\/hammamarab.com\/?s={search_term_string}"},"query-input":{"@type":"PropertyValueSpecification","valueRequired":true,"valueName":"search_term_string"}}],"inLanguage":"ca"},{"@type":"Organization","@id":"https:\/\/hammamarab.com\/#organization","name":"Hammam Zineb","url":"https:\/\/hammamarab.com\/","logo":{"@type":"ImageObject","inLanguage":"ca","@id":"https:\/\/hammamarab.com\/#\/schema\/logo\/image\/","url":"http:\/\/hammamarab.com\/wp-content\/uploads\/2022\/01\/Hammam-Zineb_Logo-Dark.svg","contentUrl":"http:\/\/hammamarab.com\/wp-content\/uploads\/2022\/01\/Hammam-Zineb_Logo-Dark.svg","width":202,"height":202,"caption":"Hammam Zineb"},"image":{"@id":"https:\/\/hammamarab.com\/#\/schema\/logo\/image\/"},"sameAs":["https:\/\/www.facebook.com\/bano.marroqui.10","https:\/\/www.instagram.com\/hammamycentroesteticazineb\/"]}]}},"_links":{"self":[{"href":"https:\/\/hammamarab.com\/ca\/wp-json\/wp\/v2\/pages\/1760","targetHints":{"allow":["GET"]}}],"collection":[{"href":"https:\/\/hammamarab.com\/ca\/wp-json\/wp\/v2\/pages"}],"about":[{"href":"https:\/\/hammamarab.com\/ca\/wp-json\/wp\/v2\/types\/page"}],"author":[{"embeddable":true,"href":"https:\/\/hammamarab.com\/ca\/wp-json\/wp\/v2\/users\/5"}],"replies":[{"embeddable":true,"href":"https:\/\/hammamarab.com\/ca\/wp-json\/wp\/v2\/comments?post=1760"}],"version-history":[{"count":0,"href":"https:\/\/hammamarab.com\/ca\/wp-json\/wp\/v2\/pages\/1760\/revisions"}],"wp:attachment":[{"href":"https:\/\/hammamarab.com\/ca\/wp-json\/wp\/v2\/media?parent=1760"}],"curies":[{"name":"wp","href":"https:\/\/api.w.org\/{rel}","templated":true}]}}