{"id":2210,"date":"2023-02-17T13:29:39","date_gmt":"2023-02-17T12:29:39","guid":{"rendered":"http:\/\/hammamarab.com\/?post_type=product&#038;p=2210"},"modified":"2025-01-07T17:41:09","modified_gmt":"2025-01-07T16:41:09","slug":"mesoterapia-virtual","status":"publish","type":"product","link":"https:\/\/hammamarab.com\/ca\/tienda\/mesoterapia-virtual\/","title":{"rendered":"Mesoter\u00e0pia virtual facial"},"content":{"rendered":"<p>Millora arrugues, acne i taquessin la pell<\/p>\n<p>(Consulta preu per a diverses sessions)<\/p>\n<p>El tractament amb mesoter\u00e0pia virtual facial \u00e9s un servei est\u00e8tic no invasiu que consisteix en l&#039;aplicaci\u00f3 de principis actius a la pell del rostre mitjan\u00e7ant la utilitzaci\u00f3 de tecnologia electromagn\u00e8tica d&#039;alta freq\u00fc\u00e8ncia. Aquesta t\u00e8cnica permet que els principis actius penetrin a la pell de forma m\u00e9s suau i sense dolor, millorant l&#039;aparen\u00e7a de la pell i reduint la flacciditat i les arrugues.<\/p>\n<p>\u00c9s un tractament efectiu per revitalitzar la pell i millorar-ne l&#039;aspecte, ja que els principis actius utilitzats estimulen la producci\u00f3 de col\u00b7lagen i elastina. A m\u00e9s, ajuda a reduir les taques i la pigmentaci\u00f3, ia millorar la textura i el to de la pell.<\/p>\n<p>[alert type=\u00bbsuccess\u00bb heading=\u00bbNom\u00e9s al centre de Vinar\u00f2s \u2014 Reserva online no disponible\u00bb] Truca&#039;ns o envia&#039;ns un missatge per Whatsapp per fer la teva reserva. +34 622 362 702 | +34 622 347 599[\/alert]<\/p>","protected":false},"excerpt":{"rendered":"<p style=\"color: red;\">El val t\u00e9 una caducitat de 3 mesos des de la compra.<\/p>","protected":false},"featured_media":2584,"template":"","meta":[],"product_brand":[],"product_cat":[25,30,29],"product_tag":[],"class_list":{"0":"post-2210","1":"product","2":"type-product","3":"status-publish","4":"has-post-thumbnail","6":"product_cat-estetica-y-bienestar","7":"product_cat-fototerapia-facial","8":"product_cat-tratamientos-faciales","10":"first","11":"instock","12":"featured","13":"virtual","14":"taxable","15":"purchasable","16":"product-type-simple"},"etheme_brands":{"errors":{"invalid_taxonomy":["Invalid taxonomy."]},"error_data":[]},"yoast_head":"<!-- This site is optimized with the Yoast SEO plugin v25.0 - https:\/\/yoast.com\/wordpress\/plugins\/seo\/ -->\n<title>Mesoterapia virtual facial &#8226; Hammam Zineb<\/title>\n<meta name=\"robots\" content=\"index, follow, max-snippet:-1, max-image-preview:large, max-video-preview:-1\" \/>\n<link rel=\"canonical\" href=\"https:\/\/hammamarab.com\/ca\/tienda\/mesoterapia-virtual\/\" \/>\n<meta property=\"og:locale\" content=\"ca_ES\" \/>\n<meta property=\"og:type\" content=\"article\" \/>\n<meta property=\"og:title\" content=\"Mesoterapia virtual facial &#8226; Hammam Zineb\" \/>\n<meta property=\"og:description\" content=\"El vale tiene una caducidad de 3 meses desde la compra.\" \/>\n<meta property=\"og:url\" content=\"https:\/\/hammamarab.com\/ca\/tienda\/mesoterapia-virtual\/\" \/>\n<meta property=\"og:site_name\" content=\"Hammam Zineb\" \/>\n<meta property=\"article:publisher\" content=\"https:\/\/www.facebook.com\/bano.marroqui.10\" \/>\n<meta property=\"article:modified_time\" content=\"2025-01-07T16:41:09+00:00\" \/>\n<meta property=\"og:image\" content=\"https:\/\/hammamarab.com\/wp-content\/uploads\/2023\/07\/WhatsApp-Image-2023-07-20-at-09.06.16.jpeg\" \/>\n\t<meta property=\"og:image:width\" content=\"950\" \/>\n\t<meta property=\"og:image:height\" content=\"960\" \/>\n\t<meta property=\"og:image:type\" content=\"image\/jpeg\" \/>\n<meta name=\"twitter:card\" content=\"summary_large_image\" \/>\n<script type=\"application\/ld+json\" class=\"yoast-schema-graph\">{\"@context\":\"https:\/\/schema.org\",\"@graph\":[{\"@type\":\"WebPage\",\"@id\":\"https:\/\/hammamarab.com\/tienda\/mesoterapia-virtual\/\",\"url\":\"https:\/\/hammamarab.com\/tienda\/mesoterapia-virtual\/\",\"name\":\"Mesoterapia virtual facial &#8226; Hammam Zineb\",\"isPartOf\":{\"@id\":\"https:\/\/hammamarab.com\/#website\"},\"primaryImageOfPage\":{\"@id\":\"https:\/\/hammamarab.com\/tienda\/mesoterapia-virtual\/#primaryimage\"},\"image\":{\"@id\":\"https:\/\/hammamarab.com\/tienda\/mesoterapia-virtual\/#primaryimage\"},\"thumbnailUrl\":\"https:\/\/hammamarab.com\/wp-content\/uploads\/2023\/07\/WhatsApp-Image-2023-07-20-at-09.06.16.jpeg\",\"datePublished\":\"2023-02-17T12:29:39+00:00\",\"dateModified\":\"2025-01-07T16:41:09+00:00\",\"breadcrumb\":{\"@id\":\"https:\/\/hammamarab.com\/tienda\/mesoterapia-virtual\/#breadcrumb\"},\"inLanguage\":\"ca\",\"potentialAction\":[{\"@type\":\"ReadAction\",\"target\":[\"https:\/\/hammamarab.com\/tienda\/mesoterapia-virtual\/\"]}]},{\"@type\":\"ImageObject\",\"inLanguage\":\"ca\",\"@id\":\"https:\/\/hammamarab.com\/tienda\/mesoterapia-virtual\/#primaryimage\",\"url\":\"https:\/\/hammamarab.com\/wp-content\/uploads\/2023\/07\/WhatsApp-Image-2023-07-20-at-09.06.16.jpeg\",\"contentUrl\":\"https:\/\/hammamarab.com\/wp-content\/uploads\/2023\/07\/WhatsApp-Image-2023-07-20-at-09.06.16.jpeg\",\"width\":950,\"height\":960},{\"@type\":\"BreadcrumbList\",\"@id\":\"https:\/\/hammamarab.com\/tienda\/mesoterapia-virtual\/#breadcrumb\",\"itemListElement\":[{\"@type\":\"ListItem\",\"position\":1,\"name\":\"Inicio\",\"item\":\"https:\/\/hammamarab.com\/\"},{\"@type\":\"ListItem\",\"position\":2,\"name\":\"Tienda\",\"item\":\"https:\/\/hammamarab.com\/tienda\/\"},{\"@type\":\"ListItem\",\"position\":3,\"name\":\"Mesoterapia virtual facial\"}]},{\"@type\":\"WebSite\",\"@id\":\"https:\/\/hammamarab.com\/#website\",\"url\":\"https:\/\/hammamarab.com\/\",\"name\":\"Hammam Zineb\",\"description\":\"Ba\u00f1o \u00e1rabe y centro de est\u00e9tica\",\"publisher\":{\"@id\":\"https:\/\/hammamarab.com\/#organization\"},\"potentialAction\":[{\"@type\":\"SearchAction\",\"target\":{\"@type\":\"EntryPoint\",\"urlTemplate\":\"https:\/\/hammamarab.com\/?s={search_term_string}\"},\"query-input\":{\"@type\":\"PropertyValueSpecification\",\"valueRequired\":true,\"valueName\":\"search_term_string\"}}],\"inLanguage\":\"ca\"},{\"@type\":\"Organization\",\"@id\":\"https:\/\/hammamarab.com\/#organization\",\"name\":\"Hammam Zineb\",\"url\":\"https:\/\/hammamarab.com\/\",\"logo\":{\"@type\":\"ImageObject\",\"inLanguage\":\"ca\",\"@id\":\"https:\/\/hammamarab.com\/#\/schema\/logo\/image\/\",\"url\":\"http:\/\/hammamarab.com\/wp-content\/uploads\/2022\/01\/Hammam-Zineb_Logo-Dark.svg\",\"contentUrl\":\"http:\/\/hammamarab.com\/wp-content\/uploads\/2022\/01\/Hammam-Zineb_Logo-Dark.svg\",\"width\":202,\"height\":202,\"caption\":\"Hammam Zineb\"},\"image\":{\"@id\":\"https:\/\/hammamarab.com\/#\/schema\/logo\/image\/\"},\"sameAs\":[\"https:\/\/www.facebook.com\/bano.marroqui.10\",\"https:\/\/www.instagram.com\/hammamycentroesteticazineb\/\"]}]}<\/script>\n<!-- \/ Yoast SEO plugin. -->","yoast_head_json":{"title":"Mesoterapia virtual facial &#8226; Hammam Zineb","robots":{"index":"index","follow":"follow","max-snippet":"max-snippet:-1","max-image-preview":"max-image-preview:large","max-video-preview":"max-video-preview:-1"},"canonical":"https:\/\/hammamarab.com\/ca\/tienda\/mesoterapia-virtual\/","og_locale":"ca_ES","og_type":"article","og_title":"Mesoterapia virtual facial &#8226; Hammam Zineb","og_description":"El vale tiene una caducidad de 3 meses desde la compra.","og_url":"https:\/\/hammamarab.com\/ca\/tienda\/mesoterapia-virtual\/","og_site_name":"Hammam Zineb","article_publisher":"https:\/\/www.facebook.com\/bano.marroqui.10","article_modified_time":"2025-01-07T16:41:09+00:00","og_image":[{"width":950,"height":960,"url":"https:\/\/hammamarab.com\/wp-content\/uploads\/2023\/07\/WhatsApp-Image-2023-07-20-at-09.06.16.jpeg","type":"image\/jpeg"}],"twitter_card":"summary_large_image","schema":{"@context":"https:\/\/schema.org","@graph":[{"@type":"WebPage","@id":"https:\/\/hammamarab.com\/tienda\/mesoterapia-virtual\/","url":"https:\/\/hammamarab.com\/tienda\/mesoterapia-virtual\/","name":"Mesoterapia virtual facial &#8226; Hammam Zineb","isPartOf":{"@id":"https:\/\/hammamarab.com\/#website"},"primaryImageOfPage":{"@id":"https:\/\/hammamarab.com\/tienda\/mesoterapia-virtual\/#primaryimage"},"image":{"@id":"https:\/\/hammamarab.com\/tienda\/mesoterapia-virtual\/#primaryimage"},"thumbnailUrl":"https:\/\/hammamarab.com\/wp-content\/uploads\/2023\/07\/WhatsApp-Image-2023-07-20-at-09.06.16.jpeg","datePublished":"2023-02-17T12:29:39+00:00","dateModified":"2025-01-07T16:41:09+00:00","breadcrumb":{"@id":"https:\/\/hammamarab.com\/tienda\/mesoterapia-virtual\/#breadcrumb"},"inLanguage":"ca","potentialAction":[{"@type":"ReadAction","target":["https:\/\/hammamarab.com\/tienda\/mesoterapia-virtual\/"]}]},{"@type":"ImageObject","inLanguage":"ca","@id":"https:\/\/hammamarab.com\/tienda\/mesoterapia-virtual\/#primaryimage","url":"https:\/\/hammamarab.com\/wp-content\/uploads\/2023\/07\/WhatsApp-Image-2023-07-20-at-09.06.16.jpeg","contentUrl":"https:\/\/hammamarab.com\/wp-content\/uploads\/2023\/07\/WhatsApp-Image-2023-07-20-at-09.06.16.jpeg","width":950,"height":960},{"@type":"BreadcrumbList","@id":"https:\/\/hammamarab.com\/tienda\/mesoterapia-virtual\/#breadcrumb","itemListElement":[{"@type":"ListItem","position":1,"name":"Inicio","item":"https:\/\/hammamarab.com\/"},{"@type":"ListItem","position":2,"name":"Tienda","item":"https:\/\/hammamarab.com\/tienda\/"},{"@type":"ListItem","position":3,"name":"Mesoterapia virtual facial"}]},{"@type":"WebSite","@id":"https:\/\/hammamarab.com\/#website","url":"https:\/\/hammamarab.com\/","name":"Hammam Zineb","description":"Ba\u00f1o \u00e1rabe y centro de est\u00e9tica","publisher":{"@id":"https:\/\/hammamarab.com\/#organization"},"potentialAction":[{"@type":"SearchAction","target":{"@type":"EntryPoint","urlTemplate":"https:\/\/hammamarab.com\/?s={search_term_string}"},"query-input":{"@type":"PropertyValueSpecification","valueRequired":true,"valueName":"search_term_string"}}],"inLanguage":"ca"},{"@type":"Organization","@id":"https:\/\/hammamarab.com\/#organization","name":"Hammam Zineb","url":"https:\/\/hammamarab.com\/","logo":{"@type":"ImageObject","inLanguage":"ca","@id":"https:\/\/hammamarab.com\/#\/schema\/logo\/image\/","url":"http:\/\/hammamarab.com\/wp-content\/uploads\/2022\/01\/Hammam-Zineb_Logo-Dark.svg","contentUrl":"http:\/\/hammamarab.com\/wp-content\/uploads\/2022\/01\/Hammam-Zineb_Logo-Dark.svg","width":202,"height":202,"caption":"Hammam Zineb"},"image":{"@id":"https:\/\/hammamarab.com\/#\/schema\/logo\/image\/"},"sameAs":["https:\/\/www.facebook.com\/bano.marroqui.10","https:\/\/www.instagram.com\/hammamycentroesteticazineb\/"]}]}},"_links":{"self":[{"href":"https:\/\/hammamarab.com\/ca\/wp-json\/wp\/v2\/product\/2210","targetHints":{"allow":["GET"]}}],"collection":[{"href":"https:\/\/hammamarab.com\/ca\/wp-json\/wp\/v2\/product"}],"about":[{"href":"https:\/\/hammamarab.com\/ca\/wp-json\/wp\/v2\/types\/product"}],"version-history":[{"count":4,"href":"https:\/\/hammamarab.com\/ca\/wp-json\/wp\/v2\/product\/2210\/revisions"}],"predecessor-version":[{"id":2891,"href":"https:\/\/hammamarab.com\/ca\/wp-json\/wp\/v2\/product\/2210\/revisions\/2891"}],"wp:featuredmedia":[{"embeddable":true,"href":"https:\/\/hammamarab.com\/ca\/wp-json\/wp\/v2\/media\/2584"}],"wp:attachment":[{"href":"https:\/\/hammamarab.com\/ca\/wp-json\/wp\/v2\/media?parent=2210"}],"wp:term":[{"taxonomy":"product_brand","embeddable":true,"href":"https:\/\/hammamarab.com\/ca\/wp-json\/wp\/v2\/product_brand?post=2210"},{"taxonomy":"product_cat","embeddable":true,"href":"https:\/\/hammamarab.com\/ca\/wp-json\/wp\/v2\/product_cat?post=2210"},{"taxonomy":"product_tag","embeddable":true,"href":"https:\/\/hammamarab.com\/ca\/wp-json\/wp\/v2\/product_tag?post=2210"}],"curies":[{"name":"wp","href":"https:\/\/api.w.org\/{rel}","templated":true}]}}