{"id":2214,"date":"2023-02-17T13:38:21","date_gmt":"2023-02-17T12:38:21","guid":{"rendered":"http:\/\/hammamarab.com\/?post_type=product&#038;p=2214"},"modified":"2025-01-07T17:40:04","modified_gmt":"2025-01-07T16:40:04","slug":"tratamiento-facial-con-luz-led","status":"publish","type":"product","link":"https:\/\/hammamarab.com\/ca\/tienda\/tratamiento-facial-con-luz-led\/","title":{"rendered":"Tractament facial amb llum LED segons tipus de pell"},"content":{"rendered":"<p>El tractament Inclou:<\/p>\n<ul>\n<li>Emulsi\u00f3 higienitzant.<\/li>\n<li>Depilaci\u00f3 facial.<\/li>\n<li>Vapor oz\u00f3.<\/li>\n<li>Extracci\u00f3 punts negres.<\/li>\n<li>M\u00e0scara reafirmant o oz\u00f3.<\/li>\n<li>M\u00e0scara llum LED.<\/li>\n<\/ul>\n<p>El tractament facial amb llum LED \u00e9s un servei est\u00e8tic que utilitza diferents longituds d\u201fona de llum per millorar l\u201faparen\u00e7a de la pell. Aquest tractament \u00e9s no invasiu i no produeix dolor, cosa que el fa una excel\u00b7lent alternativa a altres tractaments est\u00e8tics m\u00e9s invasius.<\/p>\n<p>Es realitza utilitzant una m\u00e0scara facial amb diferents llums LED que es col\u00b7loquen directament a la pell del rostre. Els llums emeten diferents longituds d&#039;ona de llum, que penetren a la pell i estimulen la producci\u00f3 de col\u00b7lagen i elastina. A m\u00e9s, ajuda a reduir la inflamaci\u00f3, millorar la textura de la pell, reduir la mida dels porus i disminuir l&#039;aparen\u00e7a de les l\u00ednies fines i les arrugues.<\/p>\n<p>Els diferents colors de llum es poden utilitzar per tractar diferents problemes de la pell, com ara l&#039;acne, la ros\u00e0cia i les taques.<\/p>\n<p>[alert type=\u00bbsuccess\u00bb heading=\u00bbNom\u00e9s al centre de Vinar\u00f2s \u2014 Reserva online no disponible\u00bb] Truca&#039;ns o envia&#039;ns un missatge per Whatsapp per fer la teva reserva. +34 622 362 702 | +34 622 347 599[\/alert]<\/p>","protected":false},"excerpt":{"rendered":"<p style=\"color: red;\">El val t\u00e9 una caducitat de 3 mesos des de la compra.<\/p>","protected":false},"featured_media":2584,"template":"","meta":[],"product_brand":[],"product_cat":[25,30,29],"product_tag":[],"class_list":{"0":"post-2214","1":"product","2":"type-product","3":"status-publish","4":"has-post-thumbnail","6":"product_cat-estetica-y-bienestar","7":"product_cat-fototerapia-facial","8":"product_cat-tratamientos-faciales","10":"first","11":"instock","12":"featured","13":"virtual","14":"taxable","15":"purchasable","16":"product-type-simple"},"etheme_brands":{"errors":{"invalid_taxonomy":["Invalid taxonomy."]},"error_data":[]},"yoast_head":"<!-- This site is optimized with the Yoast SEO plugin v25.0 - https:\/\/yoast.com\/wordpress\/plugins\/seo\/ -->\n<title>Tratamiento facial con luz LED seg\u00fan tipo de piel &#8226; Hammam Zineb<\/title>\n<meta name=\"robots\" content=\"index, follow, max-snippet:-1, max-image-preview:large, max-video-preview:-1\" \/>\n<link rel=\"canonical\" href=\"https:\/\/hammamarab.com\/ca\/tienda\/tratamiento-facial-con-luz-led\/\" \/>\n<meta property=\"og:locale\" content=\"ca_ES\" \/>\n<meta property=\"og:type\" content=\"article\" \/>\n<meta property=\"og:title\" content=\"Tratamiento facial con luz LED seg\u00fan tipo de piel &#8226; Hammam Zineb\" \/>\n<meta property=\"og:description\" content=\"El vale tiene una caducidad de 3 meses desde la compra.\" \/>\n<meta property=\"og:url\" content=\"https:\/\/hammamarab.com\/ca\/tienda\/tratamiento-facial-con-luz-led\/\" \/>\n<meta property=\"og:site_name\" content=\"Hammam Zineb\" \/>\n<meta property=\"article:publisher\" content=\"https:\/\/www.facebook.com\/bano.marroqui.10\" \/>\n<meta property=\"article:modified_time\" content=\"2025-01-07T16:40:04+00:00\" \/>\n<meta property=\"og:image\" content=\"https:\/\/hammamarab.com\/wp-content\/uploads\/2023\/07\/WhatsApp-Image-2023-07-20-at-09.06.16.jpeg\" \/>\n\t<meta property=\"og:image:width\" content=\"950\" \/>\n\t<meta property=\"og:image:height\" content=\"960\" \/>\n\t<meta property=\"og:image:type\" content=\"image\/jpeg\" \/>\n<meta name=\"twitter:card\" content=\"summary_large_image\" \/>\n<script type=\"application\/ld+json\" class=\"yoast-schema-graph\">{\"@context\":\"https:\/\/schema.org\",\"@graph\":[{\"@type\":\"WebPage\",\"@id\":\"https:\/\/hammamarab.com\/tienda\/tratamiento-facial-con-luz-led\/\",\"url\":\"https:\/\/hammamarab.com\/tienda\/tratamiento-facial-con-luz-led\/\",\"name\":\"Tratamiento facial con luz LED seg\u00fan tipo de piel &#8226; Hammam Zineb\",\"isPartOf\":{\"@id\":\"https:\/\/hammamarab.com\/#website\"},\"primaryImageOfPage\":{\"@id\":\"https:\/\/hammamarab.com\/tienda\/tratamiento-facial-con-luz-led\/#primaryimage\"},\"image\":{\"@id\":\"https:\/\/hammamarab.com\/tienda\/tratamiento-facial-con-luz-led\/#primaryimage\"},\"thumbnailUrl\":\"https:\/\/hammamarab.com\/wp-content\/uploads\/2023\/07\/WhatsApp-Image-2023-07-20-at-09.06.16.jpeg\",\"datePublished\":\"2023-02-17T12:38:21+00:00\",\"dateModified\":\"2025-01-07T16:40:04+00:00\",\"breadcrumb\":{\"@id\":\"https:\/\/hammamarab.com\/tienda\/tratamiento-facial-con-luz-led\/#breadcrumb\"},\"inLanguage\":\"ca\",\"potentialAction\":[{\"@type\":\"ReadAction\",\"target\":[\"https:\/\/hammamarab.com\/tienda\/tratamiento-facial-con-luz-led\/\"]}]},{\"@type\":\"ImageObject\",\"inLanguage\":\"ca\",\"@id\":\"https:\/\/hammamarab.com\/tienda\/tratamiento-facial-con-luz-led\/#primaryimage\",\"url\":\"https:\/\/hammamarab.com\/wp-content\/uploads\/2023\/07\/WhatsApp-Image-2023-07-20-at-09.06.16.jpeg\",\"contentUrl\":\"https:\/\/hammamarab.com\/wp-content\/uploads\/2023\/07\/WhatsApp-Image-2023-07-20-at-09.06.16.jpeg\",\"width\":950,\"height\":960},{\"@type\":\"BreadcrumbList\",\"@id\":\"https:\/\/hammamarab.com\/tienda\/tratamiento-facial-con-luz-led\/#breadcrumb\",\"itemListElement\":[{\"@type\":\"ListItem\",\"position\":1,\"name\":\"Inicio\",\"item\":\"https:\/\/hammamarab.com\/\"},{\"@type\":\"ListItem\",\"position\":2,\"name\":\"Tienda\",\"item\":\"https:\/\/hammamarab.com\/tienda\/\"},{\"@type\":\"ListItem\",\"position\":3,\"name\":\"Tratamiento facial con luz LED seg\u00fan tipo de piel\"}]},{\"@type\":\"WebSite\",\"@id\":\"https:\/\/hammamarab.com\/#website\",\"url\":\"https:\/\/hammamarab.com\/\",\"name\":\"Hammam Zineb\",\"description\":\"Ba\u00f1o \u00e1rabe y centro de est\u00e9tica\",\"publisher\":{\"@id\":\"https:\/\/hammamarab.com\/#organization\"},\"potentialAction\":[{\"@type\":\"SearchAction\",\"target\":{\"@type\":\"EntryPoint\",\"urlTemplate\":\"https:\/\/hammamarab.com\/?s={search_term_string}\"},\"query-input\":{\"@type\":\"PropertyValueSpecification\",\"valueRequired\":true,\"valueName\":\"search_term_string\"}}],\"inLanguage\":\"ca\"},{\"@type\":\"Organization\",\"@id\":\"https:\/\/hammamarab.com\/#organization\",\"name\":\"Hammam Zineb\",\"url\":\"https:\/\/hammamarab.com\/\",\"logo\":{\"@type\":\"ImageObject\",\"inLanguage\":\"ca\",\"@id\":\"https:\/\/hammamarab.com\/#\/schema\/logo\/image\/\",\"url\":\"http:\/\/hammamarab.com\/wp-content\/uploads\/2022\/01\/Hammam-Zineb_Logo-Dark.svg\",\"contentUrl\":\"http:\/\/hammamarab.com\/wp-content\/uploads\/2022\/01\/Hammam-Zineb_Logo-Dark.svg\",\"width\":202,\"height\":202,\"caption\":\"Hammam Zineb\"},\"image\":{\"@id\":\"https:\/\/hammamarab.com\/#\/schema\/logo\/image\/\"},\"sameAs\":[\"https:\/\/www.facebook.com\/bano.marroqui.10\",\"https:\/\/www.instagram.com\/hammamycentroesteticazineb\/\"]}]}<\/script>\n<!-- \/ Yoast SEO plugin. -->","yoast_head_json":{"title":"Tratamiento facial con luz LED seg\u00fan tipo de piel &#8226; Hammam Zineb","robots":{"index":"index","follow":"follow","max-snippet":"max-snippet:-1","max-image-preview":"max-image-preview:large","max-video-preview":"max-video-preview:-1"},"canonical":"https:\/\/hammamarab.com\/ca\/tienda\/tratamiento-facial-con-luz-led\/","og_locale":"ca_ES","og_type":"article","og_title":"Tratamiento facial con luz LED seg\u00fan tipo de piel &#8226; Hammam Zineb","og_description":"El vale tiene una caducidad de 3 meses desde la compra.","og_url":"https:\/\/hammamarab.com\/ca\/tienda\/tratamiento-facial-con-luz-led\/","og_site_name":"Hammam Zineb","article_publisher":"https:\/\/www.facebook.com\/bano.marroqui.10","article_modified_time":"2025-01-07T16:40:04+00:00","og_image":[{"width":950,"height":960,"url":"https:\/\/hammamarab.com\/wp-content\/uploads\/2023\/07\/WhatsApp-Image-2023-07-20-at-09.06.16.jpeg","type":"image\/jpeg"}],"twitter_card":"summary_large_image","schema":{"@context":"https:\/\/schema.org","@graph":[{"@type":"WebPage","@id":"https:\/\/hammamarab.com\/tienda\/tratamiento-facial-con-luz-led\/","url":"https:\/\/hammamarab.com\/tienda\/tratamiento-facial-con-luz-led\/","name":"Tratamiento facial con luz LED seg\u00fan tipo de piel &#8226; Hammam Zineb","isPartOf":{"@id":"https:\/\/hammamarab.com\/#website"},"primaryImageOfPage":{"@id":"https:\/\/hammamarab.com\/tienda\/tratamiento-facial-con-luz-led\/#primaryimage"},"image":{"@id":"https:\/\/hammamarab.com\/tienda\/tratamiento-facial-con-luz-led\/#primaryimage"},"thumbnailUrl":"https:\/\/hammamarab.com\/wp-content\/uploads\/2023\/07\/WhatsApp-Image-2023-07-20-at-09.06.16.jpeg","datePublished":"2023-02-17T12:38:21+00:00","dateModified":"2025-01-07T16:40:04+00:00","breadcrumb":{"@id":"https:\/\/hammamarab.com\/tienda\/tratamiento-facial-con-luz-led\/#breadcrumb"},"inLanguage":"ca","potentialAction":[{"@type":"ReadAction","target":["https:\/\/hammamarab.com\/tienda\/tratamiento-facial-con-luz-led\/"]}]},{"@type":"ImageObject","inLanguage":"ca","@id":"https:\/\/hammamarab.com\/tienda\/tratamiento-facial-con-luz-led\/#primaryimage","url":"https:\/\/hammamarab.com\/wp-content\/uploads\/2023\/07\/WhatsApp-Image-2023-07-20-at-09.06.16.jpeg","contentUrl":"https:\/\/hammamarab.com\/wp-content\/uploads\/2023\/07\/WhatsApp-Image-2023-07-20-at-09.06.16.jpeg","width":950,"height":960},{"@type":"BreadcrumbList","@id":"https:\/\/hammamarab.com\/tienda\/tratamiento-facial-con-luz-led\/#breadcrumb","itemListElement":[{"@type":"ListItem","position":1,"name":"Inicio","item":"https:\/\/hammamarab.com\/"},{"@type":"ListItem","position":2,"name":"Tienda","item":"https:\/\/hammamarab.com\/tienda\/"},{"@type":"ListItem","position":3,"name":"Tratamiento facial con luz LED seg\u00fan tipo de piel"}]},{"@type":"WebSite","@id":"https:\/\/hammamarab.com\/#website","url":"https:\/\/hammamarab.com\/","name":"Hammam Zineb","description":"Ba\u00f1o \u00e1rabe y centro de est\u00e9tica","publisher":{"@id":"https:\/\/hammamarab.com\/#organization"},"potentialAction":[{"@type":"SearchAction","target":{"@type":"EntryPoint","urlTemplate":"https:\/\/hammamarab.com\/?s={search_term_string}"},"query-input":{"@type":"PropertyValueSpecification","valueRequired":true,"valueName":"search_term_string"}}],"inLanguage":"ca"},{"@type":"Organization","@id":"https:\/\/hammamarab.com\/#organization","name":"Hammam Zineb","url":"https:\/\/hammamarab.com\/","logo":{"@type":"ImageObject","inLanguage":"ca","@id":"https:\/\/hammamarab.com\/#\/schema\/logo\/image\/","url":"http:\/\/hammamarab.com\/wp-content\/uploads\/2022\/01\/Hammam-Zineb_Logo-Dark.svg","contentUrl":"http:\/\/hammamarab.com\/wp-content\/uploads\/2022\/01\/Hammam-Zineb_Logo-Dark.svg","width":202,"height":202,"caption":"Hammam Zineb"},"image":{"@id":"https:\/\/hammamarab.com\/#\/schema\/logo\/image\/"},"sameAs":["https:\/\/www.facebook.com\/bano.marroqui.10","https:\/\/www.instagram.com\/hammamycentroesteticazineb\/"]}]}},"_links":{"self":[{"href":"https:\/\/hammamarab.com\/ca\/wp-json\/wp\/v2\/product\/2214","targetHints":{"allow":["GET"]}}],"collection":[{"href":"https:\/\/hammamarab.com\/ca\/wp-json\/wp\/v2\/product"}],"about":[{"href":"https:\/\/hammamarab.com\/ca\/wp-json\/wp\/v2\/types\/product"}],"version-history":[{"count":3,"href":"https:\/\/hammamarab.com\/ca\/wp-json\/wp\/v2\/product\/2214\/revisions"}],"predecessor-version":[{"id":2889,"href":"https:\/\/hammamarab.com\/ca\/wp-json\/wp\/v2\/product\/2214\/revisions\/2889"}],"wp:featuredmedia":[{"embeddable":true,"href":"https:\/\/hammamarab.com\/ca\/wp-json\/wp\/v2\/media\/2584"}],"wp:attachment":[{"href":"https:\/\/hammamarab.com\/ca\/wp-json\/wp\/v2\/media?parent=2214"}],"wp:term":[{"taxonomy":"product_brand","embeddable":true,"href":"https:\/\/hammamarab.com\/ca\/wp-json\/wp\/v2\/product_brand?post=2214"},{"taxonomy":"product_cat","embeddable":true,"href":"https:\/\/hammamarab.com\/ca\/wp-json\/wp\/v2\/product_cat?post=2214"},{"taxonomy":"product_tag","embeddable":true,"href":"https:\/\/hammamarab.com\/ca\/wp-json\/wp\/v2\/product_tag?post=2214"}],"curies":[{"name":"wp","href":"https:\/\/api.w.org\/{rel}","templated":true}]}}