{"id":2264,"date":"2023-02-17T16:08:16","date_gmt":"2023-02-17T15:08:16","guid":{"rendered":"http:\/\/hammamarab.com\/?post_type=product&#038;p=2264"},"modified":"2025-01-07T17:36:42","modified_gmt":"2025-01-07T16:36:42","slug":"reflexologia-podal","status":"publish","type":"product","link":"https:\/\/hammamarab.com\/ca\/tienda\/reflexologia-podal\/","title":{"rendered":"Reflexologia podal des de"},"content":{"rendered":"<p>La reflexologia podal \u00e9s un servei terap\u00e8utic que s&#039;enfoca a estimular els punts reflexes del peu per millorar la salut i el benestar del cos en general. Aquest tractament es basa en la idea que hi ha certes \u00e0rees als peus que corresponen a diferents \u00f2rgans i sistemes del cos, i que en estimular aquests punts, se&#039;n pot millorar el funcionament.<\/p>\n<p>El servei de reflexologia podal consisteix a aplicar diferents t\u00e8cniques manuals i pressions necess\u00e0ries als punts reflexos del peu, amb l&#039;objectiu d&#039;alleujar l&#039;estr\u00e8s, millorar la circulaci\u00f3 sangu\u00ednia, reduir la tensi\u00f3 muscular i promoure la relaxaci\u00f3. Aquest servei pot ser benefici\u00f3s per a aquells que pateixen problemes com l&#039;insomni, l&#039;estr\u00e8s, l&#039;ansietat, la fatiga i el dolor cr\u00f2nic.<\/p>\n<p>Durada 60 minuts<\/p>\n<p>[alert type=\u00bbsuccess\u00bb heading=\u00bbNom\u00e9s al centre de Vinar\u00f2s \u2014 Reserva online no disponible\u00bb] Truca&#039;ns o envia&#039;ns un missatge per Whatsapp per fer la teva reserva. +34 622 362 702 | +34 622 347 599[\/alert]<\/p>","protected":false},"excerpt":{"rendered":"<p style=\"color: red;\">El val t\u00e9 una caducitat de 3 mesos des de la compra.<\/p>","protected":false},"featured_media":2665,"template":"","meta":[],"product_brand":[],"product_cat":[25,33],"product_tag":[],"class_list":{"0":"post-2264","1":"product","2":"type-product","3":"status-publish","4":"has-post-thumbnail","6":"product_cat-estetica-y-bienestar","7":"product_cat-pies","9":"first","10":"instock","11":"featured","12":"virtual","13":"taxable","14":"purchasable","15":"product-type-simple"},"etheme_brands":{"errors":{"invalid_taxonomy":["Invalid taxonomy."]},"error_data":[]},"yoast_head":"<!-- This site is optimized with the Yoast SEO plugin v25.0 - https:\/\/yoast.com\/wordpress\/plugins\/seo\/ -->\n<title>Reflexolog\u00eda podal desde &#8226; Hammam Zineb<\/title>\n<meta name=\"description\" content=\"Reflexolog\u00eda podal desde\" \/>\n<meta name=\"robots\" content=\"index, follow, max-snippet:-1, max-image-preview:large, max-video-preview:-1\" \/>\n<link rel=\"canonical\" href=\"https:\/\/hammamarab.com\/ca\/tienda\/reflexologia-podal\/\" \/>\n<meta property=\"og:locale\" content=\"ca_ES\" \/>\n<meta property=\"og:type\" content=\"article\" \/>\n<meta property=\"og:title\" content=\"Reflexolog\u00eda podal desde &#8226; Hammam Zineb\" \/>\n<meta property=\"og:description\" content=\"Reflexolog\u00eda podal desde\" \/>\n<meta property=\"og:url\" content=\"https:\/\/hammamarab.com\/ca\/tienda\/reflexologia-podal\/\" \/>\n<meta property=\"og:site_name\" content=\"Hammam Zineb\" \/>\n<meta property=\"article:publisher\" content=\"https:\/\/www.facebook.com\/bano.marroqui.10\" \/>\n<meta property=\"article:modified_time\" content=\"2025-01-07T16:36:42+00:00\" \/>\n<meta property=\"og:image\" content=\"https:\/\/hammamarab.com\/wp-content\/uploads\/2024\/01\/Hammam-Zineb_Sala-Hammam.webp\" \/>\n\t<meta property=\"og:image:width\" content=\"1920\" \/>\n\t<meta property=\"og:image:height\" content=\"1281\" \/>\n\t<meta property=\"og:image:type\" content=\"image\/webp\" \/>\n<meta name=\"twitter:card\" content=\"summary_large_image\" \/>\n<script type=\"application\/ld+json\" class=\"yoast-schema-graph\">{\"@context\":\"https:\/\/schema.org\",\"@graph\":[{\"@type\":\"WebPage\",\"@id\":\"https:\/\/hammamarab.com\/tienda\/reflexologia-podal\/\",\"url\":\"https:\/\/hammamarab.com\/tienda\/reflexologia-podal\/\",\"name\":\"Reflexolog\u00eda podal desde &#8226; Hammam Zineb\",\"isPartOf\":{\"@id\":\"https:\/\/hammamarab.com\/#website\"},\"primaryImageOfPage\":{\"@id\":\"https:\/\/hammamarab.com\/tienda\/reflexologia-podal\/#primaryimage\"},\"image\":{\"@id\":\"https:\/\/hammamarab.com\/tienda\/reflexologia-podal\/#primaryimage\"},\"thumbnailUrl\":\"https:\/\/hammamarab.com\/wp-content\/uploads\/2024\/01\/Hammam-Zineb_Sala-Hammam.webp\",\"datePublished\":\"2023-02-17T15:08:16+00:00\",\"dateModified\":\"2025-01-07T16:36:42+00:00\",\"description\":\"Reflexolog\u00eda podal desde\",\"breadcrumb\":{\"@id\":\"https:\/\/hammamarab.com\/tienda\/reflexologia-podal\/#breadcrumb\"},\"inLanguage\":\"ca\",\"potentialAction\":[{\"@type\":\"ReadAction\",\"target\":[\"https:\/\/hammamarab.com\/tienda\/reflexologia-podal\/\"]}]},{\"@type\":\"ImageObject\",\"inLanguage\":\"ca\",\"@id\":\"https:\/\/hammamarab.com\/tienda\/reflexologia-podal\/#primaryimage\",\"url\":\"https:\/\/hammamarab.com\/wp-content\/uploads\/2024\/01\/Hammam-Zineb_Sala-Hammam.webp\",\"contentUrl\":\"https:\/\/hammamarab.com\/wp-content\/uploads\/2024\/01\/Hammam-Zineb_Sala-Hammam.webp\",\"width\":1920,\"height\":1281},{\"@type\":\"BreadcrumbList\",\"@id\":\"https:\/\/hammamarab.com\/tienda\/reflexologia-podal\/#breadcrumb\",\"itemListElement\":[{\"@type\":\"ListItem\",\"position\":1,\"name\":\"Inicio\",\"item\":\"https:\/\/hammamarab.com\/\"},{\"@type\":\"ListItem\",\"position\":2,\"name\":\"Tienda\",\"item\":\"https:\/\/hammamarab.com\/tienda\/\"},{\"@type\":\"ListItem\",\"position\":3,\"name\":\"Reflexolog\u00eda podal desde\"}]},{\"@type\":\"WebSite\",\"@id\":\"https:\/\/hammamarab.com\/#website\",\"url\":\"https:\/\/hammamarab.com\/\",\"name\":\"Hammam Zineb\",\"description\":\"Ba\u00f1o \u00e1rabe y centro de est\u00e9tica\",\"publisher\":{\"@id\":\"https:\/\/hammamarab.com\/#organization\"},\"potentialAction\":[{\"@type\":\"SearchAction\",\"target\":{\"@type\":\"EntryPoint\",\"urlTemplate\":\"https:\/\/hammamarab.com\/?s={search_term_string}\"},\"query-input\":{\"@type\":\"PropertyValueSpecification\",\"valueRequired\":true,\"valueName\":\"search_term_string\"}}],\"inLanguage\":\"ca\"},{\"@type\":\"Organization\",\"@id\":\"https:\/\/hammamarab.com\/#organization\",\"name\":\"Hammam Zineb\",\"url\":\"https:\/\/hammamarab.com\/\",\"logo\":{\"@type\":\"ImageObject\",\"inLanguage\":\"ca\",\"@id\":\"https:\/\/hammamarab.com\/#\/schema\/logo\/image\/\",\"url\":\"http:\/\/hammamarab.com\/wp-content\/uploads\/2022\/01\/Hammam-Zineb_Logo-Dark.svg\",\"contentUrl\":\"http:\/\/hammamarab.com\/wp-content\/uploads\/2022\/01\/Hammam-Zineb_Logo-Dark.svg\",\"width\":202,\"height\":202,\"caption\":\"Hammam Zineb\"},\"image\":{\"@id\":\"https:\/\/hammamarab.com\/#\/schema\/logo\/image\/\"},\"sameAs\":[\"https:\/\/www.facebook.com\/bano.marroqui.10\",\"https:\/\/www.instagram.com\/hammamycentroesteticazineb\/\"]}]}<\/script>\n<!-- \/ Yoast SEO plugin. -->","yoast_head_json":{"title":"Reflexolog\u00eda podal desde &#8226; Hammam Zineb","description":"Reflexolog\u00eda podal desde","robots":{"index":"index","follow":"follow","max-snippet":"max-snippet:-1","max-image-preview":"max-image-preview:large","max-video-preview":"max-video-preview:-1"},"canonical":"https:\/\/hammamarab.com\/ca\/tienda\/reflexologia-podal\/","og_locale":"ca_ES","og_type":"article","og_title":"Reflexolog\u00eda podal desde &#8226; Hammam Zineb","og_description":"Reflexolog\u00eda podal desde","og_url":"https:\/\/hammamarab.com\/ca\/tienda\/reflexologia-podal\/","og_site_name":"Hammam Zineb","article_publisher":"https:\/\/www.facebook.com\/bano.marroqui.10","article_modified_time":"2025-01-07T16:36:42+00:00","og_image":[{"width":1920,"height":1281,"url":"https:\/\/hammamarab.com\/wp-content\/uploads\/2024\/01\/Hammam-Zineb_Sala-Hammam.webp","type":"image\/webp"}],"twitter_card":"summary_large_image","schema":{"@context":"https:\/\/schema.org","@graph":[{"@type":"WebPage","@id":"https:\/\/hammamarab.com\/tienda\/reflexologia-podal\/","url":"https:\/\/hammamarab.com\/tienda\/reflexologia-podal\/","name":"Reflexolog\u00eda podal desde &#8226; Hammam Zineb","isPartOf":{"@id":"https:\/\/hammamarab.com\/#website"},"primaryImageOfPage":{"@id":"https:\/\/hammamarab.com\/tienda\/reflexologia-podal\/#primaryimage"},"image":{"@id":"https:\/\/hammamarab.com\/tienda\/reflexologia-podal\/#primaryimage"},"thumbnailUrl":"https:\/\/hammamarab.com\/wp-content\/uploads\/2024\/01\/Hammam-Zineb_Sala-Hammam.webp","datePublished":"2023-02-17T15:08:16+00:00","dateModified":"2025-01-07T16:36:42+00:00","description":"Reflexolog\u00eda podal desde","breadcrumb":{"@id":"https:\/\/hammamarab.com\/tienda\/reflexologia-podal\/#breadcrumb"},"inLanguage":"ca","potentialAction":[{"@type":"ReadAction","target":["https:\/\/hammamarab.com\/tienda\/reflexologia-podal\/"]}]},{"@type":"ImageObject","inLanguage":"ca","@id":"https:\/\/hammamarab.com\/tienda\/reflexologia-podal\/#primaryimage","url":"https:\/\/hammamarab.com\/wp-content\/uploads\/2024\/01\/Hammam-Zineb_Sala-Hammam.webp","contentUrl":"https:\/\/hammamarab.com\/wp-content\/uploads\/2024\/01\/Hammam-Zineb_Sala-Hammam.webp","width":1920,"height":1281},{"@type":"BreadcrumbList","@id":"https:\/\/hammamarab.com\/tienda\/reflexologia-podal\/#breadcrumb","itemListElement":[{"@type":"ListItem","position":1,"name":"Inicio","item":"https:\/\/hammamarab.com\/"},{"@type":"ListItem","position":2,"name":"Tienda","item":"https:\/\/hammamarab.com\/tienda\/"},{"@type":"ListItem","position":3,"name":"Reflexolog\u00eda podal desde"}]},{"@type":"WebSite","@id":"https:\/\/hammamarab.com\/#website","url":"https:\/\/hammamarab.com\/","name":"Hammam Zineb","description":"Ba\u00f1o \u00e1rabe y centro de est\u00e9tica","publisher":{"@id":"https:\/\/hammamarab.com\/#organization"},"potentialAction":[{"@type":"SearchAction","target":{"@type":"EntryPoint","urlTemplate":"https:\/\/hammamarab.com\/?s={search_term_string}"},"query-input":{"@type":"PropertyValueSpecification","valueRequired":true,"valueName":"search_term_string"}}],"inLanguage":"ca"},{"@type":"Organization","@id":"https:\/\/hammamarab.com\/#organization","name":"Hammam Zineb","url":"https:\/\/hammamarab.com\/","logo":{"@type":"ImageObject","inLanguage":"ca","@id":"https:\/\/hammamarab.com\/#\/schema\/logo\/image\/","url":"http:\/\/hammamarab.com\/wp-content\/uploads\/2022\/01\/Hammam-Zineb_Logo-Dark.svg","contentUrl":"http:\/\/hammamarab.com\/wp-content\/uploads\/2022\/01\/Hammam-Zineb_Logo-Dark.svg","width":202,"height":202,"caption":"Hammam Zineb"},"image":{"@id":"https:\/\/hammamarab.com\/#\/schema\/logo\/image\/"},"sameAs":["https:\/\/www.facebook.com\/bano.marroqui.10","https:\/\/www.instagram.com\/hammamycentroesteticazineb\/"]}]}},"_links":{"self":[{"href":"https:\/\/hammamarab.com\/ca\/wp-json\/wp\/v2\/product\/2264","targetHints":{"allow":["GET"]}}],"collection":[{"href":"https:\/\/hammamarab.com\/ca\/wp-json\/wp\/v2\/product"}],"about":[{"href":"https:\/\/hammamarab.com\/ca\/wp-json\/wp\/v2\/types\/product"}],"version-history":[{"count":4,"href":"https:\/\/hammamarab.com\/ca\/wp-json\/wp\/v2\/product\/2264\/revisions"}],"predecessor-version":[{"id":2885,"href":"https:\/\/hammamarab.com\/ca\/wp-json\/wp\/v2\/product\/2264\/revisions\/2885"}],"wp:featuredmedia":[{"embeddable":true,"href":"https:\/\/hammamarab.com\/ca\/wp-json\/wp\/v2\/media\/2665"}],"wp:attachment":[{"href":"https:\/\/hammamarab.com\/ca\/wp-json\/wp\/v2\/media?parent=2264"}],"wp:term":[{"taxonomy":"product_brand","embeddable":true,"href":"https:\/\/hammamarab.com\/ca\/wp-json\/wp\/v2\/product_brand?post=2264"},{"taxonomy":"product_cat","embeddable":true,"href":"https:\/\/hammamarab.com\/ca\/wp-json\/wp\/v2\/product_cat?post=2264"},{"taxonomy":"product_tag","embeddable":true,"href":"https:\/\/hammamarab.com\/ca\/wp-json\/wp\/v2\/product_tag?post=2264"}],"curies":[{"name":"wp","href":"https:\/\/api.w.org\/{rel}","templated":true}]}}