{"id":2306,"date":"2023-02-18T14:07:54","date_gmt":"2023-02-18T13:07:54","guid":{"rendered":"http:\/\/hammamarab.com\/?post_type=product&#038;p=2306"},"modified":"2024-03-27T10:40:05","modified_gmt":"2024-03-27T09:40:05","slug":"drenaje-linfatico","status":"publish","type":"product","link":"https:\/\/hammamarab.com\/ca\/tienda\/drenaje-linfatico\/","title":{"rendered":"Drenatge limf\u00e0tic (a mida)"},"content":{"rendered":"<p>Consulteu Preu.<\/p>\n<p>El drenatge limf\u00e0tic a mida \u00e9s un servei de massatge terap\u00e8utic que t\u00e9 com a objectiu estimular el sistema limf\u00e0tic per millorar la circulaci\u00f3 i l&#039;eliminaci\u00f3 de toxines del cos. Aquest tipus de massatge es fa en \u00e0rees espec\u00edfiques del cos, com les cames, els bra\u00e7os o l&#039;abdomen, per reduir la retenci\u00f3 de l\u00edquids i millorar l&#039;aparen\u00e7a de la pell. El drenatge limf\u00e0tic \u00e9s un tractament personalitzat, ja que el terapeuta ajusta la intensitat i la pressi\u00f3 del massatge en funci\u00f3 de les necessitats del client. Durant el tractament, el terapeuta utilitza moviments suaus i r\u00edtmics per estimular el sistema limf\u00e0tic i promoure l&#039;eliminaci\u00f3 de l\u00edquids i toxines.<\/p>\n<p>El drenatge limf\u00e0tic \u00e9s benefici\u00f3s per a aquells que experimenten inflor, retenci\u00f3 de l\u00edquids, mala circulaci\u00f3 o problemes de pell. Aquest tipus de massatge pot ajudar a reduir la cel\u00b7lulitis, millorar l&#039;aparen\u00e7a de les varius i alleujar la sensaci\u00f3 de cames cansades. El drenatge limf\u00e0tic \u00e9s un tractament no invasiu i segur que pot oferir resultats duradors.<\/p>\n<p>[alert type=\u00bbsuccess\u00bb heading=\u00bbNom\u00e9s al centre de Vinar\u00f2s \u2014 Reserva online no disponible\u00bb] Truca&#039;ns o envia&#039;ns un missatge per Whatsapp per fer la teva reserva. +34 622 362 702 | +34 622 347 599[\/alert]<\/p>","protected":false},"excerpt":{"rendered":"<p style=\"color:red;\">El val t\u00e9 una caducitat de 3 mesos des de la compra.<\/p>","protected":false},"featured_media":2464,"template":"","meta":[],"product_brand":[],"product_cat":[25,26],"product_tag":[],"class_list":{"0":"post-2306","1":"product","2":"type-product","3":"status-publish","4":"has-post-thumbnail","6":"product_cat-estetica-y-bienestar","7":"product_cat-masajes","9":"first","10":"instock","11":"featured","12":"virtual","13":"taxable","14":"product-type-simple"},"etheme_brands":{"errors":{"invalid_taxonomy":["Invalid taxonomy."]},"error_data":[]},"yoast_head":"<!-- This site is optimized with the Yoast SEO plugin v25.0 - https:\/\/yoast.com\/wordpress\/plugins\/seo\/ -->\n<title>Drenaje linf\u00e1tico (a medida) &#8226; Hammam Zineb<\/title>\n<meta name=\"description\" content=\"Drenaje linf\u00e1tico (a medida)\" \/>\n<meta name=\"robots\" content=\"index, follow, max-snippet:-1, max-image-preview:large, max-video-preview:-1\" \/>\n<link rel=\"canonical\" href=\"https:\/\/hammamarab.com\/ca\/tienda\/drenaje-linfatico\/\" \/>\n<meta property=\"og:locale\" content=\"ca_ES\" \/>\n<meta property=\"og:type\" content=\"article\" \/>\n<meta property=\"og:title\" content=\"Drenaje linf\u00e1tico (a medida) &#8226; Hammam Zineb\" \/>\n<meta property=\"og:description\" content=\"Drenaje linf\u00e1tico (a medida)\" \/>\n<meta property=\"og:url\" content=\"https:\/\/hammamarab.com\/ca\/tienda\/drenaje-linfatico\/\" \/>\n<meta property=\"og:site_name\" content=\"Hammam Zineb\" \/>\n<meta property=\"article:publisher\" content=\"https:\/\/www.facebook.com\/bano.marroqui.10\" \/>\n<meta property=\"article:modified_time\" content=\"2024-03-27T09:40:05+00:00\" \/>\n<meta property=\"og:image\" content=\"https:\/\/hammamarab.com\/wp-content\/uploads\/2023\/02\/Hammam-Zineb-Tratamiento-de-pies.webp\" \/>\n\t<meta property=\"og:image:width\" content=\"800\" \/>\n\t<meta property=\"og:image:height\" content=\"800\" \/>\n\t<meta property=\"og:image:type\" content=\"image\/webp\" \/>\n<meta name=\"twitter:card\" content=\"summary_large_image\" \/>\n<script type=\"application\/ld+json\" class=\"yoast-schema-graph\">{\"@context\":\"https:\/\/schema.org\",\"@graph\":[{\"@type\":\"WebPage\",\"@id\":\"https:\/\/hammamarab.com\/tienda\/drenaje-linfatico\/\",\"url\":\"https:\/\/hammamarab.com\/tienda\/drenaje-linfatico\/\",\"name\":\"Drenaje linf\u00e1tico (a medida) &#8226; Hammam Zineb\",\"isPartOf\":{\"@id\":\"https:\/\/hammamarab.com\/#website\"},\"primaryImageOfPage\":{\"@id\":\"https:\/\/hammamarab.com\/tienda\/drenaje-linfatico\/#primaryimage\"},\"image\":{\"@id\":\"https:\/\/hammamarab.com\/tienda\/drenaje-linfatico\/#primaryimage\"},\"thumbnailUrl\":\"https:\/\/hammamarab.com\/wp-content\/uploads\/2023\/02\/Hammam-Zineb-Tratamiento-de-pies.webp\",\"datePublished\":\"2023-02-18T13:07:54+00:00\",\"dateModified\":\"2024-03-27T09:40:05+00:00\",\"description\":\"Drenaje linf\u00e1tico (a medida)\",\"breadcrumb\":{\"@id\":\"https:\/\/hammamarab.com\/tienda\/drenaje-linfatico\/#breadcrumb\"},\"inLanguage\":\"ca\",\"potentialAction\":[{\"@type\":\"ReadAction\",\"target\":[\"https:\/\/hammamarab.com\/tienda\/drenaje-linfatico\/\"]}]},{\"@type\":\"ImageObject\",\"inLanguage\":\"ca\",\"@id\":\"https:\/\/hammamarab.com\/tienda\/drenaje-linfatico\/#primaryimage\",\"url\":\"https:\/\/hammamarab.com\/wp-content\/uploads\/2023\/02\/Hammam-Zineb-Tratamiento-de-pies.webp\",\"contentUrl\":\"https:\/\/hammamarab.com\/wp-content\/uploads\/2023\/02\/Hammam-Zineb-Tratamiento-de-pies.webp\",\"width\":800,\"height\":800},{\"@type\":\"BreadcrumbList\",\"@id\":\"https:\/\/hammamarab.com\/tienda\/drenaje-linfatico\/#breadcrumb\",\"itemListElement\":[{\"@type\":\"ListItem\",\"position\":1,\"name\":\"Inicio\",\"item\":\"https:\/\/hammamarab.com\/\"},{\"@type\":\"ListItem\",\"position\":2,\"name\":\"Tienda\",\"item\":\"https:\/\/hammamarab.com\/tienda\/\"},{\"@type\":\"ListItem\",\"position\":3,\"name\":\"Drenaje linf\u00e1tico (a medida)\"}]},{\"@type\":\"WebSite\",\"@id\":\"https:\/\/hammamarab.com\/#website\",\"url\":\"https:\/\/hammamarab.com\/\",\"name\":\"Hammam Zineb\",\"description\":\"Ba\u00f1o \u00e1rabe y centro de est\u00e9tica\",\"publisher\":{\"@id\":\"https:\/\/hammamarab.com\/#organization\"},\"potentialAction\":[{\"@type\":\"SearchAction\",\"target\":{\"@type\":\"EntryPoint\",\"urlTemplate\":\"https:\/\/hammamarab.com\/?s={search_term_string}\"},\"query-input\":{\"@type\":\"PropertyValueSpecification\",\"valueRequired\":true,\"valueName\":\"search_term_string\"}}],\"inLanguage\":\"ca\"},{\"@type\":\"Organization\",\"@id\":\"https:\/\/hammamarab.com\/#organization\",\"name\":\"Hammam Zineb\",\"url\":\"https:\/\/hammamarab.com\/\",\"logo\":{\"@type\":\"ImageObject\",\"inLanguage\":\"ca\",\"@id\":\"https:\/\/hammamarab.com\/#\/schema\/logo\/image\/\",\"url\":\"http:\/\/hammamarab.com\/wp-content\/uploads\/2022\/01\/Hammam-Zineb_Logo-Dark.svg\",\"contentUrl\":\"http:\/\/hammamarab.com\/wp-content\/uploads\/2022\/01\/Hammam-Zineb_Logo-Dark.svg\",\"width\":202,\"height\":202,\"caption\":\"Hammam Zineb\"},\"image\":{\"@id\":\"https:\/\/hammamarab.com\/#\/schema\/logo\/image\/\"},\"sameAs\":[\"https:\/\/www.facebook.com\/bano.marroqui.10\",\"https:\/\/www.instagram.com\/hammamycentroesteticazineb\/\"]}]}<\/script>\n<!-- \/ Yoast SEO plugin. -->","yoast_head_json":{"title":"Drenaje linf\u00e1tico (a medida) &#8226; Hammam Zineb","description":"Drenaje linf\u00e1tico (a medida)","robots":{"index":"index","follow":"follow","max-snippet":"max-snippet:-1","max-image-preview":"max-image-preview:large","max-video-preview":"max-video-preview:-1"},"canonical":"https:\/\/hammamarab.com\/ca\/tienda\/drenaje-linfatico\/","og_locale":"ca_ES","og_type":"article","og_title":"Drenaje linf\u00e1tico (a medida) &#8226; Hammam Zineb","og_description":"Drenaje linf\u00e1tico (a medida)","og_url":"https:\/\/hammamarab.com\/ca\/tienda\/drenaje-linfatico\/","og_site_name":"Hammam Zineb","article_publisher":"https:\/\/www.facebook.com\/bano.marroqui.10","article_modified_time":"2024-03-27T09:40:05+00:00","og_image":[{"width":800,"height":800,"url":"https:\/\/hammamarab.com\/wp-content\/uploads\/2023\/02\/Hammam-Zineb-Tratamiento-de-pies.webp","type":"image\/webp"}],"twitter_card":"summary_large_image","schema":{"@context":"https:\/\/schema.org","@graph":[{"@type":"WebPage","@id":"https:\/\/hammamarab.com\/tienda\/drenaje-linfatico\/","url":"https:\/\/hammamarab.com\/tienda\/drenaje-linfatico\/","name":"Drenaje linf\u00e1tico (a medida) &#8226; Hammam Zineb","isPartOf":{"@id":"https:\/\/hammamarab.com\/#website"},"primaryImageOfPage":{"@id":"https:\/\/hammamarab.com\/tienda\/drenaje-linfatico\/#primaryimage"},"image":{"@id":"https:\/\/hammamarab.com\/tienda\/drenaje-linfatico\/#primaryimage"},"thumbnailUrl":"https:\/\/hammamarab.com\/wp-content\/uploads\/2023\/02\/Hammam-Zineb-Tratamiento-de-pies.webp","datePublished":"2023-02-18T13:07:54+00:00","dateModified":"2024-03-27T09:40:05+00:00","description":"Drenaje linf\u00e1tico (a medida)","breadcrumb":{"@id":"https:\/\/hammamarab.com\/tienda\/drenaje-linfatico\/#breadcrumb"},"inLanguage":"ca","potentialAction":[{"@type":"ReadAction","target":["https:\/\/hammamarab.com\/tienda\/drenaje-linfatico\/"]}]},{"@type":"ImageObject","inLanguage":"ca","@id":"https:\/\/hammamarab.com\/tienda\/drenaje-linfatico\/#primaryimage","url":"https:\/\/hammamarab.com\/wp-content\/uploads\/2023\/02\/Hammam-Zineb-Tratamiento-de-pies.webp","contentUrl":"https:\/\/hammamarab.com\/wp-content\/uploads\/2023\/02\/Hammam-Zineb-Tratamiento-de-pies.webp","width":800,"height":800},{"@type":"BreadcrumbList","@id":"https:\/\/hammamarab.com\/tienda\/drenaje-linfatico\/#breadcrumb","itemListElement":[{"@type":"ListItem","position":1,"name":"Inicio","item":"https:\/\/hammamarab.com\/"},{"@type":"ListItem","position":2,"name":"Tienda","item":"https:\/\/hammamarab.com\/tienda\/"},{"@type":"ListItem","position":3,"name":"Drenaje linf\u00e1tico (a medida)"}]},{"@type":"WebSite","@id":"https:\/\/hammamarab.com\/#website","url":"https:\/\/hammamarab.com\/","name":"Hammam Zineb","description":"Ba\u00f1o \u00e1rabe y centro de est\u00e9tica","publisher":{"@id":"https:\/\/hammamarab.com\/#organization"},"potentialAction":[{"@type":"SearchAction","target":{"@type":"EntryPoint","urlTemplate":"https:\/\/hammamarab.com\/?s={search_term_string}"},"query-input":{"@type":"PropertyValueSpecification","valueRequired":true,"valueName":"search_term_string"}}],"inLanguage":"ca"},{"@type":"Organization","@id":"https:\/\/hammamarab.com\/#organization","name":"Hammam Zineb","url":"https:\/\/hammamarab.com\/","logo":{"@type":"ImageObject","inLanguage":"ca","@id":"https:\/\/hammamarab.com\/#\/schema\/logo\/image\/","url":"http:\/\/hammamarab.com\/wp-content\/uploads\/2022\/01\/Hammam-Zineb_Logo-Dark.svg","contentUrl":"http:\/\/hammamarab.com\/wp-content\/uploads\/2022\/01\/Hammam-Zineb_Logo-Dark.svg","width":202,"height":202,"caption":"Hammam Zineb"},"image":{"@id":"https:\/\/hammamarab.com\/#\/schema\/logo\/image\/"},"sameAs":["https:\/\/www.facebook.com\/bano.marroqui.10","https:\/\/www.instagram.com\/hammamycentroesteticazineb\/"]}]}},"_links":{"self":[{"href":"https:\/\/hammamarab.com\/ca\/wp-json\/wp\/v2\/product\/2306","targetHints":{"allow":["GET"]}}],"collection":[{"href":"https:\/\/hammamarab.com\/ca\/wp-json\/wp\/v2\/product"}],"about":[{"href":"https:\/\/hammamarab.com\/ca\/wp-json\/wp\/v2\/types\/product"}],"version-history":[{"count":2,"href":"https:\/\/hammamarab.com\/ca\/wp-json\/wp\/v2\/product\/2306\/revisions"}],"predecessor-version":[{"id":2765,"href":"https:\/\/hammamarab.com\/ca\/wp-json\/wp\/v2\/product\/2306\/revisions\/2765"}],"wp:featuredmedia":[{"embeddable":true,"href":"https:\/\/hammamarab.com\/ca\/wp-json\/wp\/v2\/media\/2464"}],"wp:attachment":[{"href":"https:\/\/hammamarab.com\/ca\/wp-json\/wp\/v2\/media?parent=2306"}],"wp:term":[{"taxonomy":"product_brand","embeddable":true,"href":"https:\/\/hammamarab.com\/ca\/wp-json\/wp\/v2\/product_brand?post=2306"},{"taxonomy":"product_cat","embeddable":true,"href":"https:\/\/hammamarab.com\/ca\/wp-json\/wp\/v2\/product_cat?post=2306"},{"taxonomy":"product_tag","embeddable":true,"href":"https:\/\/hammamarab.com\/ca\/wp-json\/wp\/v2\/product_tag?post=2306"}],"curies":[{"name":"wp","href":"https:\/\/api.w.org\/{rel}","templated":true}]}}