{"id":2308,"date":"2023-02-19T12:39:54","date_gmt":"2023-02-19T11:39:54","guid":{"rendered":"http:\/\/hammamarab.com\/?post_type=product&#038;p=2308"},"modified":"2026-02-20T10:29:33","modified_gmt":"2026-02-20T09:29:33","slug":"pack-vap-exfo-mask","status":"publish","type":"product","link":"https:\/\/hammamarab.com\/ca\/tienda\/pack-vap-exfo-mask\/","title":{"rendered":"Pack VAP-Exfo-Mask"},"content":{"rendered":"<ul>\n<li>Acc\u00e9s a la sala de vapor.<\/li>\n<li>Exfoliaci\u00f3 corporal amb sab\u00f3 negre i guant kessa.<\/li>\n<li>Embolcall amb m\u00e0scara a base d&#039;argila. Una argila que es troba sobretot a les terres del Marroc, barreja amb plantes naturals, oli d&#039;Arg\u00e1n i aigua de roses.<\/li>\n<li>Dutxa i degustaci\u00f3 de te marroqu\u00ed.<\/li>\n<\/ul>","protected":false},"excerpt":{"rendered":"<p style=\"color: red;\">El val t\u00e9 una caducitat de 6 mesos des de la compra.<\/p>","protected":false},"featured_media":1051,"template":"","meta":[],"product_brand":[],"product_cat":[24],"product_tag":[],"class_list":{"0":"post-2308","1":"product","2":"type-product","3":"status-publish","4":"has-post-thumbnail","6":"product_cat-hammam","8":"first","9":"instock","10":"featured","11":"virtual","12":"taxable","13":"purchasable","14":"product-type-simple"},"etheme_brands":{"errors":{"invalid_taxonomy":["Invalid taxonomy."]},"error_data":[]},"yoast_head":"<!-- This site is optimized with the Yoast SEO plugin v25.0 - https:\/\/yoast.com\/wordpress\/plugins\/seo\/ -->\n<title>Pack VAP-Exfo-Mask &#8226; Hammam Zineb<\/title>\n<meta name=\"robots\" content=\"index, follow, max-snippet:-1, max-image-preview:large, max-video-preview:-1\" \/>\n<link rel=\"canonical\" href=\"https:\/\/hammamarab.com\/ca\/tienda\/pack-vap-exfo-mask\/\" \/>\n<meta property=\"og:locale\" content=\"ca_ES\" \/>\n<meta property=\"og:type\" content=\"article\" \/>\n<meta property=\"og:title\" content=\"Pack VAP-Exfo-Mask &#8226; Hammam Zineb\" \/>\n<meta property=\"og:description\" content=\"El vale tiene una caducidad de 6 meses desde la compra.\" \/>\n<meta property=\"og:url\" content=\"https:\/\/hammamarab.com\/ca\/tienda\/pack-vap-exfo-mask\/\" \/>\n<meta property=\"og:site_name\" content=\"Hammam Zineb\" \/>\n<meta property=\"article:publisher\" content=\"https:\/\/www.facebook.com\/bano.marroqui.10\" \/>\n<meta property=\"article:modified_time\" content=\"2026-02-20T09:29:33+00:00\" \/>\n<meta property=\"og:image\" content=\"https:\/\/hammamarab.com\/wp-content\/uploads\/2022\/02\/Hammam-Zineb-Masaje-Guante-Kessa.jpg\" \/>\n\t<meta property=\"og:image:width\" content=\"1920\" \/>\n\t<meta property=\"og:image:height\" content=\"1280\" \/>\n\t<meta property=\"og:image:type\" content=\"image\/jpeg\" \/>\n<meta name=\"twitter:card\" content=\"summary_large_image\" \/>\n<script type=\"application\/ld+json\" class=\"yoast-schema-graph\">{\"@context\":\"https:\/\/schema.org\",\"@graph\":[{\"@type\":\"WebPage\",\"@id\":\"https:\/\/hammamarab.com\/tienda\/pack-vap-exfo-mask\/\",\"url\":\"https:\/\/hammamarab.com\/tienda\/pack-vap-exfo-mask\/\",\"name\":\"Pack VAP-Exfo-Mask &#8226; Hammam Zineb\",\"isPartOf\":{\"@id\":\"https:\/\/hammamarab.com\/#website\"},\"primaryImageOfPage\":{\"@id\":\"https:\/\/hammamarab.com\/tienda\/pack-vap-exfo-mask\/#primaryimage\"},\"image\":{\"@id\":\"https:\/\/hammamarab.com\/tienda\/pack-vap-exfo-mask\/#primaryimage\"},\"thumbnailUrl\":\"https:\/\/hammamarab.com\/wp-content\/uploads\/2022\/02\/Hammam-Zineb-Masaje-Guante-Kessa.jpg\",\"datePublished\":\"2023-02-19T11:39:54+00:00\",\"dateModified\":\"2026-02-20T09:29:33+00:00\",\"breadcrumb\":{\"@id\":\"https:\/\/hammamarab.com\/tienda\/pack-vap-exfo-mask\/#breadcrumb\"},\"inLanguage\":\"ca\",\"potentialAction\":[{\"@type\":\"ReadAction\",\"target\":[\"https:\/\/hammamarab.com\/tienda\/pack-vap-exfo-mask\/\"]}]},{\"@type\":\"ImageObject\",\"inLanguage\":\"ca\",\"@id\":\"https:\/\/hammamarab.com\/tienda\/pack-vap-exfo-mask\/#primaryimage\",\"url\":\"https:\/\/hammamarab.com\/wp-content\/uploads\/2022\/02\/Hammam-Zineb-Masaje-Guante-Kessa.jpg\",\"contentUrl\":\"https:\/\/hammamarab.com\/wp-content\/uploads\/2022\/02\/Hammam-Zineb-Masaje-Guante-Kessa.jpg\",\"width\":1920,\"height\":1280},{\"@type\":\"BreadcrumbList\",\"@id\":\"https:\/\/hammamarab.com\/tienda\/pack-vap-exfo-mask\/#breadcrumb\",\"itemListElement\":[{\"@type\":\"ListItem\",\"position\":1,\"name\":\"Inicio\",\"item\":\"https:\/\/hammamarab.com\/\"},{\"@type\":\"ListItem\",\"position\":2,\"name\":\"Tienda\",\"item\":\"https:\/\/hammamarab.com\/tienda\/\"},{\"@type\":\"ListItem\",\"position\":3,\"name\":\"Pack VAP-Exfo-Mask\"}]},{\"@type\":\"WebSite\",\"@id\":\"https:\/\/hammamarab.com\/#website\",\"url\":\"https:\/\/hammamarab.com\/\",\"name\":\"Hammam Zineb\",\"description\":\"Ba\u00f1o \u00e1rabe y centro de est\u00e9tica\",\"publisher\":{\"@id\":\"https:\/\/hammamarab.com\/#organization\"},\"potentialAction\":[{\"@type\":\"SearchAction\",\"target\":{\"@type\":\"EntryPoint\",\"urlTemplate\":\"https:\/\/hammamarab.com\/?s={search_term_string}\"},\"query-input\":{\"@type\":\"PropertyValueSpecification\",\"valueRequired\":true,\"valueName\":\"search_term_string\"}}],\"inLanguage\":\"ca\"},{\"@type\":\"Organization\",\"@id\":\"https:\/\/hammamarab.com\/#organization\",\"name\":\"Hammam Zineb\",\"url\":\"https:\/\/hammamarab.com\/\",\"logo\":{\"@type\":\"ImageObject\",\"inLanguage\":\"ca\",\"@id\":\"https:\/\/hammamarab.com\/#\/schema\/logo\/image\/\",\"url\":\"http:\/\/hammamarab.com\/wp-content\/uploads\/2022\/01\/Hammam-Zineb_Logo-Dark.svg\",\"contentUrl\":\"http:\/\/hammamarab.com\/wp-content\/uploads\/2022\/01\/Hammam-Zineb_Logo-Dark.svg\",\"width\":202,\"height\":202,\"caption\":\"Hammam Zineb\"},\"image\":{\"@id\":\"https:\/\/hammamarab.com\/#\/schema\/logo\/image\/\"},\"sameAs\":[\"https:\/\/www.facebook.com\/bano.marroqui.10\",\"https:\/\/www.instagram.com\/hammamycentroesteticazineb\/\"]}]}<\/script>\n<!-- \/ Yoast SEO plugin. -->","yoast_head_json":{"title":"Pack VAP-Exfo-Mask &#8226; Hammam Zineb","robots":{"index":"index","follow":"follow","max-snippet":"max-snippet:-1","max-image-preview":"max-image-preview:large","max-video-preview":"max-video-preview:-1"},"canonical":"https:\/\/hammamarab.com\/ca\/tienda\/pack-vap-exfo-mask\/","og_locale":"ca_ES","og_type":"article","og_title":"Pack VAP-Exfo-Mask &#8226; Hammam Zineb","og_description":"El vale tiene una caducidad de 6 meses desde la compra.","og_url":"https:\/\/hammamarab.com\/ca\/tienda\/pack-vap-exfo-mask\/","og_site_name":"Hammam Zineb","article_publisher":"https:\/\/www.facebook.com\/bano.marroqui.10","article_modified_time":"2026-02-20T09:29:33+00:00","og_image":[{"width":1920,"height":1280,"url":"https:\/\/hammamarab.com\/wp-content\/uploads\/2022\/02\/Hammam-Zineb-Masaje-Guante-Kessa.jpg","type":"image\/jpeg"}],"twitter_card":"summary_large_image","schema":{"@context":"https:\/\/schema.org","@graph":[{"@type":"WebPage","@id":"https:\/\/hammamarab.com\/tienda\/pack-vap-exfo-mask\/","url":"https:\/\/hammamarab.com\/tienda\/pack-vap-exfo-mask\/","name":"Pack VAP-Exfo-Mask &#8226; Hammam Zineb","isPartOf":{"@id":"https:\/\/hammamarab.com\/#website"},"primaryImageOfPage":{"@id":"https:\/\/hammamarab.com\/tienda\/pack-vap-exfo-mask\/#primaryimage"},"image":{"@id":"https:\/\/hammamarab.com\/tienda\/pack-vap-exfo-mask\/#primaryimage"},"thumbnailUrl":"https:\/\/hammamarab.com\/wp-content\/uploads\/2022\/02\/Hammam-Zineb-Masaje-Guante-Kessa.jpg","datePublished":"2023-02-19T11:39:54+00:00","dateModified":"2026-02-20T09:29:33+00:00","breadcrumb":{"@id":"https:\/\/hammamarab.com\/tienda\/pack-vap-exfo-mask\/#breadcrumb"},"inLanguage":"ca","potentialAction":[{"@type":"ReadAction","target":["https:\/\/hammamarab.com\/tienda\/pack-vap-exfo-mask\/"]}]},{"@type":"ImageObject","inLanguage":"ca","@id":"https:\/\/hammamarab.com\/tienda\/pack-vap-exfo-mask\/#primaryimage","url":"https:\/\/hammamarab.com\/wp-content\/uploads\/2022\/02\/Hammam-Zineb-Masaje-Guante-Kessa.jpg","contentUrl":"https:\/\/hammamarab.com\/wp-content\/uploads\/2022\/02\/Hammam-Zineb-Masaje-Guante-Kessa.jpg","width":1920,"height":1280},{"@type":"BreadcrumbList","@id":"https:\/\/hammamarab.com\/tienda\/pack-vap-exfo-mask\/#breadcrumb","itemListElement":[{"@type":"ListItem","position":1,"name":"Inicio","item":"https:\/\/hammamarab.com\/"},{"@type":"ListItem","position":2,"name":"Tienda","item":"https:\/\/hammamarab.com\/tienda\/"},{"@type":"ListItem","position":3,"name":"Pack VAP-Exfo-Mask"}]},{"@type":"WebSite","@id":"https:\/\/hammamarab.com\/#website","url":"https:\/\/hammamarab.com\/","name":"Hammam Zineb","description":"Ba\u00f1o \u00e1rabe y centro de est\u00e9tica","publisher":{"@id":"https:\/\/hammamarab.com\/#organization"},"potentialAction":[{"@type":"SearchAction","target":{"@type":"EntryPoint","urlTemplate":"https:\/\/hammamarab.com\/?s={search_term_string}"},"query-input":{"@type":"PropertyValueSpecification","valueRequired":true,"valueName":"search_term_string"}}],"inLanguage":"ca"},{"@type":"Organization","@id":"https:\/\/hammamarab.com\/#organization","name":"Hammam Zineb","url":"https:\/\/hammamarab.com\/","logo":{"@type":"ImageObject","inLanguage":"ca","@id":"https:\/\/hammamarab.com\/#\/schema\/logo\/image\/","url":"http:\/\/hammamarab.com\/wp-content\/uploads\/2022\/01\/Hammam-Zineb_Logo-Dark.svg","contentUrl":"http:\/\/hammamarab.com\/wp-content\/uploads\/2022\/01\/Hammam-Zineb_Logo-Dark.svg","width":202,"height":202,"caption":"Hammam Zineb"},"image":{"@id":"https:\/\/hammamarab.com\/#\/schema\/logo\/image\/"},"sameAs":["https:\/\/www.facebook.com\/bano.marroqui.10","https:\/\/www.instagram.com\/hammamycentroesteticazineb\/"]}]}},"_links":{"self":[{"href":"https:\/\/hammamarab.com\/ca\/wp-json\/wp\/v2\/product\/2308","targetHints":{"allow":["GET"]}}],"collection":[{"href":"https:\/\/hammamarab.com\/ca\/wp-json\/wp\/v2\/product"}],"about":[{"href":"https:\/\/hammamarab.com\/ca\/wp-json\/wp\/v2\/types\/product"}],"version-history":[{"count":2,"href":"https:\/\/hammamarab.com\/ca\/wp-json\/wp\/v2\/product\/2308\/revisions"}],"predecessor-version":[{"id":2879,"href":"https:\/\/hammamarab.com\/ca\/wp-json\/wp\/v2\/product\/2308\/revisions\/2879"}],"wp:featuredmedia":[{"embeddable":true,"href":"https:\/\/hammamarab.com\/ca\/wp-json\/wp\/v2\/media\/1051"}],"wp:attachment":[{"href":"https:\/\/hammamarab.com\/ca\/wp-json\/wp\/v2\/media?parent=2308"}],"wp:term":[{"taxonomy":"product_brand","embeddable":true,"href":"https:\/\/hammamarab.com\/ca\/wp-json\/wp\/v2\/product_brand?post=2308"},{"taxonomy":"product_cat","embeddable":true,"href":"https:\/\/hammamarab.com\/ca\/wp-json\/wp\/v2\/product_cat?post=2308"},{"taxonomy":"product_tag","embeddable":true,"href":"https:\/\/hammamarab.com\/ca\/wp-json\/wp\/v2\/product_tag?post=2308"}],"curies":[{"name":"wp","href":"https:\/\/api.w.org\/{rel}","templated":true}]}}