{"id":2552,"date":"2023-07-12T11:19:08","date_gmt":"2023-07-12T09:19:08","guid":{"rendered":"http:\/\/hammamarab.com\/?post_type=product&#038;p=2552"},"modified":"2024-03-27T10:41:31","modified_gmt":"2024-03-27T09:41:31","slug":"tratamiento-con-luz-led-35-min","status":"publish","type":"product","link":"https:\/\/hammamarab.com\/ca\/tienda\/tratamiento-con-luz-led-35-min\/","title":{"rendered":"Tractament amb llum LED (35 min)"},"content":{"rendered":"<p>[alert type=\u00bbsuccess\u00bb heading=\u00bbNom\u00e9s al centre de Vinar\u00f2s \u2014 Reserva online no disponible\u00bb] Truca&#039;ns o envia&#039;ns un missatge per Whatsapp per fer la teva reserva. +34 622 362 702 | +34 622 347 599[\/alert]<\/p>","protected":false},"excerpt":{"rendered":"<p style=\"color:red;\">El val t\u00e9 una caducitat de 3 mesos des de la compra.<\/p>","protected":false},"featured_media":2584,"template":"","meta":[],"product_brand":[],"product_cat":[25],"product_tag":[],"class_list":{"0":"post-2552","1":"product","2":"type-product","3":"status-publish","4":"has-post-thumbnail","6":"product_cat-estetica-y-bienestar","8":"first","9":"instock","10":"virtual","11":"taxable","12":"purchasable","13":"product-type-simple"},"etheme_brands":{"errors":{"invalid_taxonomy":["Invalid taxonomy."]},"error_data":[]},"yoast_head":"<!-- This site is optimized with the Yoast SEO plugin v25.0 - https:\/\/yoast.com\/wordpress\/plugins\/seo\/ -->\n<title>Tratamiento con luz LED (35 min) &#8226; Hammam Zineb<\/title>\n<meta name=\"description\" content=\"Tratamiento con luz LED (35 min)\" \/>\n<meta name=\"robots\" content=\"index, follow, max-snippet:-1, max-image-preview:large, max-video-preview:-1\" \/>\n<link rel=\"canonical\" href=\"https:\/\/hammamarab.com\/ca\/tienda\/tratamiento-con-luz-led-35-min\/\" \/>\n<meta property=\"og:locale\" content=\"ca_ES\" \/>\n<meta property=\"og:type\" content=\"article\" \/>\n<meta property=\"og:title\" content=\"Tratamiento con luz LED (35 min) &#8226; Hammam Zineb\" \/>\n<meta property=\"og:description\" content=\"Tratamiento con luz LED (35 min)\" \/>\n<meta property=\"og:url\" content=\"https:\/\/hammamarab.com\/ca\/tienda\/tratamiento-con-luz-led-35-min\/\" \/>\n<meta property=\"og:site_name\" content=\"Hammam Zineb\" \/>\n<meta property=\"article:publisher\" content=\"https:\/\/www.facebook.com\/bano.marroqui.10\" \/>\n<meta property=\"article:modified_time\" content=\"2024-03-27T09:41:31+00:00\" \/>\n<meta property=\"og:image\" content=\"https:\/\/hammamarab.com\/wp-content\/uploads\/2023\/07\/WhatsApp-Image-2023-07-20-at-09.06.16.jpeg\" \/>\n\t<meta property=\"og:image:width\" content=\"950\" \/>\n\t<meta property=\"og:image:height\" content=\"960\" \/>\n\t<meta property=\"og:image:type\" content=\"image\/jpeg\" \/>\n<meta name=\"twitter:card\" content=\"summary_large_image\" \/>\n<script type=\"application\/ld+json\" class=\"yoast-schema-graph\">{\"@context\":\"https:\/\/schema.org\",\"@graph\":[{\"@type\":\"WebPage\",\"@id\":\"https:\/\/hammamarab.com\/tienda\/tratamiento-con-luz-led-35-min\/\",\"url\":\"https:\/\/hammamarab.com\/tienda\/tratamiento-con-luz-led-35-min\/\",\"name\":\"Tratamiento con luz LED (35 min) &#8226; Hammam Zineb\",\"isPartOf\":{\"@id\":\"https:\/\/hammamarab.com\/#website\"},\"primaryImageOfPage\":{\"@id\":\"https:\/\/hammamarab.com\/tienda\/tratamiento-con-luz-led-35-min\/#primaryimage\"},\"image\":{\"@id\":\"https:\/\/hammamarab.com\/tienda\/tratamiento-con-luz-led-35-min\/#primaryimage\"},\"thumbnailUrl\":\"https:\/\/hammamarab.com\/wp-content\/uploads\/2023\/07\/WhatsApp-Image-2023-07-20-at-09.06.16.jpeg\",\"datePublished\":\"2023-07-12T09:19:08+00:00\",\"dateModified\":\"2024-03-27T09:41:31+00:00\",\"description\":\"Tratamiento con luz LED (35 min)\",\"breadcrumb\":{\"@id\":\"https:\/\/hammamarab.com\/tienda\/tratamiento-con-luz-led-35-min\/#breadcrumb\"},\"inLanguage\":\"ca\",\"potentialAction\":[{\"@type\":\"ReadAction\",\"target\":[\"https:\/\/hammamarab.com\/tienda\/tratamiento-con-luz-led-35-min\/\"]}]},{\"@type\":\"ImageObject\",\"inLanguage\":\"ca\",\"@id\":\"https:\/\/hammamarab.com\/tienda\/tratamiento-con-luz-led-35-min\/#primaryimage\",\"url\":\"https:\/\/hammamarab.com\/wp-content\/uploads\/2023\/07\/WhatsApp-Image-2023-07-20-at-09.06.16.jpeg\",\"contentUrl\":\"https:\/\/hammamarab.com\/wp-content\/uploads\/2023\/07\/WhatsApp-Image-2023-07-20-at-09.06.16.jpeg\",\"width\":950,\"height\":960},{\"@type\":\"BreadcrumbList\",\"@id\":\"https:\/\/hammamarab.com\/tienda\/tratamiento-con-luz-led-35-min\/#breadcrumb\",\"itemListElement\":[{\"@type\":\"ListItem\",\"position\":1,\"name\":\"Inicio\",\"item\":\"https:\/\/hammamarab.com\/\"},{\"@type\":\"ListItem\",\"position\":2,\"name\":\"Tienda\",\"item\":\"https:\/\/hammamarab.com\/tienda\/\"},{\"@type\":\"ListItem\",\"position\":3,\"name\":\"Tratamiento con luz LED (35 min)\"}]},{\"@type\":\"WebSite\",\"@id\":\"https:\/\/hammamarab.com\/#website\",\"url\":\"https:\/\/hammamarab.com\/\",\"name\":\"Hammam Zineb\",\"description\":\"Ba\u00f1o \u00e1rabe y centro de est\u00e9tica\",\"publisher\":{\"@id\":\"https:\/\/hammamarab.com\/#organization\"},\"potentialAction\":[{\"@type\":\"SearchAction\",\"target\":{\"@type\":\"EntryPoint\",\"urlTemplate\":\"https:\/\/hammamarab.com\/?s={search_term_string}\"},\"query-input\":{\"@type\":\"PropertyValueSpecification\",\"valueRequired\":true,\"valueName\":\"search_term_string\"}}],\"inLanguage\":\"ca\"},{\"@type\":\"Organization\",\"@id\":\"https:\/\/hammamarab.com\/#organization\",\"name\":\"Hammam Zineb\",\"url\":\"https:\/\/hammamarab.com\/\",\"logo\":{\"@type\":\"ImageObject\",\"inLanguage\":\"ca\",\"@id\":\"https:\/\/hammamarab.com\/#\/schema\/logo\/image\/\",\"url\":\"http:\/\/hammamarab.com\/wp-content\/uploads\/2022\/01\/Hammam-Zineb_Logo-Dark.svg\",\"contentUrl\":\"http:\/\/hammamarab.com\/wp-content\/uploads\/2022\/01\/Hammam-Zineb_Logo-Dark.svg\",\"width\":202,\"height\":202,\"caption\":\"Hammam Zineb\"},\"image\":{\"@id\":\"https:\/\/hammamarab.com\/#\/schema\/logo\/image\/\"},\"sameAs\":[\"https:\/\/www.facebook.com\/bano.marroqui.10\",\"https:\/\/www.instagram.com\/hammamycentroesteticazineb\/\"]}]}<\/script>\n<!-- \/ Yoast SEO plugin. -->","yoast_head_json":{"title":"Tratamiento con luz LED (35 min) &#8226; Hammam Zineb","description":"Tratamiento con luz LED (35 min)","robots":{"index":"index","follow":"follow","max-snippet":"max-snippet:-1","max-image-preview":"max-image-preview:large","max-video-preview":"max-video-preview:-1"},"canonical":"https:\/\/hammamarab.com\/ca\/tienda\/tratamiento-con-luz-led-35-min\/","og_locale":"ca_ES","og_type":"article","og_title":"Tratamiento con luz LED (35 min) &#8226; Hammam Zineb","og_description":"Tratamiento con luz LED (35 min)","og_url":"https:\/\/hammamarab.com\/ca\/tienda\/tratamiento-con-luz-led-35-min\/","og_site_name":"Hammam Zineb","article_publisher":"https:\/\/www.facebook.com\/bano.marroqui.10","article_modified_time":"2024-03-27T09:41:31+00:00","og_image":[{"width":950,"height":960,"url":"https:\/\/hammamarab.com\/wp-content\/uploads\/2023\/07\/WhatsApp-Image-2023-07-20-at-09.06.16.jpeg","type":"image\/jpeg"}],"twitter_card":"summary_large_image","schema":{"@context":"https:\/\/schema.org","@graph":[{"@type":"WebPage","@id":"https:\/\/hammamarab.com\/tienda\/tratamiento-con-luz-led-35-min\/","url":"https:\/\/hammamarab.com\/tienda\/tratamiento-con-luz-led-35-min\/","name":"Tratamiento con luz LED (35 min) &#8226; Hammam Zineb","isPartOf":{"@id":"https:\/\/hammamarab.com\/#website"},"primaryImageOfPage":{"@id":"https:\/\/hammamarab.com\/tienda\/tratamiento-con-luz-led-35-min\/#primaryimage"},"image":{"@id":"https:\/\/hammamarab.com\/tienda\/tratamiento-con-luz-led-35-min\/#primaryimage"},"thumbnailUrl":"https:\/\/hammamarab.com\/wp-content\/uploads\/2023\/07\/WhatsApp-Image-2023-07-20-at-09.06.16.jpeg","datePublished":"2023-07-12T09:19:08+00:00","dateModified":"2024-03-27T09:41:31+00:00","description":"Tratamiento con luz LED (35 min)","breadcrumb":{"@id":"https:\/\/hammamarab.com\/tienda\/tratamiento-con-luz-led-35-min\/#breadcrumb"},"inLanguage":"ca","potentialAction":[{"@type":"ReadAction","target":["https:\/\/hammamarab.com\/tienda\/tratamiento-con-luz-led-35-min\/"]}]},{"@type":"ImageObject","inLanguage":"ca","@id":"https:\/\/hammamarab.com\/tienda\/tratamiento-con-luz-led-35-min\/#primaryimage","url":"https:\/\/hammamarab.com\/wp-content\/uploads\/2023\/07\/WhatsApp-Image-2023-07-20-at-09.06.16.jpeg","contentUrl":"https:\/\/hammamarab.com\/wp-content\/uploads\/2023\/07\/WhatsApp-Image-2023-07-20-at-09.06.16.jpeg","width":950,"height":960},{"@type":"BreadcrumbList","@id":"https:\/\/hammamarab.com\/tienda\/tratamiento-con-luz-led-35-min\/#breadcrumb","itemListElement":[{"@type":"ListItem","position":1,"name":"Inicio","item":"https:\/\/hammamarab.com\/"},{"@type":"ListItem","position":2,"name":"Tienda","item":"https:\/\/hammamarab.com\/tienda\/"},{"@type":"ListItem","position":3,"name":"Tratamiento con luz LED (35 min)"}]},{"@type":"WebSite","@id":"https:\/\/hammamarab.com\/#website","url":"https:\/\/hammamarab.com\/","name":"Hammam Zineb","description":"Ba\u00f1o \u00e1rabe y centro de est\u00e9tica","publisher":{"@id":"https:\/\/hammamarab.com\/#organization"},"potentialAction":[{"@type":"SearchAction","target":{"@type":"EntryPoint","urlTemplate":"https:\/\/hammamarab.com\/?s={search_term_string}"},"query-input":{"@type":"PropertyValueSpecification","valueRequired":true,"valueName":"search_term_string"}}],"inLanguage":"ca"},{"@type":"Organization","@id":"https:\/\/hammamarab.com\/#organization","name":"Hammam Zineb","url":"https:\/\/hammamarab.com\/","logo":{"@type":"ImageObject","inLanguage":"ca","@id":"https:\/\/hammamarab.com\/#\/schema\/logo\/image\/","url":"http:\/\/hammamarab.com\/wp-content\/uploads\/2022\/01\/Hammam-Zineb_Logo-Dark.svg","contentUrl":"http:\/\/hammamarab.com\/wp-content\/uploads\/2022\/01\/Hammam-Zineb_Logo-Dark.svg","width":202,"height":202,"caption":"Hammam Zineb"},"image":{"@id":"https:\/\/hammamarab.com\/#\/schema\/logo\/image\/"},"sameAs":["https:\/\/www.facebook.com\/bano.marroqui.10","https:\/\/www.instagram.com\/hammamycentroesteticazineb\/"]}]}},"_links":{"self":[{"href":"https:\/\/hammamarab.com\/ca\/wp-json\/wp\/v2\/product\/2552","targetHints":{"allow":["GET"]}}],"collection":[{"href":"https:\/\/hammamarab.com\/ca\/wp-json\/wp\/v2\/product"}],"about":[{"href":"https:\/\/hammamarab.com\/ca\/wp-json\/wp\/v2\/types\/product"}],"version-history":[{"count":2,"href":"https:\/\/hammamarab.com\/ca\/wp-json\/wp\/v2\/product\/2552\/revisions"}],"predecessor-version":[{"id":2769,"href":"https:\/\/hammamarab.com\/ca\/wp-json\/wp\/v2\/product\/2552\/revisions\/2769"}],"wp:featuredmedia":[{"embeddable":true,"href":"https:\/\/hammamarab.com\/ca\/wp-json\/wp\/v2\/media\/2584"}],"wp:attachment":[{"href":"https:\/\/hammamarab.com\/ca\/wp-json\/wp\/v2\/media?parent=2552"}],"wp:term":[{"taxonomy":"product_brand","embeddable":true,"href":"https:\/\/hammamarab.com\/ca\/wp-json\/wp\/v2\/product_brand?post=2552"},{"taxonomy":"product_cat","embeddable":true,"href":"https:\/\/hammamarab.com\/ca\/wp-json\/wp\/v2\/product_cat?post=2552"},{"taxonomy":"product_tag","embeddable":true,"href":"https:\/\/hammamarab.com\/ca\/wp-json\/wp\/v2\/product_tag?post=2552"}],"curies":[{"name":"wp","href":"https:\/\/api.w.org\/{rel}","templated":true}]}}