{"id":2830,"date":"2024-07-26T11:45:09","date_gmt":"2024-07-26T09:45:09","guid":{"rendered":"http:\/\/hammamarab.com\/?page_id=2830"},"modified":"2024-07-26T11:48:43","modified_gmt":"2024-07-26T09:48:43","slug":"tratamientos-en-la-pobla-de-massaluca","status":"publish","type":"page","link":"https:\/\/hammamarab.com\/en\/tratamientos-en-la-pobla-de-massaluca\/","title":{"rendered":"Treatments in La Pobla de Massaluca"},"content":{"rendered":"<div data-elementor-type=\"wp-page\" data-elementor-id=\"2830\" class=\"elementor elementor-2830\" data-elementor-post-type=\"page\">\n\t\t\t\t<div class=\"elementor-element elementor-element-ef0dc2d e-flex e-con-boxed e-con e-parent\" data-id=\"ef0dc2d\" data-element_type=\"container\" data-settings=\"{&quot;background_background&quot;:&quot;classic&quot;,&quot;shape_divider_bottom&quot;:&quot;waves&quot;}\">\n\t\t\t\t\t<div class=\"e-con-inner\">\n\t\t\t\t<div class=\"elementor-shape elementor-shape-bottom\" data-negative=\"false\">\n\t\t\t<svg xmlns=\"http:\/\/www.w3.org\/2000\/svg\" viewbox=\"0 0 1000 100\" preserveaspectratio=\"none\">\n\t<path class=\"elementor-shape-fill\" d=\"M421.9,6.5c22.6-2.5,51.5,0.4,75.5,5.3c23.6,4.9,70.9,23.5,100.5,35.7c75.8,32.2,133.7,44.5,192.6,49.7\tc23.6,2.1,48.7,3.5,103.4-2.5c54.7-6,106.2-25.6,106.2-25.6V0H0v30.3c0,0,72,32.6,158.4,30.5c39.2-0.7,92.8-6.7,134-22.4\tc21.2-8.1,52.2-18.2,79.7-24.2C399.3,7.9,411.6,7.5,421.9,6.5z\"\/>\n<\/svg>\t\t<\/div>\n\t\t<div class=\"elementor-element elementor-element-ec8d084 e-con-full e-flex e-con e-child\" data-id=\"ec8d084\" data-element_type=\"container\">\n\t\t\t\t<div class=\"elementor-element elementor-element-5c9722b elementor-widget elementor-widget-heading\" data-id=\"5c9722b\" data-element_type=\"widget\" data-widget_type=\"heading.default\">\n\t\t\t\t<div class=\"elementor-widget-container\">\n\t\t\t\t\t<h1 class=\"elementor-heading-title elementor-size-default\">Our Treatments in La Pobla de Massaluca<\/h1>\t\t\t\t<\/div>\n\t\t\t\t<\/div>\n\t\t\t\t<\/div>\n\t\t<div class=\"elementor-element elementor-element-38fc4f1 e-con-full e-flex e-con e-child\" data-id=\"38fc4f1\" data-element_type=\"container\">\n\t\t\t\t<div class=\"elementor-element elementor-element-c5fd674 elementor-widget__width-initial elementor-widget elementor-widget-text-editor\" data-id=\"c5fd674\" data-element_type=\"widget\" data-widget_type=\"text-editor.default\">\n\t\t\t\t<div class=\"elementor-widget-container\">\n\t\t\t\t\t\t\t\t\t<p>Hammam Zineb has a variety of relaxation treatments. Give yourself that necessary break \u2014a massage to maintain your health in times of stress is not a luxury, it is a necessity.\u00a0<\/p>\t\t\t\t\t\t\t\t<\/div>\n\t\t\t\t<\/div>\n\t\t\t\t<div class=\"elementor-element elementor-element-08a3c7e elementor-tablet-align-center elementor-widget-tablet__width-inherit elementor-align-left elementor-widget elementor-widget-button\" data-id=\"08a3c7e\" data-element_type=\"widget\" data-widget_type=\"button.default\">\n\t\t\t\t<div class=\"elementor-widget-container\">\n\t\t\t\t\t\t\t\t\t<div class=\"elementor-button-wrapper\">\n\t\t\t\t\t<a class=\"elementor-button elementor-button-link elementor-size-md elementor-animation-grow\" href=\"#pide-cita\">\n\t\t\t\t\t\t<span class=\"elementor-button-content-wrapper\">\n\t\t\t\t\t\t\t\t\t<span class=\"elementor-button-text\">Book Now<\/span>\n\t\t\t\t\t<\/span>\n\t\t\t\t\t<\/a>\n\t\t\t\t<\/div>\n\t\t\t\t\t\t\t\t<\/div>\n\t\t\t\t<\/div>\n\t\t\t\t<\/div>\n\t\t\t\t\t<\/div>\n\t\t\t\t<\/div>\n\t\t<div class=\"elementor-element elementor-element-5ff1620 e-flex e-con-boxed e-con e-parent\" data-id=\"5ff1620\" data-element_type=\"container\">\n\t\t\t\t\t<div class=\"e-con-inner\">\n\t\t\t\t<div class=\"elementor-element elementor-element-bb62144 elementor-widget elementor-widget-etheme_product_grid\" data-id=\"bb62144\" data-element_type=\"widget\" data-settings=\"{&quot;cols&quot;:&quot;3&quot;,&quot;cols_mobile&quot;:&quot;1&quot;,&quot;navigation&quot;:&quot;scroll&quot;,&quot;posts_per_page&quot;:6,&quot;query_type&quot;:&quot;all&quot;,&quot;cols_gap&quot;:{&quot;unit&quot;:&quot;px&quot;,&quot;size&quot;:&quot;&quot;,&quot;sizes&quot;:[]},&quot;cols_gap_tablet&quot;:{&quot;unit&quot;:&quot;px&quot;,&quot;size&quot;:&quot;&quot;,&quot;sizes&quot;:[]},&quot;cols_gap_mobile&quot;:{&quot;unit&quot;:&quot;px&quot;,&quot;size&quot;:&quot;&quot;,&quot;sizes&quot;:[]},&quot;rows_gap&quot;:{&quot;unit&quot;:&quot;px&quot;,&quot;size&quot;:&quot;&quot;,&quot;sizes&quot;:[]},&quot;rows_gap_tablet&quot;:{&quot;unit&quot;:&quot;px&quot;,&quot;size&quot;:&quot;&quot;,&quot;sizes&quot;:[]},&quot;rows_gap_mobile&quot;:{&quot;unit&quot;:&quot;px&quot;,&quot;size&quot;:&quot;&quot;,&quot;sizes&quot;:[]}}\" data-widget_type=\"etheme_product_grid.default\">\n\t\t\t\t<div class=\"elementor-widget-container\">\n\t\t\t\t\t        <link rel=\"stylesheet\" href=\"https:\/\/hammamarab.com\/wp-content\/themes\/xstore\/css\/modules\/woocommerce\/archive.min.css?ver=9.3.11\" type=\"text\/css\" media=\"all\" \/> \t\t        <link rel=\"stylesheet\" href=\"https:\/\/hammamarab.com\/wp-content\/themes\/xstore\/css\/modules\/woocommerce\/product-hovers\/product-view-mask2.min.css?ver=9.3.11\" type=\"text\/css\" media=\"all\" \/> \t\t<div class=\"etheme-product-grid etheme-product-grid-bordered\">\r\n\r\n        <div class=\"etheme-product-grid-item etheme-product-hover-mask3 etheme-product-hover-mode-white product type-product post-2308 status-publish first instock product_cat-hammam has-post-thumbnail featured virtual taxable purchasable product-type-simple\">\r\n        <div class=\"etheme-product-grid-image\"><a href=\"https:\/\/hammamarab.com\/en\/tienda\/pack-vap-exfo-mask\/\"><img loading=\"lazy\" decoding=\"async\" width=\"300\" height=\"300\" src=\"https:\/\/hammamarab.com\/wp-content\/uploads\/2022\/02\/Hammam-Zineb-Masaje-Guante-Kessa-300x300.jpg\" class=\"attachment-woocommerce_thumbnail size-woocommerce_thumbnail\" alt=\"Pack VAP-Exfo-Mask\" srcset=\"https:\/\/hammamarab.com\/wp-content\/uploads\/2022\/02\/Hammam-Zineb-Masaje-Guante-Kessa-300x300.jpg 300w, https:\/\/hammamarab.com\/wp-content\/uploads\/2022\/02\/Hammam-Zineb-Masaje-Guante-Kessa-100x100.jpg 100w, https:\/\/hammamarab.com\/wp-content\/uploads\/2022\/02\/Hammam-Zineb-Masaje-Guante-Kessa-150x150.jpg 150w\" sizes=\"auto, (max-width: 300px) 100vw, 300px\" \/><\/a>                         <footer>\r\n                             <div class=\"footer-inner\"><a href=\"?add-to-cart=2308\" aria-describedby=\"woocommerce_loop_add_to_cart_link_describedby_2308\" data-quantity=\"1\" class=\"button product_type_simple add_to_cart_button ajax_add_to_cart\" data-product_id=\"2308\" data-product_sku=\"\" aria-label=\"Add to basket: \u201cPack VAP-Exfo-Mask\u201d\" rel=\"nofollow\" data-success_message=\"\u201cPack VAP-Exfo-Mask\u201d has been added to your cart\" data-product_name=\"Pack VAP-Exfo-Mask\" title=\"Minimum qty is 1\" data-no-translation-aria-label=\"\" data-no-translation-data-success_message=\"\"><svg fill=\"currentColor\" xmlns=\"http:\/\/www.w3.org\/2000\/svg\" width=\"1em\" height=\"1em\" viewbox=\"0 0 24 24\"><path d=\"M20.304 5.544v0c-0.024-0.696-0.576-1.224-1.272-1.224h-2.304c-0.288-2.424-2.304-4.248-4.728-4.248-2.448 0-4.464 1.824-4.728 4.248h-2.28c-0.696 0-1.272 0.576-1.272 1.248l-0.624 15.936c-0.024 0.648 0.192 1.272 0.624 1.728 0.432 0.48 1.008 0.72 1.68 0.72h13.176c0.624 0 1.2-0.24 1.68-0.72 0.408-0.456 0.624-1.056 0.624-1.704l-0.576-15.984zM9.12 4.296c0.288-1.344 1.464-2.376 2.88-2.376s2.592 1.032 2.88 2.4l-5.76-0.024zM8.184 8.664c0.528 0 0.936-0.408 0.936-0.936v-1.536h5.832v1.536c0 0.528 0.408 0.936 0.936 0.936s0.936-0.408 0.936-0.936v-1.536h1.68l0.576 15.336c-0.024 0.144-0.072 0.288-0.168 0.384s-0.216 0.144-0.312 0.144h-13.2c-0.12 0-0.24-0.048-0.336-0.144-0.072-0.072-0.12-0.192-0.096-0.336l0.6-15.384h1.704v1.536c-0.024 0.528 0.384 0.936 0.912 0.936z\"><\/path><\/svg><\/a>\t<span id=\"woocommerce_loop_add_to_cart_link_describedby_2308\" class=\"screen-reader-text\">\n\t\t\t<\/span>\n<\/div>                         <\/footer>\r\n                 <\/div><div class=\"etheme-product-grid-content\"><div class=\"etheme-product-grid-categories\"><a href=\"https:\/\/hammamarab.com\/en\/product-category\/hammam\/\" rel=\"tag\">Hammam<\/a><\/div><h2 class=\"woocommerce-loop-product__title etheme-product-grid-title\"><a href=\"https:\/\/hammamarab.com\/en\/tienda\/pack-vap-exfo-mask\/\">VAP-Exfo-Mask Pack<\/a><\/h2><div class=\"star-rating-wrapper\"><\/div>\n\t<span class=\"price\"><span class=\"woocommerce-Price-amount amount\"><bdi>150,00&nbsp;<span class=\"woocommerce-Price-currencySymbol\">\u20ac<\/span><\/bdi><\/span><\/span>\n<\/div>        <\/div>\r\n                <div class=\"etheme-product-grid-item etheme-product-hover-mask3 etheme-product-hover-mode-white product type-product post-2309 status-publish instock product_cat-hammam has-post-thumbnail virtual taxable purchasable product-type-simple\">\r\n        <div class=\"etheme-product-grid-image\"><a href=\"https:\/\/hammamarab.com\/en\/tienda\/pack-hammam\/\"><img loading=\"lazy\" decoding=\"async\" width=\"300\" height=\"300\" src=\"https:\/\/hammamarab.com\/wp-content\/uploads\/2022\/01\/Hammam-Zineb_Sala-Hammam_02-300x300.jpg\" class=\"attachment-woocommerce_thumbnail size-woocommerce_thumbnail\" alt=\"Pack Hammam\" srcset=\"https:\/\/hammamarab.com\/wp-content\/uploads\/2022\/01\/Hammam-Zineb_Sala-Hammam_02-300x300.jpg 300w, https:\/\/hammamarab.com\/wp-content\/uploads\/2022\/01\/Hammam-Zineb_Sala-Hammam_02-100x100.jpg 100w, https:\/\/hammamarab.com\/wp-content\/uploads\/2022\/01\/Hammam-Zineb_Sala-Hammam_02-150x150.jpg 150w\" sizes=\"auto, (max-width: 300px) 100vw, 300px\" \/><\/a>                         <footer>\r\n                             <div class=\"footer-inner\"><a href=\"?add-to-cart=2309\" aria-describedby=\"woocommerce_loop_add_to_cart_link_describedby_2309\" data-quantity=\"1\" class=\"button product_type_simple add_to_cart_button ajax_add_to_cart\" data-product_id=\"2309\" data-product_sku=\"\" aria-label=\"Add to basket: \u201cPack Hammam\u201d\" rel=\"nofollow\" data-success_message=\"\u201cPack Hammam\u201d has been added to your cart\" data-product_name=\"Pack Hammam\" title=\"Minimum qty is 1\" data-no-translation-aria-label=\"\" data-no-translation-data-success_message=\"\"><svg fill=\"currentColor\" xmlns=\"http:\/\/www.w3.org\/2000\/svg\" width=\"1em\" height=\"1em\" viewbox=\"0 0 24 24\"><path d=\"M20.304 5.544v0c-0.024-0.696-0.576-1.224-1.272-1.224h-2.304c-0.288-2.424-2.304-4.248-4.728-4.248-2.448 0-4.464 1.824-4.728 4.248h-2.28c-0.696 0-1.272 0.576-1.272 1.248l-0.624 15.936c-0.024 0.648 0.192 1.272 0.624 1.728 0.432 0.48 1.008 0.72 1.68 0.72h13.176c0.624 0 1.2-0.24 1.68-0.72 0.408-0.456 0.624-1.056 0.624-1.704l-0.576-15.984zM9.12 4.296c0.288-1.344 1.464-2.376 2.88-2.376s2.592 1.032 2.88 2.4l-5.76-0.024zM8.184 8.664c0.528 0 0.936-0.408 0.936-0.936v-1.536h5.832v1.536c0 0.528 0.408 0.936 0.936 0.936s0.936-0.408 0.936-0.936v-1.536h1.68l0.576 15.336c-0.024 0.144-0.072 0.288-0.168 0.384s-0.216 0.144-0.312 0.144h-13.2c-0.12 0-0.24-0.048-0.336-0.144-0.072-0.072-0.12-0.192-0.096-0.336l0.6-15.384h1.704v1.536c-0.024 0.528 0.384 0.936 0.912 0.936z\"><\/path><\/svg><\/a>\t<span id=\"woocommerce_loop_add_to_cart_link_describedby_2309\" class=\"screen-reader-text\">\n\t\t\t<\/span>\n<\/div>                         <\/footer>\r\n                 <\/div><div class=\"etheme-product-grid-content\"><div class=\"etheme-product-grid-categories\"><a href=\"https:\/\/hammamarab.com\/en\/product-category\/hammam\/\" rel=\"tag\">Hammam<\/a><\/div><h2 class=\"woocommerce-loop-product__title etheme-product-grid-title\"><a href=\"https:\/\/hammamarab.com\/en\/tienda\/pack-hammam\/\">Hammam Package<\/a><\/h2><div class=\"star-rating-wrapper\"><\/div>\n\t<span class=\"price\"><span class=\"woocommerce-Price-amount amount\"><bdi>214,00&nbsp;<span class=\"woocommerce-Price-currencySymbol\">\u20ac<\/span><\/bdi><\/span><\/span>\n<\/div>        <\/div>\r\n                <div class=\"etheme-product-grid-item etheme-product-hover-mask3 etheme-product-hover-mode-white product type-product post-2310 status-publish last instock product_cat-hammam has-post-thumbnail taxable shipping-taxable purchasable product-type-simple\">\r\n        <div class=\"etheme-product-grid-image\"><a href=\"https:\/\/hammamarab.com\/en\/tienda\/pack-raha\/\"><img loading=\"lazy\" decoding=\"async\" width=\"300\" height=\"300\" src=\"https:\/\/hammamarab.com\/wp-content\/uploads\/2022\/01\/Hammam-Zineb-Masaje-con-aceite-de-argan-300x300.jpg\" class=\"attachment-woocommerce_thumbnail size-woocommerce_thumbnail\" alt=\"Pack Raha\" srcset=\"https:\/\/hammamarab.com\/wp-content\/uploads\/2022\/01\/Hammam-Zineb-Masaje-con-aceite-de-argan-300x300.jpg 300w, https:\/\/hammamarab.com\/wp-content\/uploads\/2022\/01\/Hammam-Zineb-Masaje-con-aceite-de-argan-100x100.jpg 100w, https:\/\/hammamarab.com\/wp-content\/uploads\/2022\/01\/Hammam-Zineb-Masaje-con-aceite-de-argan-150x150.jpg 150w, https:\/\/hammamarab.com\/wp-content\/uploads\/2022\/01\/Hammam-Zineb-Masaje-con-aceite-de-argan-230x230.jpg 230w, https:\/\/hammamarab.com\/wp-content\/uploads\/2022\/01\/Hammam-Zineb-Masaje-con-aceite-de-argan-400x400.jpg 400w\" sizes=\"auto, (max-width: 300px) 100vw, 300px\" \/><\/a>                         <footer>\r\n                             <div class=\"footer-inner\"><a href=\"?add-to-cart=2310\" aria-describedby=\"woocommerce_loop_add_to_cart_link_describedby_2310\" data-quantity=\"1\" class=\"button product_type_simple add_to_cart_button ajax_add_to_cart\" data-product_id=\"2310\" data-product_sku=\"\" aria-label=\"Add to basket: \u201cPack Raha\u201d\" rel=\"nofollow\" data-success_message=\"\u201cPack Raha\u201d has been added to your cart\" data-product_name=\"Pack Raha\" title=\"Minimum qty is 1\" data-no-translation-aria-label=\"\" data-no-translation-data-success_message=\"\"><svg fill=\"currentColor\" xmlns=\"http:\/\/www.w3.org\/2000\/svg\" width=\"1em\" height=\"1em\" viewbox=\"0 0 24 24\"><path d=\"M20.304 5.544v0c-0.024-0.696-0.576-1.224-1.272-1.224h-2.304c-0.288-2.424-2.304-4.248-4.728-4.248-2.448 0-4.464 1.824-4.728 4.248h-2.28c-0.696 0-1.272 0.576-1.272 1.248l-0.624 15.936c-0.024 0.648 0.192 1.272 0.624 1.728 0.432 0.48 1.008 0.72 1.68 0.72h13.176c0.624 0 1.2-0.24 1.68-0.72 0.408-0.456 0.624-1.056 0.624-1.704l-0.576-15.984zM9.12 4.296c0.288-1.344 1.464-2.376 2.88-2.376s2.592 1.032 2.88 2.4l-5.76-0.024zM8.184 8.664c0.528 0 0.936-0.408 0.936-0.936v-1.536h5.832v1.536c0 0.528 0.408 0.936 0.936 0.936s0.936-0.408 0.936-0.936v-1.536h1.68l0.576 15.336c-0.024 0.144-0.072 0.288-0.168 0.384s-0.216 0.144-0.312 0.144h-13.2c-0.12 0-0.24-0.048-0.336-0.144-0.072-0.072-0.12-0.192-0.096-0.336l0.6-15.384h1.704v1.536c-0.024 0.528 0.384 0.936 0.912 0.936z\"><\/path><\/svg><\/a>\t<span id=\"woocommerce_loop_add_to_cart_link_describedby_2310\" class=\"screen-reader-text\">\n\t\t\t<\/span>\n<\/div>                         <\/footer>\r\n                 <\/div><div class=\"etheme-product-grid-content\"><div class=\"etheme-product-grid-categories\"><a href=\"https:\/\/hammamarab.com\/en\/product-category\/hammam\/\" rel=\"tag\">Hammam<\/a><\/div><h2 class=\"woocommerce-loop-product__title etheme-product-grid-title\"><a href=\"https:\/\/hammamarab.com\/en\/tienda\/pack-raha\/\">Raha Bundle<\/a><\/h2><div class=\"star-rating-wrapper\"><\/div>\n\t<span class=\"price\"><span class=\"woocommerce-Price-amount amount\"><bdi>350,00&nbsp;<span class=\"woocommerce-Price-currencySymbol\">\u20ac<\/span><\/bdi><\/span><\/span>\n<\/div>        <\/div>\r\n        <\/div> <!-- .row -->\t\t\t\t<\/div>\n\t\t\t\t<\/div>\n\t\t\t\t\t<\/div>\n\t\t\t\t<\/div>\n\t\t<div class=\"elementor-element elementor-element-c28786f e-con-full e-flex e-con e-parent\" data-id=\"c28786f\" data-element_type=\"container\" id=\"pide-cita\">\n\t\t\t\t<div class=\"elementor-element elementor-element-dd13885 elementor-widget elementor-widget-heading\" data-id=\"dd13885\" data-element_type=\"widget\" data-widget_type=\"heading.default\">\n\t\t\t\t<div class=\"elementor-widget-container\">\n\t\t\t\t\t<h2 class=\"elementor-heading-title elementor-size-default\">Choose one of our centers<\/h2>\t\t\t\t<\/div>\n\t\t\t\t<\/div>\n\t\t\t\t<div class=\"elementor-element elementor-element-c2b54c5 elementor-widget elementor-widget-heading\" data-id=\"c2b54c5\" data-element_type=\"widget\" data-widget_type=\"heading.default\">\n\t\t\t\t<div class=\"elementor-widget-container\">\n\t\t\t\t\t<h3 class=\"elementor-heading-title elementor-size-default\">Where will we meet?<\/h3>\t\t\t\t<\/div>\n\t\t\t\t<\/div>\n\t\t\t\t<div class=\"elementor-element elementor-element-1b4aeca elementor-widget elementor-widget-spacer\" data-id=\"1b4aeca\" data-element_type=\"widget\" data-widget_type=\"spacer.default\">\n\t\t\t\t<div class=\"elementor-widget-container\">\n\t\t\t\t\t\t\t<div class=\"elementor-spacer\">\n\t\t\t<div class=\"elementor-spacer-inner\"><\/div>\n\t\t<\/div>\n\t\t\t\t\t\t<\/div>\n\t\t\t\t<\/div>\n\t\t\t\t<\/div>\n\t\t\t\t<\/div>","protected":false},"excerpt":{"rendered":"<p>Our Treatments in La Pobla de Massaluca Hammam Zineb offer a variety of relaxation treatments. Treat yourself to that much-needed break\u2014a massage to keep your\u2026<\/p>","protected":false},"author":14,"featured_media":0,"parent":0,"menu_order":0,"comment_status":"closed","ping_status":"closed","template":"elementor_header_footer","meta":{"footnotes":""},"class_list":["post-2830","page","type-page","status-publish","hentry"],"yoast_head":"<!-- This site is optimized with the Yoast SEO plugin v25.0 - https:\/\/yoast.com\/wordpress\/plugins\/seo\/ -->\n<title>Tratamientos en La Pobla de Massaluca &#8226; Hammam Zineb<\/title>\n<meta name=\"description\" content=\"Hammam Zineb tiene una variedad de tratamientos de relajaci\u00f3n. Date ese necesario descanso en tiempos de estr\u00e9s.\" \/>\n<meta name=\"robots\" content=\"index, follow, max-snippet:-1, max-image-preview:large, max-video-preview:-1\" \/>\n<link rel=\"canonical\" href=\"https:\/\/hammamarab.com\/en\/tratamientos-en-la-pobla-de-massaluca\/\" \/>\n<meta property=\"og:locale\" content=\"en_GB\" \/>\n<meta property=\"og:type\" content=\"article\" \/>\n<meta property=\"og:title\" content=\"Tratamientos en La Pobla de Massaluca &#8226; Hammam Zineb\" \/>\n<meta property=\"og:description\" content=\"Hammam Zineb tiene una variedad de tratamientos de relajaci\u00f3n. Date ese necesario descanso en tiempos de estr\u00e9s.\" \/>\n<meta property=\"og:url\" content=\"https:\/\/hammamarab.com\/en\/tratamientos-en-la-pobla-de-massaluca\/\" \/>\n<meta property=\"og:site_name\" content=\"Hammam Zineb\" \/>\n<meta property=\"article:publisher\" content=\"https:\/\/www.facebook.com\/bano.marroqui.10\" \/>\n<meta property=\"article:modified_time\" content=\"2024-07-26T09:48:43+00:00\" \/>\n<meta property=\"og:image\" content=\"http:\/\/hammamarab.com\/wp-content\/uploads\/2022\/02\/Hammam-Zineb-Masaje-Guante-Kessa-300x300.jpg\" \/>\n<meta name=\"twitter:card\" content=\"summary_large_image\" \/>\n<script type=\"application\/ld+json\" class=\"yoast-schema-graph\">{\"@context\":\"https:\/\/schema.org\",\"@graph\":[{\"@type\":\"WebPage\",\"@id\":\"https:\/\/hammamarab.com\/tratamientos-en-la-pobla-de-massaluca\/\",\"url\":\"https:\/\/hammamarab.com\/tratamientos-en-la-pobla-de-massaluca\/\",\"name\":\"Tratamientos en La Pobla de Massaluca &#8226; Hammam Zineb\",\"isPartOf\":{\"@id\":\"https:\/\/hammamarab.com\/#website\"},\"primaryImageOfPage\":{\"@id\":\"https:\/\/hammamarab.com\/tratamientos-en-la-pobla-de-massaluca\/#primaryimage\"},\"image\":{\"@id\":\"https:\/\/hammamarab.com\/tratamientos-en-la-pobla-de-massaluca\/#primaryimage\"},\"thumbnailUrl\":\"http:\/\/hammamarab.com\/wp-content\/uploads\/2022\/02\/Hammam-Zineb-Masaje-Guante-Kessa-300x300.jpg\",\"datePublished\":\"2024-07-26T09:45:09+00:00\",\"dateModified\":\"2024-07-26T09:48:43+00:00\",\"description\":\"Hammam Zineb tiene una variedad de tratamientos de relajaci\u00f3n. Date ese necesario descanso en tiempos de estr\u00e9s.\",\"breadcrumb\":{\"@id\":\"https:\/\/hammamarab.com\/tratamientos-en-la-pobla-de-massaluca\/#breadcrumb\"},\"inLanguage\":\"en-GB\",\"potentialAction\":[{\"@type\":\"ReadAction\",\"target\":[\"https:\/\/hammamarab.com\/tratamientos-en-la-pobla-de-massaluca\/\"]}]},{\"@type\":\"ImageObject\",\"inLanguage\":\"en-GB\",\"@id\":\"https:\/\/hammamarab.com\/tratamientos-en-la-pobla-de-massaluca\/#primaryimage\",\"url\":\"http:\/\/hammamarab.com\/wp-content\/uploads\/2022\/02\/Hammam-Zineb-Masaje-Guante-Kessa-300x300.jpg\",\"contentUrl\":\"http:\/\/hammamarab.com\/wp-content\/uploads\/2022\/02\/Hammam-Zineb-Masaje-Guante-Kessa-300x300.jpg\"},{\"@type\":\"BreadcrumbList\",\"@id\":\"https:\/\/hammamarab.com\/tratamientos-en-la-pobla-de-massaluca\/#breadcrumb\",\"itemListElement\":[{\"@type\":\"ListItem\",\"position\":1,\"name\":\"Inicio\",\"item\":\"https:\/\/hammamarab.com\/\"},{\"@type\":\"ListItem\",\"position\":2,\"name\":\"Tratamientos en La Pobla de Massaluca\"}]},{\"@type\":\"WebSite\",\"@id\":\"https:\/\/hammamarab.com\/#website\",\"url\":\"https:\/\/hammamarab.com\/\",\"name\":\"Hammam Zineb\",\"description\":\"Ba\u00f1o \u00e1rabe y centro de est\u00e9tica\",\"publisher\":{\"@id\":\"https:\/\/hammamarab.com\/#organization\"},\"potentialAction\":[{\"@type\":\"SearchAction\",\"target\":{\"@type\":\"EntryPoint\",\"urlTemplate\":\"https:\/\/hammamarab.com\/?s={search_term_string}\"},\"query-input\":{\"@type\":\"PropertyValueSpecification\",\"valueRequired\":true,\"valueName\":\"search_term_string\"}}],\"inLanguage\":\"en-GB\"},{\"@type\":\"Organization\",\"@id\":\"https:\/\/hammamarab.com\/#organization\",\"name\":\"Hammam Zineb\",\"url\":\"https:\/\/hammamarab.com\/\",\"logo\":{\"@type\":\"ImageObject\",\"inLanguage\":\"en-GB\",\"@id\":\"https:\/\/hammamarab.com\/#\/schema\/logo\/image\/\",\"url\":\"http:\/\/hammamarab.com\/wp-content\/uploads\/2022\/01\/Hammam-Zineb_Logo-Dark.svg\",\"contentUrl\":\"http:\/\/hammamarab.com\/wp-content\/uploads\/2022\/01\/Hammam-Zineb_Logo-Dark.svg\",\"width\":202,\"height\":202,\"caption\":\"Hammam Zineb\"},\"image\":{\"@id\":\"https:\/\/hammamarab.com\/#\/schema\/logo\/image\/\"},\"sameAs\":[\"https:\/\/www.facebook.com\/bano.marroqui.10\",\"https:\/\/www.instagram.com\/hammamycentroesteticazineb\/\"]}]}<\/script>\n<!-- \/ Yoast SEO plugin. -->","yoast_head_json":{"title":"Tratamientos en La Pobla de Massaluca &#8226; Hammam Zineb","description":"Hammam Zineb tiene una variedad de tratamientos de relajaci\u00f3n. Date ese necesario descanso en tiempos de estr\u00e9s.","robots":{"index":"index","follow":"follow","max-snippet":"max-snippet:-1","max-image-preview":"max-image-preview:large","max-video-preview":"max-video-preview:-1"},"canonical":"https:\/\/hammamarab.com\/en\/tratamientos-en-la-pobla-de-massaluca\/","og_locale":"en_GB","og_type":"article","og_title":"Tratamientos en La Pobla de Massaluca &#8226; Hammam Zineb","og_description":"Hammam Zineb tiene una variedad de tratamientos de relajaci\u00f3n. Date ese necesario descanso en tiempos de estr\u00e9s.","og_url":"https:\/\/hammamarab.com\/en\/tratamientos-en-la-pobla-de-massaluca\/","og_site_name":"Hammam Zineb","article_publisher":"https:\/\/www.facebook.com\/bano.marroqui.10","article_modified_time":"2024-07-26T09:48:43+00:00","og_image":[{"url":"http:\/\/hammamarab.com\/wp-content\/uploads\/2022\/02\/Hammam-Zineb-Masaje-Guante-Kessa-300x300.jpg","type":"","width":"","height":""}],"twitter_card":"summary_large_image","schema":{"@context":"https:\/\/schema.org","@graph":[{"@type":"WebPage","@id":"https:\/\/hammamarab.com\/tratamientos-en-la-pobla-de-massaluca\/","url":"https:\/\/hammamarab.com\/tratamientos-en-la-pobla-de-massaluca\/","name":"Tratamientos en La Pobla de Massaluca &#8226; Hammam Zineb","isPartOf":{"@id":"https:\/\/hammamarab.com\/#website"},"primaryImageOfPage":{"@id":"https:\/\/hammamarab.com\/tratamientos-en-la-pobla-de-massaluca\/#primaryimage"},"image":{"@id":"https:\/\/hammamarab.com\/tratamientos-en-la-pobla-de-massaluca\/#primaryimage"},"thumbnailUrl":"http:\/\/hammamarab.com\/wp-content\/uploads\/2022\/02\/Hammam-Zineb-Masaje-Guante-Kessa-300x300.jpg","datePublished":"2024-07-26T09:45:09+00:00","dateModified":"2024-07-26T09:48:43+00:00","description":"Hammam Zineb tiene una variedad de tratamientos de relajaci\u00f3n. Date ese necesario descanso en tiempos de estr\u00e9s.","breadcrumb":{"@id":"https:\/\/hammamarab.com\/tratamientos-en-la-pobla-de-massaluca\/#breadcrumb"},"inLanguage":"en-GB","potentialAction":[{"@type":"ReadAction","target":["https:\/\/hammamarab.com\/tratamientos-en-la-pobla-de-massaluca\/"]}]},{"@type":"ImageObject","inLanguage":"en-GB","@id":"https:\/\/hammamarab.com\/tratamientos-en-la-pobla-de-massaluca\/#primaryimage","url":"http:\/\/hammamarab.com\/wp-content\/uploads\/2022\/02\/Hammam-Zineb-Masaje-Guante-Kessa-300x300.jpg","contentUrl":"http:\/\/hammamarab.com\/wp-content\/uploads\/2022\/02\/Hammam-Zineb-Masaje-Guante-Kessa-300x300.jpg"},{"@type":"BreadcrumbList","@id":"https:\/\/hammamarab.com\/tratamientos-en-la-pobla-de-massaluca\/#breadcrumb","itemListElement":[{"@type":"ListItem","position":1,"name":"Inicio","item":"https:\/\/hammamarab.com\/"},{"@type":"ListItem","position":2,"name":"Tratamientos en La Pobla de Massaluca"}]},{"@type":"WebSite","@id":"https:\/\/hammamarab.com\/#website","url":"https:\/\/hammamarab.com\/","name":"Hammam Zineb","description":"Ba\u00f1o \u00e1rabe y centro de est\u00e9tica","publisher":{"@id":"https:\/\/hammamarab.com\/#organization"},"potentialAction":[{"@type":"SearchAction","target":{"@type":"EntryPoint","urlTemplate":"https:\/\/hammamarab.com\/?s={search_term_string}"},"query-input":{"@type":"PropertyValueSpecification","valueRequired":true,"valueName":"search_term_string"}}],"inLanguage":"en-GB"},{"@type":"Organization","@id":"https:\/\/hammamarab.com\/#organization","name":"Hammam Zineb","url":"https:\/\/hammamarab.com\/","logo":{"@type":"ImageObject","inLanguage":"en-GB","@id":"https:\/\/hammamarab.com\/#\/schema\/logo\/image\/","url":"http:\/\/hammamarab.com\/wp-content\/uploads\/2022\/01\/Hammam-Zineb_Logo-Dark.svg","contentUrl":"http:\/\/hammamarab.com\/wp-content\/uploads\/2022\/01\/Hammam-Zineb_Logo-Dark.svg","width":202,"height":202,"caption":"Hammam Zineb"},"image":{"@id":"https:\/\/hammamarab.com\/#\/schema\/logo\/image\/"},"sameAs":["https:\/\/www.facebook.com\/bano.marroqui.10","https:\/\/www.instagram.com\/hammamycentroesteticazineb\/"]}]}},"_links":{"self":[{"href":"https:\/\/hammamarab.com\/en\/wp-json\/wp\/v2\/pages\/2830","targetHints":{"allow":["GET"]}}],"collection":[{"href":"https:\/\/hammamarab.com\/en\/wp-json\/wp\/v2\/pages"}],"about":[{"href":"https:\/\/hammamarab.com\/en\/wp-json\/wp\/v2\/types\/page"}],"author":[{"embeddable":true,"href":"https:\/\/hammamarab.com\/en\/wp-json\/wp\/v2\/users\/14"}],"replies":[{"embeddable":true,"href":"https:\/\/hammamarab.com\/en\/wp-json\/wp\/v2\/comments?post=2830"}],"version-history":[{"count":4,"href":"https:\/\/hammamarab.com\/en\/wp-json\/wp\/v2\/pages\/2830\/revisions"}],"predecessor-version":[{"id":2834,"href":"https:\/\/hammamarab.com\/en\/wp-json\/wp\/v2\/pages\/2830\/revisions\/2834"}],"wp:attachment":[{"href":"https:\/\/hammamarab.com\/en\/wp-json\/wp\/v2\/media?parent=2830"}],"curies":[{"name":"wp","href":"https:\/\/api.w.org\/{rel}","templated":true}]}}