{"id":1235,"date":"2022-02-04T15:40:37","date_gmt":"2022-02-04T14:40:37","guid":{"rendered":"http:\/\/hammamarab.com\/?post_type=product&#038;p=1235"},"modified":"2023-08-04T09:57:06","modified_gmt":"2023-08-04T07:57:06","slug":"cheque-regalo","status":"publish","type":"product","link":"https:\/\/hammamarab.com\/en\/tienda\/cheque-regalo\/","title":{"rendered":"Gift Check"},"content":{"rendered":"<p>The perfect surprise, a long-remembered gift\u2026 <strong>Choose one of our treatments to give to a loved one.<\/strong><\/p>\n<p>Our Gift Vouchers are personalized with the name of the person to whom you want to give a gift and a personalized message (optional). They are valid for 6 months (possibility of extending the validity, please contact before expiration date).<\/p>\n<p>Receive it immediately and automatically in your email as a PDF, which you can send or print.<\/p>","protected":false},"excerpt":{"rendered":"<p>The perfect surprise, a long-remembered gift... Choose one of our treatments to give to a loved one. Our Gift Vouchers come personalized with the\u2026<\/p>","protected":false},"featured_media":1591,"template":"","meta":[],"product_brand":[],"product_cat":[20],"product_tag":[],"class_list":{"0":"post-1235","1":"product","2":"type-product","3":"status-publish","4":"has-post-thumbnail","6":"product_cat-sin-categorizar","8":"first","9":"instock","10":"taxable","11":"shipping-taxable","12":"purchasable","13":"product-type-variable"},"etheme_brands":{"errors":{"invalid_taxonomy":["Invalid taxonomy."]},"error_data":[]},"yoast_head":"<!-- This site is optimized with the Yoast SEO plugin v25.0 - https:\/\/yoast.com\/wordpress\/plugins\/seo\/ -->\n<title>Cheque Regalo &#8226; Hammam Zineb<\/title>\n<meta name=\"description\" content=\"La sorpresa perfecta, un regalo largamente recordado... Elige uno de nuestros tratamientos para regalar a un ser querido.\" \/>\n<meta name=\"robots\" content=\"index, follow, max-snippet:-1, max-image-preview:large, max-video-preview:-1\" \/>\n<link rel=\"canonical\" href=\"https:\/\/hammamarab.com\/en\/tienda\/cheque-regalo\/\" \/>\n<meta property=\"og:locale\" content=\"en_GB\" \/>\n<meta property=\"og:type\" content=\"article\" \/>\n<meta property=\"og:title\" content=\"Cheque Regalo &#8226; Hammam Zineb\" \/>\n<meta property=\"og:description\" content=\"La sorpresa perfecta, un regalo largamente recordado... Elige uno de nuestros tratamientos para regalar a un ser querido.\" \/>\n<meta property=\"og:url\" content=\"https:\/\/hammamarab.com\/en\/tienda\/cheque-regalo\/\" \/>\n<meta property=\"og:site_name\" content=\"Hammam Zineb\" \/>\n<meta property=\"article:publisher\" content=\"https:\/\/www.facebook.com\/bano.marroqui.10\" \/>\n<meta property=\"article:modified_time\" content=\"2023-08-04T07:57:06+00:00\" \/>\n<meta property=\"og:image\" content=\"https:\/\/hammamarab.com\/wp-content\/uploads\/2022\/02\/Gift-Card-BG.jpg\" \/>\n\t<meta property=\"og:image:width\" content=\"1200\" \/>\n\t<meta property=\"og:image:height\" content=\"845\" \/>\n\t<meta property=\"og:image:type\" content=\"image\/jpeg\" \/>\n<meta name=\"twitter:card\" content=\"summary_large_image\" \/>\n<script type=\"application\/ld+json\" class=\"yoast-schema-graph\">{\"@context\":\"https:\/\/schema.org\",\"@graph\":[{\"@type\":\"WebPage\",\"@id\":\"https:\/\/hammamarab.com\/tienda\/cheque-regalo\/\",\"url\":\"https:\/\/hammamarab.com\/tienda\/cheque-regalo\/\",\"name\":\"Cheque Regalo &#8226; Hammam Zineb\",\"isPartOf\":{\"@id\":\"https:\/\/hammamarab.com\/#website\"},\"primaryImageOfPage\":{\"@id\":\"https:\/\/hammamarab.com\/tienda\/cheque-regalo\/#primaryimage\"},\"image\":{\"@id\":\"https:\/\/hammamarab.com\/tienda\/cheque-regalo\/#primaryimage\"},\"thumbnailUrl\":\"https:\/\/hammamarab.com\/wp-content\/uploads\/2022\/02\/Gift-Card-BG.jpg\",\"datePublished\":\"2022-02-04T14:40:37+00:00\",\"dateModified\":\"2023-08-04T07:57:06+00:00\",\"description\":\"La sorpresa perfecta, un regalo largamente recordado... Elige uno de nuestros tratamientos para regalar a un ser querido.\",\"breadcrumb\":{\"@id\":\"https:\/\/hammamarab.com\/tienda\/cheque-regalo\/#breadcrumb\"},\"inLanguage\":\"en-GB\",\"potentialAction\":[{\"@type\":\"ReadAction\",\"target\":[\"https:\/\/hammamarab.com\/tienda\/cheque-regalo\/\"]}]},{\"@type\":\"ImageObject\",\"inLanguage\":\"en-GB\",\"@id\":\"https:\/\/hammamarab.com\/tienda\/cheque-regalo\/#primaryimage\",\"url\":\"https:\/\/hammamarab.com\/wp-content\/uploads\/2022\/02\/Gift-Card-BG.jpg\",\"contentUrl\":\"https:\/\/hammamarab.com\/wp-content\/uploads\/2022\/02\/Gift-Card-BG.jpg\",\"width\":1200,\"height\":845},{\"@type\":\"BreadcrumbList\",\"@id\":\"https:\/\/hammamarab.com\/tienda\/cheque-regalo\/#breadcrumb\",\"itemListElement\":[{\"@type\":\"ListItem\",\"position\":1,\"name\":\"Inicio\",\"item\":\"https:\/\/hammamarab.com\/\"},{\"@type\":\"ListItem\",\"position\":2,\"name\":\"Tienda\",\"item\":\"https:\/\/hammamarab.com\/tienda\/\"},{\"@type\":\"ListItem\",\"position\":3,\"name\":\"Cheque Regalo\"}]},{\"@type\":\"WebSite\",\"@id\":\"https:\/\/hammamarab.com\/#website\",\"url\":\"https:\/\/hammamarab.com\/\",\"name\":\"Hammam Zineb\",\"description\":\"Ba\u00f1o \u00e1rabe y centro de est\u00e9tica\",\"publisher\":{\"@id\":\"https:\/\/hammamarab.com\/#organization\"},\"potentialAction\":[{\"@type\":\"SearchAction\",\"target\":{\"@type\":\"EntryPoint\",\"urlTemplate\":\"https:\/\/hammamarab.com\/?s={search_term_string}\"},\"query-input\":{\"@type\":\"PropertyValueSpecification\",\"valueRequired\":true,\"valueName\":\"search_term_string\"}}],\"inLanguage\":\"en-GB\"},{\"@type\":\"Organization\",\"@id\":\"https:\/\/hammamarab.com\/#organization\",\"name\":\"Hammam Zineb\",\"url\":\"https:\/\/hammamarab.com\/\",\"logo\":{\"@type\":\"ImageObject\",\"inLanguage\":\"en-GB\",\"@id\":\"https:\/\/hammamarab.com\/#\/schema\/logo\/image\/\",\"url\":\"http:\/\/hammamarab.com\/wp-content\/uploads\/2022\/01\/Hammam-Zineb_Logo-Dark.svg\",\"contentUrl\":\"http:\/\/hammamarab.com\/wp-content\/uploads\/2022\/01\/Hammam-Zineb_Logo-Dark.svg\",\"width\":202,\"height\":202,\"caption\":\"Hammam Zineb\"},\"image\":{\"@id\":\"https:\/\/hammamarab.com\/#\/schema\/logo\/image\/\"},\"sameAs\":[\"https:\/\/www.facebook.com\/bano.marroqui.10\",\"https:\/\/www.instagram.com\/hammamycentroesteticazineb\/\"]}]}<\/script>\n<!-- \/ Yoast SEO plugin. -->","yoast_head_json":{"title":"Cheque Regalo &#8226; Hammam Zineb","description":"La sorpresa perfecta, un regalo largamente recordado... Elige uno de nuestros tratamientos para regalar a un ser querido.","robots":{"index":"index","follow":"follow","max-snippet":"max-snippet:-1","max-image-preview":"max-image-preview:large","max-video-preview":"max-video-preview:-1"},"canonical":"https:\/\/hammamarab.com\/en\/tienda\/cheque-regalo\/","og_locale":"en_GB","og_type":"article","og_title":"Cheque Regalo &#8226; Hammam Zineb","og_description":"La sorpresa perfecta, un regalo largamente recordado... Elige uno de nuestros tratamientos para regalar a un ser querido.","og_url":"https:\/\/hammamarab.com\/en\/tienda\/cheque-regalo\/","og_site_name":"Hammam Zineb","article_publisher":"https:\/\/www.facebook.com\/bano.marroqui.10","article_modified_time":"2023-08-04T07:57:06+00:00","og_image":[{"width":1200,"height":845,"url":"https:\/\/hammamarab.com\/wp-content\/uploads\/2022\/02\/Gift-Card-BG.jpg","type":"image\/jpeg"}],"twitter_card":"summary_large_image","schema":{"@context":"https:\/\/schema.org","@graph":[{"@type":"WebPage","@id":"https:\/\/hammamarab.com\/tienda\/cheque-regalo\/","url":"https:\/\/hammamarab.com\/tienda\/cheque-regalo\/","name":"Cheque Regalo &#8226; Hammam Zineb","isPartOf":{"@id":"https:\/\/hammamarab.com\/#website"},"primaryImageOfPage":{"@id":"https:\/\/hammamarab.com\/tienda\/cheque-regalo\/#primaryimage"},"image":{"@id":"https:\/\/hammamarab.com\/tienda\/cheque-regalo\/#primaryimage"},"thumbnailUrl":"https:\/\/hammamarab.com\/wp-content\/uploads\/2022\/02\/Gift-Card-BG.jpg","datePublished":"2022-02-04T14:40:37+00:00","dateModified":"2023-08-04T07:57:06+00:00","description":"La sorpresa perfecta, un regalo largamente recordado... Elige uno de nuestros tratamientos para regalar a un ser querido.","breadcrumb":{"@id":"https:\/\/hammamarab.com\/tienda\/cheque-regalo\/#breadcrumb"},"inLanguage":"en-GB","potentialAction":[{"@type":"ReadAction","target":["https:\/\/hammamarab.com\/tienda\/cheque-regalo\/"]}]},{"@type":"ImageObject","inLanguage":"en-GB","@id":"https:\/\/hammamarab.com\/tienda\/cheque-regalo\/#primaryimage","url":"https:\/\/hammamarab.com\/wp-content\/uploads\/2022\/02\/Gift-Card-BG.jpg","contentUrl":"https:\/\/hammamarab.com\/wp-content\/uploads\/2022\/02\/Gift-Card-BG.jpg","width":1200,"height":845},{"@type":"BreadcrumbList","@id":"https:\/\/hammamarab.com\/tienda\/cheque-regalo\/#breadcrumb","itemListElement":[{"@type":"ListItem","position":1,"name":"Inicio","item":"https:\/\/hammamarab.com\/"},{"@type":"ListItem","position":2,"name":"Tienda","item":"https:\/\/hammamarab.com\/tienda\/"},{"@type":"ListItem","position":3,"name":"Cheque Regalo"}]},{"@type":"WebSite","@id":"https:\/\/hammamarab.com\/#website","url":"https:\/\/hammamarab.com\/","name":"Hammam Zineb","description":"Ba\u00f1o \u00e1rabe y centro de est\u00e9tica","publisher":{"@id":"https:\/\/hammamarab.com\/#organization"},"potentialAction":[{"@type":"SearchAction","target":{"@type":"EntryPoint","urlTemplate":"https:\/\/hammamarab.com\/?s={search_term_string}"},"query-input":{"@type":"PropertyValueSpecification","valueRequired":true,"valueName":"search_term_string"}}],"inLanguage":"en-GB"},{"@type":"Organization","@id":"https:\/\/hammamarab.com\/#organization","name":"Hammam Zineb","url":"https:\/\/hammamarab.com\/","logo":{"@type":"ImageObject","inLanguage":"en-GB","@id":"https:\/\/hammamarab.com\/#\/schema\/logo\/image\/","url":"http:\/\/hammamarab.com\/wp-content\/uploads\/2022\/01\/Hammam-Zineb_Logo-Dark.svg","contentUrl":"http:\/\/hammamarab.com\/wp-content\/uploads\/2022\/01\/Hammam-Zineb_Logo-Dark.svg","width":202,"height":202,"caption":"Hammam Zineb"},"image":{"@id":"https:\/\/hammamarab.com\/#\/schema\/logo\/image\/"},"sameAs":["https:\/\/www.facebook.com\/bano.marroqui.10","https:\/\/www.instagram.com\/hammamycentroesteticazineb\/"]}]}},"_links":{"self":[{"href":"https:\/\/hammamarab.com\/en\/wp-json\/wp\/v2\/product\/1235","targetHints":{"allow":["GET"]}}],"collection":[{"href":"https:\/\/hammamarab.com\/en\/wp-json\/wp\/v2\/product"}],"about":[{"href":"https:\/\/hammamarab.com\/en\/wp-json\/wp\/v2\/types\/product"}],"version-history":[{"count":0,"href":"https:\/\/hammamarab.com\/en\/wp-json\/wp\/v2\/product\/1235\/revisions"}],"wp:featuredmedia":[{"embeddable":true,"href":"https:\/\/hammamarab.com\/en\/wp-json\/wp\/v2\/media\/1591"}],"wp:attachment":[{"href":"https:\/\/hammamarab.com\/en\/wp-json\/wp\/v2\/media?parent=1235"}],"wp:term":[{"taxonomy":"product_brand","embeddable":true,"href":"https:\/\/hammamarab.com\/en\/wp-json\/wp\/v2\/product_brand?post=1235"},{"taxonomy":"product_cat","embeddable":true,"href":"https:\/\/hammamarab.com\/en\/wp-json\/wp\/v2\/product_cat?post=1235"},{"taxonomy":"product_tag","embeddable":true,"href":"https:\/\/hammamarab.com\/en\/wp-json\/wp\/v2\/product_tag?post=1235"}],"curies":[{"name":"wp","href":"https:\/\/api.w.org\/{rel}","templated":true}]}}