{"id":2255,"date":"2023-02-17T15:54:23","date_gmt":"2023-02-17T14:54:23","guid":{"rendered":"http:\/\/hammamarab.com\/?post_type=product&#038;p=2255"},"modified":"2025-01-07T17:34:54","modified_gmt":"2025-01-07T16:34:54","slug":"masaje-relajante-descontracturante","status":"publish","type":"product","link":"https:\/\/hammamarab.com\/en\/tienda\/masaje-relajante-descontracturante\/","title":{"rendered":"Massage with infrared light and essential oils from"},"content":{"rendered":"<p>The relaxing and decontracting massage of <strong>back<\/strong>, <strong>cervical<\/strong> and <strong>skull<\/strong> is a service that focuses on reducing stress and muscle tension in these areas of the body. The massage consists of applying different manual techniques and pressures to relieve tension points and improve blood circulation. This massage can help reduce fatigue, improve posture, and relieve back and neck pain.<\/p>\n<p>In addition, the service lasts 35 minutes, which makes it ideal for those who need a break from their day to day and want to relax and enjoy a moment of well-being.<\/p>\n<p>[alert type=\u201dsuccess\u201d heading=\u201dOnly in the center of Vinar\u00f2s \u2014 Online reservation not available\u201d]Call us or send us a message on Whatsapp to make your reservation. +34 622 362 702 | +34 622 347 599[\/alert]<\/p>","protected":false},"excerpt":{"rendered":"<p style=\"color: red;\">The voucher has an expiration of 3 months from the purchase.<\/p>","protected":false},"featured_media":2665,"template":"","meta":[],"product_brand":[],"product_cat":[25,26],"product_tag":[],"class_list":{"0":"post-2255","1":"product","2":"type-product","3":"status-publish","4":"has-post-thumbnail","6":"product_cat-estetica-y-bienestar","7":"product_cat-masajes","9":"first","10":"instock","11":"featured","12":"virtual","13":"taxable","14":"purchasable","15":"product-type-simple"},"etheme_brands":{"errors":{"invalid_taxonomy":["Invalid taxonomy."]},"error_data":[]},"yoast_head":"<!-- This site is optimized with the Yoast SEO plugin v25.0 - https:\/\/yoast.com\/wordpress\/plugins\/seo\/ -->\n<title>Masaje con luz infrarroja y aceites esenciales desde &#8226; Hammam Zineb<\/title>\n<meta name=\"description\" content=\"Masaje con luz infrarroja y aceites esenciales desde\" \/>\n<meta name=\"robots\" content=\"index, follow, max-snippet:-1, max-image-preview:large, max-video-preview:-1\" \/>\n<link rel=\"canonical\" href=\"https:\/\/hammamarab.com\/en\/tienda\/masaje-relajante-descontracturante\/\" \/>\n<meta property=\"og:locale\" content=\"en_GB\" \/>\n<meta property=\"og:type\" content=\"article\" \/>\n<meta property=\"og:title\" content=\"Masaje con luz infrarroja y aceites esenciales desde &#8226; Hammam Zineb\" \/>\n<meta property=\"og:description\" content=\"Masaje con luz infrarroja y aceites esenciales desde\" \/>\n<meta property=\"og:url\" content=\"https:\/\/hammamarab.com\/en\/tienda\/masaje-relajante-descontracturante\/\" \/>\n<meta property=\"og:site_name\" content=\"Hammam Zineb\" \/>\n<meta property=\"article:publisher\" content=\"https:\/\/www.facebook.com\/bano.marroqui.10\" \/>\n<meta property=\"article:modified_time\" content=\"2025-01-07T16:34:54+00:00\" \/>\n<meta property=\"og:image\" content=\"https:\/\/hammamarab.com\/wp-content\/uploads\/2024\/01\/Hammam-Zineb_Sala-Hammam.webp\" \/>\n\t<meta property=\"og:image:width\" content=\"1920\" \/>\n\t<meta property=\"og:image:height\" content=\"1281\" \/>\n\t<meta property=\"og:image:type\" content=\"image\/webp\" \/>\n<meta name=\"twitter:card\" content=\"summary_large_image\" \/>\n<script type=\"application\/ld+json\" class=\"yoast-schema-graph\">{\"@context\":\"https:\/\/schema.org\",\"@graph\":[{\"@type\":\"WebPage\",\"@id\":\"https:\/\/hammamarab.com\/tienda\/masaje-relajante-descontracturante\/\",\"url\":\"https:\/\/hammamarab.com\/tienda\/masaje-relajante-descontracturante\/\",\"name\":\"Masaje con luz infrarroja y aceites esenciales desde &#8226; Hammam Zineb\",\"isPartOf\":{\"@id\":\"https:\/\/hammamarab.com\/#website\"},\"primaryImageOfPage\":{\"@id\":\"https:\/\/hammamarab.com\/tienda\/masaje-relajante-descontracturante\/#primaryimage\"},\"image\":{\"@id\":\"https:\/\/hammamarab.com\/tienda\/masaje-relajante-descontracturante\/#primaryimage\"},\"thumbnailUrl\":\"https:\/\/hammamarab.com\/wp-content\/uploads\/2024\/01\/Hammam-Zineb_Sala-Hammam.webp\",\"datePublished\":\"2023-02-17T14:54:23+00:00\",\"dateModified\":\"2025-01-07T16:34:54+00:00\",\"description\":\"Masaje con luz infrarroja y aceites esenciales desde\",\"breadcrumb\":{\"@id\":\"https:\/\/hammamarab.com\/tienda\/masaje-relajante-descontracturante\/#breadcrumb\"},\"inLanguage\":\"en-GB\",\"potentialAction\":[{\"@type\":\"ReadAction\",\"target\":[\"https:\/\/hammamarab.com\/tienda\/masaje-relajante-descontracturante\/\"]}]},{\"@type\":\"ImageObject\",\"inLanguage\":\"en-GB\",\"@id\":\"https:\/\/hammamarab.com\/tienda\/masaje-relajante-descontracturante\/#primaryimage\",\"url\":\"https:\/\/hammamarab.com\/wp-content\/uploads\/2024\/01\/Hammam-Zineb_Sala-Hammam.webp\",\"contentUrl\":\"https:\/\/hammamarab.com\/wp-content\/uploads\/2024\/01\/Hammam-Zineb_Sala-Hammam.webp\",\"width\":1920,\"height\":1281},{\"@type\":\"BreadcrumbList\",\"@id\":\"https:\/\/hammamarab.com\/tienda\/masaje-relajante-descontracturante\/#breadcrumb\",\"itemListElement\":[{\"@type\":\"ListItem\",\"position\":1,\"name\":\"Inicio\",\"item\":\"https:\/\/hammamarab.com\/\"},{\"@type\":\"ListItem\",\"position\":2,\"name\":\"Tienda\",\"item\":\"https:\/\/hammamarab.com\/tienda\/\"},{\"@type\":\"ListItem\",\"position\":3,\"name\":\"Masaje con luz infrarroja y aceites esenciales desde\"}]},{\"@type\":\"WebSite\",\"@id\":\"https:\/\/hammamarab.com\/#website\",\"url\":\"https:\/\/hammamarab.com\/\",\"name\":\"Hammam Zineb\",\"description\":\"Ba\u00f1o \u00e1rabe y centro de est\u00e9tica\",\"publisher\":{\"@id\":\"https:\/\/hammamarab.com\/#organization\"},\"potentialAction\":[{\"@type\":\"SearchAction\",\"target\":{\"@type\":\"EntryPoint\",\"urlTemplate\":\"https:\/\/hammamarab.com\/?s={search_term_string}\"},\"query-input\":{\"@type\":\"PropertyValueSpecification\",\"valueRequired\":true,\"valueName\":\"search_term_string\"}}],\"inLanguage\":\"en-GB\"},{\"@type\":\"Organization\",\"@id\":\"https:\/\/hammamarab.com\/#organization\",\"name\":\"Hammam Zineb\",\"url\":\"https:\/\/hammamarab.com\/\",\"logo\":{\"@type\":\"ImageObject\",\"inLanguage\":\"en-GB\",\"@id\":\"https:\/\/hammamarab.com\/#\/schema\/logo\/image\/\",\"url\":\"http:\/\/hammamarab.com\/wp-content\/uploads\/2022\/01\/Hammam-Zineb_Logo-Dark.svg\",\"contentUrl\":\"http:\/\/hammamarab.com\/wp-content\/uploads\/2022\/01\/Hammam-Zineb_Logo-Dark.svg\",\"width\":202,\"height\":202,\"caption\":\"Hammam Zineb\"},\"image\":{\"@id\":\"https:\/\/hammamarab.com\/#\/schema\/logo\/image\/\"},\"sameAs\":[\"https:\/\/www.facebook.com\/bano.marroqui.10\",\"https:\/\/www.instagram.com\/hammamycentroesteticazineb\/\"]}]}<\/script>\n<!-- \/ Yoast SEO plugin. -->","yoast_head_json":{"title":"Masaje con luz infrarroja y aceites esenciales desde &#8226; Hammam Zineb","description":"Masaje con luz infrarroja y aceites esenciales desde","robots":{"index":"index","follow":"follow","max-snippet":"max-snippet:-1","max-image-preview":"max-image-preview:large","max-video-preview":"max-video-preview:-1"},"canonical":"https:\/\/hammamarab.com\/en\/tienda\/masaje-relajante-descontracturante\/","og_locale":"en_GB","og_type":"article","og_title":"Masaje con luz infrarroja y aceites esenciales desde &#8226; Hammam Zineb","og_description":"Masaje con luz infrarroja y aceites esenciales desde","og_url":"https:\/\/hammamarab.com\/en\/tienda\/masaje-relajante-descontracturante\/","og_site_name":"Hammam Zineb","article_publisher":"https:\/\/www.facebook.com\/bano.marroqui.10","article_modified_time":"2025-01-07T16:34:54+00:00","og_image":[{"width":1920,"height":1281,"url":"https:\/\/hammamarab.com\/wp-content\/uploads\/2024\/01\/Hammam-Zineb_Sala-Hammam.webp","type":"image\/webp"}],"twitter_card":"summary_large_image","schema":{"@context":"https:\/\/schema.org","@graph":[{"@type":"WebPage","@id":"https:\/\/hammamarab.com\/tienda\/masaje-relajante-descontracturante\/","url":"https:\/\/hammamarab.com\/tienda\/masaje-relajante-descontracturante\/","name":"Masaje con luz infrarroja y aceites esenciales desde &#8226; Hammam Zineb","isPartOf":{"@id":"https:\/\/hammamarab.com\/#website"},"primaryImageOfPage":{"@id":"https:\/\/hammamarab.com\/tienda\/masaje-relajante-descontracturante\/#primaryimage"},"image":{"@id":"https:\/\/hammamarab.com\/tienda\/masaje-relajante-descontracturante\/#primaryimage"},"thumbnailUrl":"https:\/\/hammamarab.com\/wp-content\/uploads\/2024\/01\/Hammam-Zineb_Sala-Hammam.webp","datePublished":"2023-02-17T14:54:23+00:00","dateModified":"2025-01-07T16:34:54+00:00","description":"Masaje con luz infrarroja y aceites esenciales desde","breadcrumb":{"@id":"https:\/\/hammamarab.com\/tienda\/masaje-relajante-descontracturante\/#breadcrumb"},"inLanguage":"en-GB","potentialAction":[{"@type":"ReadAction","target":["https:\/\/hammamarab.com\/tienda\/masaje-relajante-descontracturante\/"]}]},{"@type":"ImageObject","inLanguage":"en-GB","@id":"https:\/\/hammamarab.com\/tienda\/masaje-relajante-descontracturante\/#primaryimage","url":"https:\/\/hammamarab.com\/wp-content\/uploads\/2024\/01\/Hammam-Zineb_Sala-Hammam.webp","contentUrl":"https:\/\/hammamarab.com\/wp-content\/uploads\/2024\/01\/Hammam-Zineb_Sala-Hammam.webp","width":1920,"height":1281},{"@type":"BreadcrumbList","@id":"https:\/\/hammamarab.com\/tienda\/masaje-relajante-descontracturante\/#breadcrumb","itemListElement":[{"@type":"ListItem","position":1,"name":"Inicio","item":"https:\/\/hammamarab.com\/"},{"@type":"ListItem","position":2,"name":"Tienda","item":"https:\/\/hammamarab.com\/tienda\/"},{"@type":"ListItem","position":3,"name":"Masaje con luz infrarroja y aceites esenciales desde"}]},{"@type":"WebSite","@id":"https:\/\/hammamarab.com\/#website","url":"https:\/\/hammamarab.com\/","name":"Hammam Zineb","description":"Ba\u00f1o \u00e1rabe y centro de est\u00e9tica","publisher":{"@id":"https:\/\/hammamarab.com\/#organization"},"potentialAction":[{"@type":"SearchAction","target":{"@type":"EntryPoint","urlTemplate":"https:\/\/hammamarab.com\/?s={search_term_string}"},"query-input":{"@type":"PropertyValueSpecification","valueRequired":true,"valueName":"search_term_string"}}],"inLanguage":"en-GB"},{"@type":"Organization","@id":"https:\/\/hammamarab.com\/#organization","name":"Hammam Zineb","url":"https:\/\/hammamarab.com\/","logo":{"@type":"ImageObject","inLanguage":"en-GB","@id":"https:\/\/hammamarab.com\/#\/schema\/logo\/image\/","url":"http:\/\/hammamarab.com\/wp-content\/uploads\/2022\/01\/Hammam-Zineb_Logo-Dark.svg","contentUrl":"http:\/\/hammamarab.com\/wp-content\/uploads\/2022\/01\/Hammam-Zineb_Logo-Dark.svg","width":202,"height":202,"caption":"Hammam Zineb"},"image":{"@id":"https:\/\/hammamarab.com\/#\/schema\/logo\/image\/"},"sameAs":["https:\/\/www.facebook.com\/bano.marroqui.10","https:\/\/www.instagram.com\/hammamycentroesteticazineb\/"]}]}},"_links":{"self":[{"href":"https:\/\/hammamarab.com\/en\/wp-json\/wp\/v2\/product\/2255","targetHints":{"allow":["GET"]}}],"collection":[{"href":"https:\/\/hammamarab.com\/en\/wp-json\/wp\/v2\/product"}],"about":[{"href":"https:\/\/hammamarab.com\/en\/wp-json\/wp\/v2\/types\/product"}],"version-history":[{"count":4,"href":"https:\/\/hammamarab.com\/en\/wp-json\/wp\/v2\/product\/2255\/revisions"}],"predecessor-version":[{"id":2883,"href":"https:\/\/hammamarab.com\/en\/wp-json\/wp\/v2\/product\/2255\/revisions\/2883"}],"wp:featuredmedia":[{"embeddable":true,"href":"https:\/\/hammamarab.com\/en\/wp-json\/wp\/v2\/media\/2665"}],"wp:attachment":[{"href":"https:\/\/hammamarab.com\/en\/wp-json\/wp\/v2\/media?parent=2255"}],"wp:term":[{"taxonomy":"product_brand","embeddable":true,"href":"https:\/\/hammamarab.com\/en\/wp-json\/wp\/v2\/product_brand?post=2255"},{"taxonomy":"product_cat","embeddable":true,"href":"https:\/\/hammamarab.com\/en\/wp-json\/wp\/v2\/product_cat?post=2255"},{"taxonomy":"product_tag","embeddable":true,"href":"https:\/\/hammamarab.com\/en\/wp-json\/wp\/v2\/product_tag?post=2255"}],"curies":[{"name":"wp","href":"https:\/\/api.w.org\/{rel}","templated":true}]}}