{"id":2267,"date":"2023-02-17T16:11:38","date_gmt":"2023-02-17T15:11:38","guid":{"rendered":"http:\/\/hammamarab.com\/?post_type=product&#038;p=2267"},"modified":"2025-01-07T17:32:47","modified_gmt":"2025-01-07T16:32:47","slug":"tratamiento-de-pies","status":"publish","type":"product","link":"https:\/\/hammamarab.com\/en\/tienda\/tratamiento-de-pies\/","title":{"rendered":"foot treatment"},"content":{"rendered":"<p>Treatment Includes:<\/p>\n<ul>\n<li>Corns and calluses.<\/li>\n<li>Nail cutting.<\/li>\n<li>Ingrown toenail.<\/li>\n<li>Hydration.<\/li>\n<li>Massage with essential oils for pain<\/li>\n<\/ul>\n<p>Foot treatment is an aesthetic and therapeutic service that focuses on improving the appearance and health of the feet. This service includes different treatments, such as the removal of corns and calluses, nail trimming, ingrown toenail correction, hydration and massage.<\/p>\n<p>The treatment removes corns and calluses to improve the appearance of the feet and alleviate any discomfort they may cause. Nail trimming is done safely and professionally, avoiding problems such as ingrown toenails. Hydration and massage help relax the feet and improve blood circulation. This service is beneficial for those who want to improve the appearance and health of their feet, as well as those who suffer from problems such as calluses or ingrown toenails. With foot treatment, clients can enjoy smooth, healthy feet that are free from discomfort.<\/p>\n<p>[alert type=\u201dsuccess\u201d heading=\u201dOnly in the center of Vinar\u00f2s \u2014 Online reservation not available\u201d]Call us or send us a message on Whatsapp to make your reservation. +34 622 362 702 | +34 622 347 599[\/alert]<\/p>","protected":false},"excerpt":{"rendered":"<p style=\"color: red;\">The voucher has an expiration of 3 months from the purchase.<\/p>","protected":false},"featured_media":2584,"template":"","meta":[],"product_brand":[],"product_cat":[25,33],"product_tag":[],"class_list":{"0":"post-2267","1":"product","2":"type-product","3":"status-publish","4":"has-post-thumbnail","6":"product_cat-estetica-y-bienestar","7":"product_cat-pies","9":"first","10":"instock","11":"featured","12":"virtual","13":"taxable","14":"purchasable","15":"product-type-simple"},"etheme_brands":{"errors":{"invalid_taxonomy":["Invalid taxonomy."]},"error_data":[]},"yoast_head":"<!-- This site is optimized with the Yoast SEO plugin v25.0 - https:\/\/yoast.com\/wordpress\/plugins\/seo\/ -->\n<title>Tratamiento de pies &#8226; Hammam Zineb<\/title>\n<meta name=\"description\" content=\"Tratamiento de pies\" \/>\n<meta name=\"robots\" content=\"index, follow, max-snippet:-1, max-image-preview:large, max-video-preview:-1\" \/>\n<link rel=\"canonical\" href=\"https:\/\/hammamarab.com\/en\/tienda\/tratamiento-de-pies\/\" \/>\n<meta property=\"og:locale\" content=\"en_GB\" \/>\n<meta property=\"og:type\" content=\"article\" \/>\n<meta property=\"og:title\" content=\"Tratamiento de pies &#8226; Hammam Zineb\" \/>\n<meta property=\"og:description\" content=\"Tratamiento de pies\" \/>\n<meta property=\"og:url\" content=\"https:\/\/hammamarab.com\/en\/tienda\/tratamiento-de-pies\/\" \/>\n<meta property=\"og:site_name\" content=\"Hammam Zineb\" \/>\n<meta property=\"article:publisher\" content=\"https:\/\/www.facebook.com\/bano.marroqui.10\" \/>\n<meta property=\"article:modified_time\" content=\"2025-01-07T16:32:47+00:00\" \/>\n<meta property=\"og:image\" content=\"https:\/\/hammamarab.com\/wp-content\/uploads\/2023\/07\/WhatsApp-Image-2023-07-20-at-09.06.16.jpeg\" \/>\n\t<meta property=\"og:image:width\" content=\"950\" \/>\n\t<meta property=\"og:image:height\" content=\"960\" \/>\n\t<meta property=\"og:image:type\" content=\"image\/jpeg\" \/>\n<meta name=\"twitter:card\" content=\"summary_large_image\" \/>\n<script type=\"application\/ld+json\" class=\"yoast-schema-graph\">{\"@context\":\"https:\/\/schema.org\",\"@graph\":[{\"@type\":\"WebPage\",\"@id\":\"https:\/\/hammamarab.com\/tienda\/tratamiento-de-pies\/\",\"url\":\"https:\/\/hammamarab.com\/tienda\/tratamiento-de-pies\/\",\"name\":\"Tratamiento de pies &#8226; Hammam Zineb\",\"isPartOf\":{\"@id\":\"https:\/\/hammamarab.com\/#website\"},\"primaryImageOfPage\":{\"@id\":\"https:\/\/hammamarab.com\/tienda\/tratamiento-de-pies\/#primaryimage\"},\"image\":{\"@id\":\"https:\/\/hammamarab.com\/tienda\/tratamiento-de-pies\/#primaryimage\"},\"thumbnailUrl\":\"https:\/\/hammamarab.com\/wp-content\/uploads\/2023\/07\/WhatsApp-Image-2023-07-20-at-09.06.16.jpeg\",\"datePublished\":\"2023-02-17T15:11:38+00:00\",\"dateModified\":\"2025-01-07T16:32:47+00:00\",\"description\":\"Tratamiento de pies\",\"breadcrumb\":{\"@id\":\"https:\/\/hammamarab.com\/tienda\/tratamiento-de-pies\/#breadcrumb\"},\"inLanguage\":\"en-GB\",\"potentialAction\":[{\"@type\":\"ReadAction\",\"target\":[\"https:\/\/hammamarab.com\/tienda\/tratamiento-de-pies\/\"]}]},{\"@type\":\"ImageObject\",\"inLanguage\":\"en-GB\",\"@id\":\"https:\/\/hammamarab.com\/tienda\/tratamiento-de-pies\/#primaryimage\",\"url\":\"https:\/\/hammamarab.com\/wp-content\/uploads\/2023\/07\/WhatsApp-Image-2023-07-20-at-09.06.16.jpeg\",\"contentUrl\":\"https:\/\/hammamarab.com\/wp-content\/uploads\/2023\/07\/WhatsApp-Image-2023-07-20-at-09.06.16.jpeg\",\"width\":950,\"height\":960},{\"@type\":\"BreadcrumbList\",\"@id\":\"https:\/\/hammamarab.com\/tienda\/tratamiento-de-pies\/#breadcrumb\",\"itemListElement\":[{\"@type\":\"ListItem\",\"position\":1,\"name\":\"Inicio\",\"item\":\"https:\/\/hammamarab.com\/\"},{\"@type\":\"ListItem\",\"position\":2,\"name\":\"Tienda\",\"item\":\"https:\/\/hammamarab.com\/tienda\/\"},{\"@type\":\"ListItem\",\"position\":3,\"name\":\"Tratamiento de pies\"}]},{\"@type\":\"WebSite\",\"@id\":\"https:\/\/hammamarab.com\/#website\",\"url\":\"https:\/\/hammamarab.com\/\",\"name\":\"Hammam Zineb\",\"description\":\"Ba\u00f1o \u00e1rabe y centro de est\u00e9tica\",\"publisher\":{\"@id\":\"https:\/\/hammamarab.com\/#organization\"},\"potentialAction\":[{\"@type\":\"SearchAction\",\"target\":{\"@type\":\"EntryPoint\",\"urlTemplate\":\"https:\/\/hammamarab.com\/?s={search_term_string}\"},\"query-input\":{\"@type\":\"PropertyValueSpecification\",\"valueRequired\":true,\"valueName\":\"search_term_string\"}}],\"inLanguage\":\"en-GB\"},{\"@type\":\"Organization\",\"@id\":\"https:\/\/hammamarab.com\/#organization\",\"name\":\"Hammam Zineb\",\"url\":\"https:\/\/hammamarab.com\/\",\"logo\":{\"@type\":\"ImageObject\",\"inLanguage\":\"en-GB\",\"@id\":\"https:\/\/hammamarab.com\/#\/schema\/logo\/image\/\",\"url\":\"http:\/\/hammamarab.com\/wp-content\/uploads\/2022\/01\/Hammam-Zineb_Logo-Dark.svg\",\"contentUrl\":\"http:\/\/hammamarab.com\/wp-content\/uploads\/2022\/01\/Hammam-Zineb_Logo-Dark.svg\",\"width\":202,\"height\":202,\"caption\":\"Hammam Zineb\"},\"image\":{\"@id\":\"https:\/\/hammamarab.com\/#\/schema\/logo\/image\/\"},\"sameAs\":[\"https:\/\/www.facebook.com\/bano.marroqui.10\",\"https:\/\/www.instagram.com\/hammamycentroesteticazineb\/\"]}]}<\/script>\n<!-- \/ Yoast SEO plugin. -->","yoast_head_json":{"title":"Tratamiento de pies &#8226; Hammam Zineb","description":"Tratamiento de pies","robots":{"index":"index","follow":"follow","max-snippet":"max-snippet:-1","max-image-preview":"max-image-preview:large","max-video-preview":"max-video-preview:-1"},"canonical":"https:\/\/hammamarab.com\/en\/tienda\/tratamiento-de-pies\/","og_locale":"en_GB","og_type":"article","og_title":"Tratamiento de pies &#8226; Hammam Zineb","og_description":"Tratamiento de pies","og_url":"https:\/\/hammamarab.com\/en\/tienda\/tratamiento-de-pies\/","og_site_name":"Hammam Zineb","article_publisher":"https:\/\/www.facebook.com\/bano.marroqui.10","article_modified_time":"2025-01-07T16:32:47+00:00","og_image":[{"width":950,"height":960,"url":"https:\/\/hammamarab.com\/wp-content\/uploads\/2023\/07\/WhatsApp-Image-2023-07-20-at-09.06.16.jpeg","type":"image\/jpeg"}],"twitter_card":"summary_large_image","schema":{"@context":"https:\/\/schema.org","@graph":[{"@type":"WebPage","@id":"https:\/\/hammamarab.com\/tienda\/tratamiento-de-pies\/","url":"https:\/\/hammamarab.com\/tienda\/tratamiento-de-pies\/","name":"Tratamiento de pies &#8226; Hammam Zineb","isPartOf":{"@id":"https:\/\/hammamarab.com\/#website"},"primaryImageOfPage":{"@id":"https:\/\/hammamarab.com\/tienda\/tratamiento-de-pies\/#primaryimage"},"image":{"@id":"https:\/\/hammamarab.com\/tienda\/tratamiento-de-pies\/#primaryimage"},"thumbnailUrl":"https:\/\/hammamarab.com\/wp-content\/uploads\/2023\/07\/WhatsApp-Image-2023-07-20-at-09.06.16.jpeg","datePublished":"2023-02-17T15:11:38+00:00","dateModified":"2025-01-07T16:32:47+00:00","description":"Tratamiento de pies","breadcrumb":{"@id":"https:\/\/hammamarab.com\/tienda\/tratamiento-de-pies\/#breadcrumb"},"inLanguage":"en-GB","potentialAction":[{"@type":"ReadAction","target":["https:\/\/hammamarab.com\/tienda\/tratamiento-de-pies\/"]}]},{"@type":"ImageObject","inLanguage":"en-GB","@id":"https:\/\/hammamarab.com\/tienda\/tratamiento-de-pies\/#primaryimage","url":"https:\/\/hammamarab.com\/wp-content\/uploads\/2023\/07\/WhatsApp-Image-2023-07-20-at-09.06.16.jpeg","contentUrl":"https:\/\/hammamarab.com\/wp-content\/uploads\/2023\/07\/WhatsApp-Image-2023-07-20-at-09.06.16.jpeg","width":950,"height":960},{"@type":"BreadcrumbList","@id":"https:\/\/hammamarab.com\/tienda\/tratamiento-de-pies\/#breadcrumb","itemListElement":[{"@type":"ListItem","position":1,"name":"Inicio","item":"https:\/\/hammamarab.com\/"},{"@type":"ListItem","position":2,"name":"Tienda","item":"https:\/\/hammamarab.com\/tienda\/"},{"@type":"ListItem","position":3,"name":"Tratamiento de pies"}]},{"@type":"WebSite","@id":"https:\/\/hammamarab.com\/#website","url":"https:\/\/hammamarab.com\/","name":"Hammam Zineb","description":"Ba\u00f1o \u00e1rabe y centro de est\u00e9tica","publisher":{"@id":"https:\/\/hammamarab.com\/#organization"},"potentialAction":[{"@type":"SearchAction","target":{"@type":"EntryPoint","urlTemplate":"https:\/\/hammamarab.com\/?s={search_term_string}"},"query-input":{"@type":"PropertyValueSpecification","valueRequired":true,"valueName":"search_term_string"}}],"inLanguage":"en-GB"},{"@type":"Organization","@id":"https:\/\/hammamarab.com\/#organization","name":"Hammam Zineb","url":"https:\/\/hammamarab.com\/","logo":{"@type":"ImageObject","inLanguage":"en-GB","@id":"https:\/\/hammamarab.com\/#\/schema\/logo\/image\/","url":"http:\/\/hammamarab.com\/wp-content\/uploads\/2022\/01\/Hammam-Zineb_Logo-Dark.svg","contentUrl":"http:\/\/hammamarab.com\/wp-content\/uploads\/2022\/01\/Hammam-Zineb_Logo-Dark.svg","width":202,"height":202,"caption":"Hammam Zineb"},"image":{"@id":"https:\/\/hammamarab.com\/#\/schema\/logo\/image\/"},"sameAs":["https:\/\/www.facebook.com\/bano.marroqui.10","https:\/\/www.instagram.com\/hammamycentroesteticazineb\/"]}]}},"_links":{"self":[{"href":"https:\/\/hammamarab.com\/en\/wp-json\/wp\/v2\/product\/2267","targetHints":{"allow":["GET"]}}],"collection":[{"href":"https:\/\/hammamarab.com\/en\/wp-json\/wp\/v2\/product"}],"about":[{"href":"https:\/\/hammamarab.com\/en\/wp-json\/wp\/v2\/types\/product"}],"version-history":[{"count":3,"href":"https:\/\/hammamarab.com\/en\/wp-json\/wp\/v2\/product\/2267\/revisions"}],"predecessor-version":[{"id":2813,"href":"https:\/\/hammamarab.com\/en\/wp-json\/wp\/v2\/product\/2267\/revisions\/2813"}],"wp:featuredmedia":[{"embeddable":true,"href":"https:\/\/hammamarab.com\/en\/wp-json\/wp\/v2\/media\/2584"}],"wp:attachment":[{"href":"https:\/\/hammamarab.com\/en\/wp-json\/wp\/v2\/media?parent=2267"}],"wp:term":[{"taxonomy":"product_brand","embeddable":true,"href":"https:\/\/hammamarab.com\/en\/wp-json\/wp\/v2\/product_brand?post=2267"},{"taxonomy":"product_cat","embeddable":true,"href":"https:\/\/hammamarab.com\/en\/wp-json\/wp\/v2\/product_cat?post=2267"},{"taxonomy":"product_tag","embeddable":true,"href":"https:\/\/hammamarab.com\/en\/wp-json\/wp\/v2\/product_tag?post=2267"}],"curies":[{"name":"wp","href":"https:\/\/api.w.org\/{rel}","templated":true}]}}