{"id":2306,"date":"2023-02-18T14:07:54","date_gmt":"2023-02-18T13:07:54","guid":{"rendered":"http:\/\/hammamarab.com\/?post_type=product&#038;p=2306"},"modified":"2024-03-27T10:40:05","modified_gmt":"2024-03-27T09:40:05","slug":"drenaje-linfatico","status":"publish","type":"product","link":"https:\/\/hammamarab.com\/en\/tienda\/drenaje-linfatico\/","title":{"rendered":"Lymphatic drainage (custom)"},"content":{"rendered":"<p>Check the price.<\/p>\n<p>Tailor-made lymphatic drainage is a therapeutic massage service that aims to stimulate the lymphatic system to improve circulation and the elimination of toxins from the body. This type of massage is performed on specific areas of the body, such as the legs, arms, or abdomen, to reduce fluid retention and improve the appearance of the skin. Lymphatic drainage is a personalized treatment, as the therapist adjusts the intensity and pressure of the massage based on the client&#039;s needs. During the treatment, the therapist uses gentle, rhythmic movements to stimulate the lymphatic system and promote the elimination of fluids and toxins.<\/p>\n<p>Lymphatic drainage is beneficial for those experiencing swelling, fluid retention, poor circulation, or skin problems. This type of massage can help reduce cellulite, improve the appearance of varicose veins, and relieve tired legs. Lymphatic drainage is a non-invasive and safe treatment that can offer long-lasting results.<\/p>\n<p>[alert type=\u201dsuccess\u201d heading=\u201dOnly in the center of Vinar\u00f2s \u2014 Online reservation not available\u201d]Call us or send us a message on Whatsapp to make your reservation. +34 622 362 702 | +34 622 347 599[\/alert]<\/p>","protected":false},"excerpt":{"rendered":"<p style=\"color:red;\">The voucher has an expiration of 3 months from the purchase.<\/p>","protected":false},"featured_media":2464,"template":"","meta":[],"product_brand":[],"product_cat":[25,26],"product_tag":[],"class_list":{"0":"post-2306","1":"product","2":"type-product","3":"status-publish","4":"has-post-thumbnail","6":"product_cat-estetica-y-bienestar","7":"product_cat-masajes","9":"first","10":"instock","11":"featured","12":"virtual","13":"taxable","14":"product-type-simple"},"etheme_brands":{"errors":{"invalid_taxonomy":["Invalid taxonomy."]},"error_data":[]},"yoast_head":"<!-- This site is optimized with the Yoast SEO plugin v25.0 - https:\/\/yoast.com\/wordpress\/plugins\/seo\/ -->\n<title>Drenaje linf\u00e1tico (a medida) &#8226; Hammam Zineb<\/title>\n<meta name=\"description\" content=\"Drenaje linf\u00e1tico (a medida)\" \/>\n<meta name=\"robots\" content=\"index, follow, max-snippet:-1, max-image-preview:large, max-video-preview:-1\" \/>\n<link rel=\"canonical\" href=\"https:\/\/hammamarab.com\/en\/tienda\/drenaje-linfatico\/\" \/>\n<meta property=\"og:locale\" content=\"en_GB\" \/>\n<meta property=\"og:type\" content=\"article\" \/>\n<meta property=\"og:title\" content=\"Drenaje linf\u00e1tico (a medida) &#8226; Hammam Zineb\" \/>\n<meta property=\"og:description\" content=\"Drenaje linf\u00e1tico (a medida)\" \/>\n<meta property=\"og:url\" content=\"https:\/\/hammamarab.com\/en\/tienda\/drenaje-linfatico\/\" \/>\n<meta property=\"og:site_name\" content=\"Hammam Zineb\" \/>\n<meta property=\"article:publisher\" content=\"https:\/\/www.facebook.com\/bano.marroqui.10\" \/>\n<meta property=\"article:modified_time\" content=\"2024-03-27T09:40:05+00:00\" \/>\n<meta property=\"og:image\" content=\"https:\/\/hammamarab.com\/wp-content\/uploads\/2023\/02\/Hammam-Zineb-Tratamiento-de-pies.webp\" \/>\n\t<meta property=\"og:image:width\" content=\"800\" \/>\n\t<meta property=\"og:image:height\" content=\"800\" \/>\n\t<meta property=\"og:image:type\" content=\"image\/webp\" \/>\n<meta name=\"twitter:card\" content=\"summary_large_image\" \/>\n<script type=\"application\/ld+json\" class=\"yoast-schema-graph\">{\"@context\":\"https:\/\/schema.org\",\"@graph\":[{\"@type\":\"WebPage\",\"@id\":\"https:\/\/hammamarab.com\/tienda\/drenaje-linfatico\/\",\"url\":\"https:\/\/hammamarab.com\/tienda\/drenaje-linfatico\/\",\"name\":\"Drenaje linf\u00e1tico (a medida) &#8226; Hammam Zineb\",\"isPartOf\":{\"@id\":\"https:\/\/hammamarab.com\/#website\"},\"primaryImageOfPage\":{\"@id\":\"https:\/\/hammamarab.com\/tienda\/drenaje-linfatico\/#primaryimage\"},\"image\":{\"@id\":\"https:\/\/hammamarab.com\/tienda\/drenaje-linfatico\/#primaryimage\"},\"thumbnailUrl\":\"https:\/\/hammamarab.com\/wp-content\/uploads\/2023\/02\/Hammam-Zineb-Tratamiento-de-pies.webp\",\"datePublished\":\"2023-02-18T13:07:54+00:00\",\"dateModified\":\"2024-03-27T09:40:05+00:00\",\"description\":\"Drenaje linf\u00e1tico (a medida)\",\"breadcrumb\":{\"@id\":\"https:\/\/hammamarab.com\/tienda\/drenaje-linfatico\/#breadcrumb\"},\"inLanguage\":\"en-GB\",\"potentialAction\":[{\"@type\":\"ReadAction\",\"target\":[\"https:\/\/hammamarab.com\/tienda\/drenaje-linfatico\/\"]}]},{\"@type\":\"ImageObject\",\"inLanguage\":\"en-GB\",\"@id\":\"https:\/\/hammamarab.com\/tienda\/drenaje-linfatico\/#primaryimage\",\"url\":\"https:\/\/hammamarab.com\/wp-content\/uploads\/2023\/02\/Hammam-Zineb-Tratamiento-de-pies.webp\",\"contentUrl\":\"https:\/\/hammamarab.com\/wp-content\/uploads\/2023\/02\/Hammam-Zineb-Tratamiento-de-pies.webp\",\"width\":800,\"height\":800},{\"@type\":\"BreadcrumbList\",\"@id\":\"https:\/\/hammamarab.com\/tienda\/drenaje-linfatico\/#breadcrumb\",\"itemListElement\":[{\"@type\":\"ListItem\",\"position\":1,\"name\":\"Inicio\",\"item\":\"https:\/\/hammamarab.com\/\"},{\"@type\":\"ListItem\",\"position\":2,\"name\":\"Tienda\",\"item\":\"https:\/\/hammamarab.com\/tienda\/\"},{\"@type\":\"ListItem\",\"position\":3,\"name\":\"Drenaje linf\u00e1tico (a medida)\"}]},{\"@type\":\"WebSite\",\"@id\":\"https:\/\/hammamarab.com\/#website\",\"url\":\"https:\/\/hammamarab.com\/\",\"name\":\"Hammam Zineb\",\"description\":\"Ba\u00f1o \u00e1rabe y centro de est\u00e9tica\",\"publisher\":{\"@id\":\"https:\/\/hammamarab.com\/#organization\"},\"potentialAction\":[{\"@type\":\"SearchAction\",\"target\":{\"@type\":\"EntryPoint\",\"urlTemplate\":\"https:\/\/hammamarab.com\/?s={search_term_string}\"},\"query-input\":{\"@type\":\"PropertyValueSpecification\",\"valueRequired\":true,\"valueName\":\"search_term_string\"}}],\"inLanguage\":\"en-GB\"},{\"@type\":\"Organization\",\"@id\":\"https:\/\/hammamarab.com\/#organization\",\"name\":\"Hammam Zineb\",\"url\":\"https:\/\/hammamarab.com\/\",\"logo\":{\"@type\":\"ImageObject\",\"inLanguage\":\"en-GB\",\"@id\":\"https:\/\/hammamarab.com\/#\/schema\/logo\/image\/\",\"url\":\"http:\/\/hammamarab.com\/wp-content\/uploads\/2022\/01\/Hammam-Zineb_Logo-Dark.svg\",\"contentUrl\":\"http:\/\/hammamarab.com\/wp-content\/uploads\/2022\/01\/Hammam-Zineb_Logo-Dark.svg\",\"width\":202,\"height\":202,\"caption\":\"Hammam Zineb\"},\"image\":{\"@id\":\"https:\/\/hammamarab.com\/#\/schema\/logo\/image\/\"},\"sameAs\":[\"https:\/\/www.facebook.com\/bano.marroqui.10\",\"https:\/\/www.instagram.com\/hammamycentroesteticazineb\/\"]}]}<\/script>\n<!-- \/ Yoast SEO plugin. -->","yoast_head_json":{"title":"Drenaje linf\u00e1tico (a medida) &#8226; Hammam Zineb","description":"Drenaje linf\u00e1tico (a medida)","robots":{"index":"index","follow":"follow","max-snippet":"max-snippet:-1","max-image-preview":"max-image-preview:large","max-video-preview":"max-video-preview:-1"},"canonical":"https:\/\/hammamarab.com\/en\/tienda\/drenaje-linfatico\/","og_locale":"en_GB","og_type":"article","og_title":"Drenaje linf\u00e1tico (a medida) &#8226; Hammam Zineb","og_description":"Drenaje linf\u00e1tico (a medida)","og_url":"https:\/\/hammamarab.com\/en\/tienda\/drenaje-linfatico\/","og_site_name":"Hammam Zineb","article_publisher":"https:\/\/www.facebook.com\/bano.marroqui.10","article_modified_time":"2024-03-27T09:40:05+00:00","og_image":[{"width":800,"height":800,"url":"https:\/\/hammamarab.com\/wp-content\/uploads\/2023\/02\/Hammam-Zineb-Tratamiento-de-pies.webp","type":"image\/webp"}],"twitter_card":"summary_large_image","schema":{"@context":"https:\/\/schema.org","@graph":[{"@type":"WebPage","@id":"https:\/\/hammamarab.com\/tienda\/drenaje-linfatico\/","url":"https:\/\/hammamarab.com\/tienda\/drenaje-linfatico\/","name":"Drenaje linf\u00e1tico (a medida) &#8226; Hammam Zineb","isPartOf":{"@id":"https:\/\/hammamarab.com\/#website"},"primaryImageOfPage":{"@id":"https:\/\/hammamarab.com\/tienda\/drenaje-linfatico\/#primaryimage"},"image":{"@id":"https:\/\/hammamarab.com\/tienda\/drenaje-linfatico\/#primaryimage"},"thumbnailUrl":"https:\/\/hammamarab.com\/wp-content\/uploads\/2023\/02\/Hammam-Zineb-Tratamiento-de-pies.webp","datePublished":"2023-02-18T13:07:54+00:00","dateModified":"2024-03-27T09:40:05+00:00","description":"Drenaje linf\u00e1tico (a medida)","breadcrumb":{"@id":"https:\/\/hammamarab.com\/tienda\/drenaje-linfatico\/#breadcrumb"},"inLanguage":"en-GB","potentialAction":[{"@type":"ReadAction","target":["https:\/\/hammamarab.com\/tienda\/drenaje-linfatico\/"]}]},{"@type":"ImageObject","inLanguage":"en-GB","@id":"https:\/\/hammamarab.com\/tienda\/drenaje-linfatico\/#primaryimage","url":"https:\/\/hammamarab.com\/wp-content\/uploads\/2023\/02\/Hammam-Zineb-Tratamiento-de-pies.webp","contentUrl":"https:\/\/hammamarab.com\/wp-content\/uploads\/2023\/02\/Hammam-Zineb-Tratamiento-de-pies.webp","width":800,"height":800},{"@type":"BreadcrumbList","@id":"https:\/\/hammamarab.com\/tienda\/drenaje-linfatico\/#breadcrumb","itemListElement":[{"@type":"ListItem","position":1,"name":"Inicio","item":"https:\/\/hammamarab.com\/"},{"@type":"ListItem","position":2,"name":"Tienda","item":"https:\/\/hammamarab.com\/tienda\/"},{"@type":"ListItem","position":3,"name":"Drenaje linf\u00e1tico (a medida)"}]},{"@type":"WebSite","@id":"https:\/\/hammamarab.com\/#website","url":"https:\/\/hammamarab.com\/","name":"Hammam Zineb","description":"Ba\u00f1o \u00e1rabe y centro de est\u00e9tica","publisher":{"@id":"https:\/\/hammamarab.com\/#organization"},"potentialAction":[{"@type":"SearchAction","target":{"@type":"EntryPoint","urlTemplate":"https:\/\/hammamarab.com\/?s={search_term_string}"},"query-input":{"@type":"PropertyValueSpecification","valueRequired":true,"valueName":"search_term_string"}}],"inLanguage":"en-GB"},{"@type":"Organization","@id":"https:\/\/hammamarab.com\/#organization","name":"Hammam Zineb","url":"https:\/\/hammamarab.com\/","logo":{"@type":"ImageObject","inLanguage":"en-GB","@id":"https:\/\/hammamarab.com\/#\/schema\/logo\/image\/","url":"http:\/\/hammamarab.com\/wp-content\/uploads\/2022\/01\/Hammam-Zineb_Logo-Dark.svg","contentUrl":"http:\/\/hammamarab.com\/wp-content\/uploads\/2022\/01\/Hammam-Zineb_Logo-Dark.svg","width":202,"height":202,"caption":"Hammam Zineb"},"image":{"@id":"https:\/\/hammamarab.com\/#\/schema\/logo\/image\/"},"sameAs":["https:\/\/www.facebook.com\/bano.marroqui.10","https:\/\/www.instagram.com\/hammamycentroesteticazineb\/"]}]}},"_links":{"self":[{"href":"https:\/\/hammamarab.com\/en\/wp-json\/wp\/v2\/product\/2306","targetHints":{"allow":["GET"]}}],"collection":[{"href":"https:\/\/hammamarab.com\/en\/wp-json\/wp\/v2\/product"}],"about":[{"href":"https:\/\/hammamarab.com\/en\/wp-json\/wp\/v2\/types\/product"}],"version-history":[{"count":2,"href":"https:\/\/hammamarab.com\/en\/wp-json\/wp\/v2\/product\/2306\/revisions"}],"predecessor-version":[{"id":2765,"href":"https:\/\/hammamarab.com\/en\/wp-json\/wp\/v2\/product\/2306\/revisions\/2765"}],"wp:featuredmedia":[{"embeddable":true,"href":"https:\/\/hammamarab.com\/en\/wp-json\/wp\/v2\/media\/2464"}],"wp:attachment":[{"href":"https:\/\/hammamarab.com\/en\/wp-json\/wp\/v2\/media?parent=2306"}],"wp:term":[{"taxonomy":"product_brand","embeddable":true,"href":"https:\/\/hammamarab.com\/en\/wp-json\/wp\/v2\/product_brand?post=2306"},{"taxonomy":"product_cat","embeddable":true,"href":"https:\/\/hammamarab.com\/en\/wp-json\/wp\/v2\/product_cat?post=2306"},{"taxonomy":"product_tag","embeddable":true,"href":"https:\/\/hammamarab.com\/en\/wp-json\/wp\/v2\/product_tag?post=2306"}],"curies":[{"name":"wp","href":"https:\/\/api.w.org\/{rel}","templated":true}]}}