{"id":2544,"date":"2023-07-12T10:15:06","date_gmt":"2023-07-12T08:15:06","guid":{"rendered":"http:\/\/hammamarab.com\/?post_type=product&#038;p=2544"},"modified":"2025-01-07T17:40:26","modified_gmt":"2025-01-07T16:40:26","slug":"tratamiento-facial-mimetic-skin-alta-cosmetica","status":"publish","type":"product","link":"https:\/\/hammamarab.com\/en\/tienda\/tratamiento-facial-mimetic-skin-alta-cosmetica\/","title":{"rendered":"mimeTic Skin high cosmetic facial treatment"},"content":{"rendered":"<p>Treatment Includes:<\/p>\n<ul>\n<li>Face waxing.<\/li>\n<li>Sanitizing emulsion.<\/li>\n<li>Balancing tonic.<\/li>\n<li>Intensive peeling with acids.<\/li>\n<li>Isotonic Kirator.<\/li>\n<li>Extraction of blackheads.<\/li>\n<li>Acid cocktail with kGF gel.<\/li>\n<li>Ozone mask.<\/li>\n<li>Firming or stem cells (depending on skin type)<\/li>\n<li>LED light mask<\/li>\n<\/ul>\n<p>[alert type=\u201dsuccess\u201d heading=\u201dOnly in the center of Vinar\u00f2s \u2014 Online reservation not available\u201d]Call us or send us a message on Whatsapp to make your reservation. +34 622 362 702 | +34 622 347 599[\/alert]<\/p>","protected":false},"excerpt":{"rendered":"<p style=\"color: red;\">The voucher has an expiration of 3 months from the purchase.<\/p>","protected":false},"featured_media":2665,"template":"","meta":[],"product_brand":[],"product_cat":[25,29],"product_tag":[],"class_list":{"0":"post-2544","1":"product","2":"type-product","3":"status-publish","4":"has-post-thumbnail","6":"product_cat-estetica-y-bienestar","7":"product_cat-tratamientos-faciales","9":"first","10":"instock","11":"featured","12":"virtual","13":"taxable","14":"purchasable","15":"product-type-simple"},"etheme_brands":{"errors":{"invalid_taxonomy":["Invalid taxonomy."]},"error_data":[]},"yoast_head":"<!-- This site is optimized with the Yoast SEO plugin v25.0 - https:\/\/yoast.com\/wordpress\/plugins\/seo\/ -->\n<title>Tratamiento facial mimeTic Skin alta cosm\u00e9tica &#8226; Hammam Zineb<\/title>\n<meta name=\"description\" content=\"Tratamiento facial mimeTic Skin alta cosm\u00e9tica\" \/>\n<meta name=\"robots\" content=\"index, follow, max-snippet:-1, max-image-preview:large, max-video-preview:-1\" \/>\n<link rel=\"canonical\" href=\"https:\/\/hammamarab.com\/en\/tienda\/tratamiento-facial-mimetic-skin-alta-cosmetica\/\" \/>\n<meta property=\"og:locale\" content=\"en_GB\" \/>\n<meta property=\"og:type\" content=\"article\" \/>\n<meta property=\"og:title\" content=\"Tratamiento facial mimeTic Skin alta cosm\u00e9tica &#8226; Hammam Zineb\" \/>\n<meta property=\"og:description\" content=\"Tratamiento facial mimeTic Skin alta cosm\u00e9tica\" \/>\n<meta property=\"og:url\" content=\"https:\/\/hammamarab.com\/en\/tienda\/tratamiento-facial-mimetic-skin-alta-cosmetica\/\" \/>\n<meta property=\"og:site_name\" content=\"Hammam Zineb\" \/>\n<meta property=\"article:publisher\" content=\"https:\/\/www.facebook.com\/bano.marroqui.10\" \/>\n<meta property=\"article:modified_time\" content=\"2025-01-07T16:40:26+00:00\" \/>\n<meta property=\"og:image\" content=\"https:\/\/hammamarab.com\/wp-content\/uploads\/2024\/01\/Hammam-Zineb_Sala-Hammam.webp\" \/>\n\t<meta property=\"og:image:width\" content=\"1920\" \/>\n\t<meta property=\"og:image:height\" content=\"1281\" \/>\n\t<meta property=\"og:image:type\" content=\"image\/webp\" \/>\n<meta name=\"twitter:card\" content=\"summary_large_image\" \/>\n<script type=\"application\/ld+json\" class=\"yoast-schema-graph\">{\"@context\":\"https:\/\/schema.org\",\"@graph\":[{\"@type\":\"WebPage\",\"@id\":\"https:\/\/hammamarab.com\/tienda\/tratamiento-facial-mimetic-skin-alta-cosmetica\/\",\"url\":\"https:\/\/hammamarab.com\/tienda\/tratamiento-facial-mimetic-skin-alta-cosmetica\/\",\"name\":\"Tratamiento facial mimeTic Skin alta cosm\u00e9tica &#8226; Hammam Zineb\",\"isPartOf\":{\"@id\":\"https:\/\/hammamarab.com\/#website\"},\"primaryImageOfPage\":{\"@id\":\"https:\/\/hammamarab.com\/tienda\/tratamiento-facial-mimetic-skin-alta-cosmetica\/#primaryimage\"},\"image\":{\"@id\":\"https:\/\/hammamarab.com\/tienda\/tratamiento-facial-mimetic-skin-alta-cosmetica\/#primaryimage\"},\"thumbnailUrl\":\"https:\/\/hammamarab.com\/wp-content\/uploads\/2024\/01\/Hammam-Zineb_Sala-Hammam.webp\",\"datePublished\":\"2023-07-12T08:15:06+00:00\",\"dateModified\":\"2025-01-07T16:40:26+00:00\",\"description\":\"Tratamiento facial mimeTic Skin alta cosm\u00e9tica\",\"breadcrumb\":{\"@id\":\"https:\/\/hammamarab.com\/tienda\/tratamiento-facial-mimetic-skin-alta-cosmetica\/#breadcrumb\"},\"inLanguage\":\"en-GB\",\"potentialAction\":[{\"@type\":\"ReadAction\",\"target\":[\"https:\/\/hammamarab.com\/tienda\/tratamiento-facial-mimetic-skin-alta-cosmetica\/\"]}]},{\"@type\":\"ImageObject\",\"inLanguage\":\"en-GB\",\"@id\":\"https:\/\/hammamarab.com\/tienda\/tratamiento-facial-mimetic-skin-alta-cosmetica\/#primaryimage\",\"url\":\"https:\/\/hammamarab.com\/wp-content\/uploads\/2024\/01\/Hammam-Zineb_Sala-Hammam.webp\",\"contentUrl\":\"https:\/\/hammamarab.com\/wp-content\/uploads\/2024\/01\/Hammam-Zineb_Sala-Hammam.webp\",\"width\":1920,\"height\":1281},{\"@type\":\"BreadcrumbList\",\"@id\":\"https:\/\/hammamarab.com\/tienda\/tratamiento-facial-mimetic-skin-alta-cosmetica\/#breadcrumb\",\"itemListElement\":[{\"@type\":\"ListItem\",\"position\":1,\"name\":\"Inicio\",\"item\":\"https:\/\/hammamarab.com\/\"},{\"@type\":\"ListItem\",\"position\":2,\"name\":\"Tienda\",\"item\":\"https:\/\/hammamarab.com\/tienda\/\"},{\"@type\":\"ListItem\",\"position\":3,\"name\":\"Tratamiento facial mimeTic Skin alta cosm\u00e9tica\"}]},{\"@type\":\"WebSite\",\"@id\":\"https:\/\/hammamarab.com\/#website\",\"url\":\"https:\/\/hammamarab.com\/\",\"name\":\"Hammam Zineb\",\"description\":\"Ba\u00f1o \u00e1rabe y centro de est\u00e9tica\",\"publisher\":{\"@id\":\"https:\/\/hammamarab.com\/#organization\"},\"potentialAction\":[{\"@type\":\"SearchAction\",\"target\":{\"@type\":\"EntryPoint\",\"urlTemplate\":\"https:\/\/hammamarab.com\/?s={search_term_string}\"},\"query-input\":{\"@type\":\"PropertyValueSpecification\",\"valueRequired\":true,\"valueName\":\"search_term_string\"}}],\"inLanguage\":\"en-GB\"},{\"@type\":\"Organization\",\"@id\":\"https:\/\/hammamarab.com\/#organization\",\"name\":\"Hammam Zineb\",\"url\":\"https:\/\/hammamarab.com\/\",\"logo\":{\"@type\":\"ImageObject\",\"inLanguage\":\"en-GB\",\"@id\":\"https:\/\/hammamarab.com\/#\/schema\/logo\/image\/\",\"url\":\"http:\/\/hammamarab.com\/wp-content\/uploads\/2022\/01\/Hammam-Zineb_Logo-Dark.svg\",\"contentUrl\":\"http:\/\/hammamarab.com\/wp-content\/uploads\/2022\/01\/Hammam-Zineb_Logo-Dark.svg\",\"width\":202,\"height\":202,\"caption\":\"Hammam Zineb\"},\"image\":{\"@id\":\"https:\/\/hammamarab.com\/#\/schema\/logo\/image\/\"},\"sameAs\":[\"https:\/\/www.facebook.com\/bano.marroqui.10\",\"https:\/\/www.instagram.com\/hammamycentroesteticazineb\/\"]}]}<\/script>\n<!-- \/ Yoast SEO plugin. -->","yoast_head_json":{"title":"Tratamiento facial mimeTic Skin alta cosm\u00e9tica &#8226; Hammam Zineb","description":"Tratamiento facial mimeTic Skin alta cosm\u00e9tica","robots":{"index":"index","follow":"follow","max-snippet":"max-snippet:-1","max-image-preview":"max-image-preview:large","max-video-preview":"max-video-preview:-1"},"canonical":"https:\/\/hammamarab.com\/en\/tienda\/tratamiento-facial-mimetic-skin-alta-cosmetica\/","og_locale":"en_GB","og_type":"article","og_title":"Tratamiento facial mimeTic Skin alta cosm\u00e9tica &#8226; Hammam Zineb","og_description":"Tratamiento facial mimeTic Skin alta cosm\u00e9tica","og_url":"https:\/\/hammamarab.com\/en\/tienda\/tratamiento-facial-mimetic-skin-alta-cosmetica\/","og_site_name":"Hammam Zineb","article_publisher":"https:\/\/www.facebook.com\/bano.marroqui.10","article_modified_time":"2025-01-07T16:40:26+00:00","og_image":[{"width":1920,"height":1281,"url":"https:\/\/hammamarab.com\/wp-content\/uploads\/2024\/01\/Hammam-Zineb_Sala-Hammam.webp","type":"image\/webp"}],"twitter_card":"summary_large_image","schema":{"@context":"https:\/\/schema.org","@graph":[{"@type":"WebPage","@id":"https:\/\/hammamarab.com\/tienda\/tratamiento-facial-mimetic-skin-alta-cosmetica\/","url":"https:\/\/hammamarab.com\/tienda\/tratamiento-facial-mimetic-skin-alta-cosmetica\/","name":"Tratamiento facial mimeTic Skin alta cosm\u00e9tica &#8226; Hammam Zineb","isPartOf":{"@id":"https:\/\/hammamarab.com\/#website"},"primaryImageOfPage":{"@id":"https:\/\/hammamarab.com\/tienda\/tratamiento-facial-mimetic-skin-alta-cosmetica\/#primaryimage"},"image":{"@id":"https:\/\/hammamarab.com\/tienda\/tratamiento-facial-mimetic-skin-alta-cosmetica\/#primaryimage"},"thumbnailUrl":"https:\/\/hammamarab.com\/wp-content\/uploads\/2024\/01\/Hammam-Zineb_Sala-Hammam.webp","datePublished":"2023-07-12T08:15:06+00:00","dateModified":"2025-01-07T16:40:26+00:00","description":"Tratamiento facial mimeTic Skin alta cosm\u00e9tica","breadcrumb":{"@id":"https:\/\/hammamarab.com\/tienda\/tratamiento-facial-mimetic-skin-alta-cosmetica\/#breadcrumb"},"inLanguage":"en-GB","potentialAction":[{"@type":"ReadAction","target":["https:\/\/hammamarab.com\/tienda\/tratamiento-facial-mimetic-skin-alta-cosmetica\/"]}]},{"@type":"ImageObject","inLanguage":"en-GB","@id":"https:\/\/hammamarab.com\/tienda\/tratamiento-facial-mimetic-skin-alta-cosmetica\/#primaryimage","url":"https:\/\/hammamarab.com\/wp-content\/uploads\/2024\/01\/Hammam-Zineb_Sala-Hammam.webp","contentUrl":"https:\/\/hammamarab.com\/wp-content\/uploads\/2024\/01\/Hammam-Zineb_Sala-Hammam.webp","width":1920,"height":1281},{"@type":"BreadcrumbList","@id":"https:\/\/hammamarab.com\/tienda\/tratamiento-facial-mimetic-skin-alta-cosmetica\/#breadcrumb","itemListElement":[{"@type":"ListItem","position":1,"name":"Inicio","item":"https:\/\/hammamarab.com\/"},{"@type":"ListItem","position":2,"name":"Tienda","item":"https:\/\/hammamarab.com\/tienda\/"},{"@type":"ListItem","position":3,"name":"Tratamiento facial mimeTic Skin alta cosm\u00e9tica"}]},{"@type":"WebSite","@id":"https:\/\/hammamarab.com\/#website","url":"https:\/\/hammamarab.com\/","name":"Hammam Zineb","description":"Ba\u00f1o \u00e1rabe y centro de est\u00e9tica","publisher":{"@id":"https:\/\/hammamarab.com\/#organization"},"potentialAction":[{"@type":"SearchAction","target":{"@type":"EntryPoint","urlTemplate":"https:\/\/hammamarab.com\/?s={search_term_string}"},"query-input":{"@type":"PropertyValueSpecification","valueRequired":true,"valueName":"search_term_string"}}],"inLanguage":"en-GB"},{"@type":"Organization","@id":"https:\/\/hammamarab.com\/#organization","name":"Hammam Zineb","url":"https:\/\/hammamarab.com\/","logo":{"@type":"ImageObject","inLanguage":"en-GB","@id":"https:\/\/hammamarab.com\/#\/schema\/logo\/image\/","url":"http:\/\/hammamarab.com\/wp-content\/uploads\/2022\/01\/Hammam-Zineb_Logo-Dark.svg","contentUrl":"http:\/\/hammamarab.com\/wp-content\/uploads\/2022\/01\/Hammam-Zineb_Logo-Dark.svg","width":202,"height":202,"caption":"Hammam Zineb"},"image":{"@id":"https:\/\/hammamarab.com\/#\/schema\/logo\/image\/"},"sameAs":["https:\/\/www.facebook.com\/bano.marroqui.10","https:\/\/www.instagram.com\/hammamycentroesteticazineb\/"]}]}},"_links":{"self":[{"href":"https:\/\/hammamarab.com\/en\/wp-json\/wp\/v2\/product\/2544","targetHints":{"allow":["GET"]}}],"collection":[{"href":"https:\/\/hammamarab.com\/en\/wp-json\/wp\/v2\/product"}],"about":[{"href":"https:\/\/hammamarab.com\/en\/wp-json\/wp\/v2\/types\/product"}],"version-history":[{"count":5,"href":"https:\/\/hammamarab.com\/en\/wp-json\/wp\/v2\/product\/2544\/revisions"}],"predecessor-version":[{"id":2890,"href":"https:\/\/hammamarab.com\/en\/wp-json\/wp\/v2\/product\/2544\/revisions\/2890"}],"wp:featuredmedia":[{"embeddable":true,"href":"https:\/\/hammamarab.com\/en\/wp-json\/wp\/v2\/media\/2665"}],"wp:attachment":[{"href":"https:\/\/hammamarab.com\/en\/wp-json\/wp\/v2\/media?parent=2544"}],"wp:term":[{"taxonomy":"product_brand","embeddable":true,"href":"https:\/\/hammamarab.com\/en\/wp-json\/wp\/v2\/product_brand?post=2544"},{"taxonomy":"product_cat","embeddable":true,"href":"https:\/\/hammamarab.com\/en\/wp-json\/wp\/v2\/product_cat?post=2544"},{"taxonomy":"product_tag","embeddable":true,"href":"https:\/\/hammamarab.com\/en\/wp-json\/wp\/v2\/product_tag?post=2544"}],"curies":[{"name":"wp","href":"https:\/\/api.w.org\/{rel}","templated":true}]}}